

{"id":9390,"date":"2021-03-23T09:38:49","date_gmt":"2021-03-23T08:38:49","guid":{"rendered":"https:\/\/www.fiorentini.com\/azienda\/accessibility\/"},"modified":"2022-05-12T12:23:39","modified_gmt":"2022-05-12T10:23:39","slug":"accessibilita","status":"publish","type":"page","link":"https:\/\/www.fiorentini.com\/it\/chi-siamo\/accessibilita\/","title":{"rendered":"Accessibilit\u00e0"},"content":{"rendered":"\n<p><strong>Il web per tutti. Per davvero.<\/strong><\/p>\n\n\n\n<p>Per molti, rendere un sito accessibile significa semplicemente consentire l\u2019accesso ai suoi contenuti, indipendentemente dagli strumenti informatici utilizzati dagli utenti (browser, sistemi operativi, device).<\/p>\n\n\n\n<p>Per noi di Pietro Fiorentini, l\u2019aspetto pi\u00f9 importante \u00e8 permettere l\u2019accesso alle informazioni anche a coloro che a causa di <strong>disabilit\u00e0<\/strong> (visive, uditive, motorie o cognitive) necessitano di <strong>tecnologie assistive<\/strong> o <strong>configurazioni particolari<\/strong>.<\/p>\n\n\n\n<p>Consentire l&#8217;utilizzo dei siti web anche alle persone con maggiori difficolt\u00e0 \u00e8 un passo fondamentale per il rispetto di tutti gli utenti del web. Questo significa studiare e implementare una serie di accorgimenti dal punto di vista sia tecnico sia della struttura dei contenuti.<\/p>\n\n\n\n<p>Il principale riferimento per questa tematica \u00e8 la <strong>Web Accessibility Initiative<\/strong> (<a href=\"https:\/\/www.w3.org\/WAI\/\" target=\"_blank\" rel=\"noreferrer noopener\">WAI<\/a>) promossa dal W3C, il consorzio mondiale che detta norme e suggerimenti per la pubblicazione dei siti internet attraverso l\u2019emissione periodica delle <strong>WCAG<\/strong>, <em>Web<\/em> <em>Content<\/em> <em>Accessibility<\/em> <em>Guidelines. <\/em>Seguite anche dalle normative europee e italiane, si tratta di linee guida che stabiliscono una serie di raccomandazioni per l\u2019accessibilit\u00e0 dei progetti web alle persone con deficit e disabilit\u00e0.<\/p>\n\n\n\n<p>Con l\u2019obiettivo di dare a tutti le stesse possibilit\u00e0 di navigare tra i nostri contenuti, per la realizzazione di questo sito abbiamo preso come riferimento proprio le WCAG. Ricorrendo ad analisi specifiche svolte a campione tramite strumenti automatici e approfonditi esami manuali, una societ\u00e0 di consulenza esterna specializzata in materia ha valutato e certificato la<strong> conformit\u00e0 del nuovo sito fiorentini.com con le linee guida livello AA<\/strong> <strong>delle WCAG 2.1<\/strong><\/p>\n\n\n\n<p>Aderire a queste linee guida \u00e8 una responsabilit\u00e0 che la legge italiana richiede solo alle Pubbliche Amministrazioni. Noi di Pietro Fiorentini lo consideriamo un adempimento necessario per tutti. Perch\u00e9 se vogliamo rendere il web un sistema davvero accessibile, ogni azienda ha il dovere di fare propria parte. Per davvero.<\/p>\n","protected":false},"excerpt":{"rendered":"<p>Il web per tutti. Per davvero. Per molti, rendere un sito accessibile significa semplicemente consentire l\u2019accesso ai suoi contenuti, indipendentemente dagli strumenti informatici utilizzati dagli utenti (browser, sistemi operativi, device). Per noi di Pietro Fiorentini, l\u2019aspetto pi\u00f9 importante \u00e8 permettere l\u2019accesso alle informazioni anche a coloro che a causa di disabilit\u00e0 (visive, uditive, motorie o [&hellip;]<\/p>\n","protected":false},"author":12,"featured_media":11466,"parent":9310,"menu_order":8,"comment_status":"closed","ping_status":"closed","template":"template-accessibilita.php","meta":{"_acf_changed":false,"footnotes":""},"class_list":["post-9390","page","type-page","status-publish","has-post-thumbnail","hentry"],"acf":[],"yoast_head":"<!-- This site is optimized with the Yoast SEO plugin v27.2 - https:\/\/yoast.com\/product\/yoast-seo-wordpress\/ -->\n<title>Accessibilit\u00e0: il web per tutti - Pietro Fiorentini<\/title>\n<meta name=\"description\" content=\"Per noi di Pietro Fiorentini, l\u2019aspetto pi\u00f9 importante dell&#039;accessibilit\u00e0 \u00e8 permettere l\u2019accesso alle informazioni a tutti, senza distinzioni\" \/>\n<meta name=\"robots\" content=\"index, follow, max-snippet:-1, max-image-preview:large, max-video-preview:-1\" \/>\n<link rel=\"canonical\" href=\"https:\/\/www.fiorentini.com\/it\/chi-siamo\/accessibilita\/\" \/>\n<meta property=\"og:locale\" content=\"it_IT\" \/>\n<meta property=\"og:type\" content=\"article\" \/>\n<meta property=\"og:title\" content=\"Accessibilit\u00e0: il web per tutti | Pietro Fiorentini\" \/>\n<meta property=\"og:description\" content=\"Per noi di Pietro Fiorentini, l\u2019aspetto pi\u00f9 importante dell&#039;accessibilit\u00e0 \u00e8 permettere l\u2019accesso alle informazioni a tutti, senza distinzioni\" \/>\n<meta property=\"og:url\" content=\"https:\/\/www.fiorentini.com\/it\/chi-siamo\/accessibilita\/\" \/>\n<meta property=\"og:site_name\" content=\"Pietro Fiorentini\" \/>\n<meta property=\"article:modified_time\" content=\"2022-05-12T10:23:39+00:00\" \/>\n<meta property=\"og:image\" content=\"https:\/\/www.fiorentini.com\/wp-content\/uploads\/2021\/04\/bg-company-1.jpg\" \/>\n\t<meta property=\"og:image:width\" content=\"1920\" \/>\n\t<meta property=\"og:image:height\" content=\"1080\" \/>\n\t<meta property=\"og:image:type\" content=\"image\/jpeg\" \/>\n<meta name=\"twitter:card\" content=\"summary_large_image\" \/>\n<meta name=\"twitter:title\" content=\"Accessibilit\u00e0: il web per tutti | Pietro Fiorentini\" \/>\n<meta name=\"twitter:description\" content=\"Per noi di Pietro Fiorentini, l\u2019aspetto pi\u00f9 importante dell&#039;accessibilit\u00e0 \u00e8 permettere l\u2019accesso alle informazioni a tutti, senza distinzioni\" \/>\n<meta name=\"twitter:image\" content=\"https:\/\/www.fiorentini.com\/wp-content\/uploads\/2021\/04\/bg-company-1.jpg\" \/>\n<meta name=\"twitter:label1\" content=\"Tempo di lettura stimato\" \/>\n\t<meta name=\"twitter:data1\" content=\"2 minuti\" \/>\n<script type=\"application\/ld+json\" class=\"yoast-schema-graph\">{\"@context\":\"https:\/\/schema.org\",\"@graph\":[{\"@type\":\"WebPage\",\"@id\":\"https:\/\/www.fiorentini.com\/it\/chi-siamo\/accessibilita\/\",\"url\":\"https:\/\/www.fiorentini.com\/it\/chi-siamo\/accessibilita\/\",\"name\":\"Accessibilit\u00e0: il web per tutti - Pietro Fiorentini\",\"isPartOf\":{\"@id\":\"https:\/\/\/\/www.fiorentini.com\/it\/www.fiorentini.com\/it\/www.fiorentini.com\/it\/en\/#website\"},\"primaryImageOfPage\":{\"@id\":\"https:\/\/www.fiorentini.com\/it\/chi-siamo\/accessibilita\/#primaryimage\"},\"image\":{\"@id\":\"https:\/\/www.fiorentini.com\/it\/chi-siamo\/accessibilita\/#primaryimage\"},\"thumbnailUrl\":\"https:\/\/www.fiorentini.com\/wp-content\/uploads\/2021\/04\/01_accessibility.jpeg\",\"datePublished\":\"2021-03-23T08:38:49+00:00\",\"dateModified\":\"2022-05-12T10:23:39+00:00\",\"description\":\"Per noi di Pietro Fiorentini, l\u2019aspetto pi\u00f9 importante dell'accessibilit\u00e0 \u00e8 permettere l\u2019accesso alle informazioni a tutti, senza distinzioni\",\"breadcrumb\":{\"@id\":\"https:\/\/www.fiorentini.com\/it\/chi-siamo\/accessibilita\/#breadcrumb\"},\"inLanguage\":\"it-IT\",\"potentialAction\":[{\"@type\":\"ReadAction\",\"target\":[\"https:\/\/www.fiorentini.com\/it\/chi-siamo\/accessibilita\/\"]}]},{\"@type\":\"ImageObject\",\"inLanguage\":\"it-IT\",\"@id\":\"https:\/\/www.fiorentini.com\/it\/chi-siamo\/accessibilita\/#primaryimage\",\"url\":\"https:\/\/www.fiorentini.com\/wp-content\/uploads\/2021\/04\/01_accessibility.jpeg\",\"contentUrl\":\"https:\/\/www.fiorentini.com\/wp-content\/uploads\/2021\/04\/01_accessibility.jpeg\",\"width\":1920,\"height\":288},{\"@type\":\"BreadcrumbList\",\"@id\":\"https:\/\/www.fiorentini.com\/it\/chi-siamo\/accessibilita\/#breadcrumb\",\"itemListElement\":[{\"@type\":\"ListItem\",\"position\":1,\"name\":\"Home\",\"item\":\"https:\/\/www.fiorentini.com\/it\/\"},{\"@type\":\"ListItem\",\"position\":2,\"name\":\"Chi siamo\",\"item\":\"https:\/\/www.fiorentini.com\/it\/chi-siamo\/\"},{\"@type\":\"ListItem\",\"position\":3,\"name\":\"Accessibilit\u00e0\"}]},{\"@type\":\"WebSite\",\"@id\":\"https:\/\/\/\/www.fiorentini.com\/it\/www.fiorentini.com\/it\/www.fiorentini.com\/it\/en\/#website\",\"url\":\"https:\/\/\/\/www.fiorentini.com\/it\/www.fiorentini.com\/it\/www.fiorentini.com\/it\/en\/\",\"name\":\"Pietro Fiorentini\",\"description\":\"\",\"publisher\":{\"@id\":\"https:\/\/\/\/www.fiorentini.com\/it\/www.fiorentini.com\/it\/www.fiorentini.com\/it\/en\/#organization\"},\"potentialAction\":[{\"@type\":\"SearchAction\",\"target\":{\"@type\":\"EntryPoint\",\"urlTemplate\":\"https:\/\/\/\/www.fiorentini.com\/it\/www.fiorentini.com\/it\/www.fiorentini.com\/it\/en\/?s={search_term_string}\"},\"query-input\":{\"@type\":\"PropertyValueSpecification\",\"valueRequired\":true,\"valueName\":\"search_term_string\"}}],\"inLanguage\":\"it-IT\"},{\"@type\":\"Organization\",\"@id\":\"https:\/\/\/\/www.fiorentini.com\/it\/www.fiorentini.com\/it\/www.fiorentini.com\/it\/en\/#organization\",\"name\":\"Pietro Fiorentini\",\"url\":\"https:\/\/\/\/www.fiorentini.com\/it\/www.fiorentini.com\/it\/www.fiorentini.com\/it\/en\/\",\"logo\":{\"@type\":\"ImageObject\",\"inLanguage\":\"it-IT\",\"@id\":\"https:\/\/\/\/www.fiorentini.com\/it\/www.fiorentini.com\/it\/www.fiorentini.com\/it\/en\/#\/schema\/logo\/image\/\",\"url\":\"https:\/\/www.fiorentini.com\/wp-content\/uploads\/2020\/11\/logo.svg\",\"contentUrl\":\"https:\/\/www.fiorentini.com\/wp-content\/uploads\/2020\/11\/logo.svg\",\"width\":227,\"height\":59,\"caption\":\"Pietro Fiorentini\"},\"image\":{\"@id\":\"https:\/\/\/\/www.fiorentini.com\/it\/www.fiorentini.com\/it\/www.fiorentini.com\/it\/en\/#\/schema\/logo\/image\/\"}}]}<\/script>\n<!-- \/ Yoast SEO plugin. -->","yoast_head_json":{"title":"Accessibilit\u00e0: il web per tutti - Pietro Fiorentini","description":"Per noi di Pietro Fiorentini, l\u2019aspetto pi\u00f9 importante dell'accessibilit\u00e0 \u00e8 permettere l\u2019accesso alle informazioni a tutti, senza distinzioni","robots":{"index":"index","follow":"follow","max-snippet":"max-snippet:-1","max-image-preview":"max-image-preview:large","max-video-preview":"max-video-preview:-1"},"canonical":"https:\/\/www.fiorentini.com\/it\/chi-siamo\/accessibilita\/","og_locale":"it_IT","og_type":"article","og_title":"Accessibilit\u00e0: il web per tutti | Pietro Fiorentini","og_description":"Per noi di Pietro Fiorentini, l\u2019aspetto pi\u00f9 importante dell'accessibilit\u00e0 \u00e8 permettere l\u2019accesso alle informazioni a tutti, senza distinzioni","og_url":"https:\/\/www.fiorentini.com\/it\/chi-siamo\/accessibilita\/","og_site_name":"Pietro Fiorentini","article_modified_time":"2022-05-12T10:23:39+00:00","og_image":[{"width":1920,"height":1080,"url":"https:\/\/www.fiorentini.com\/wp-content\/uploads\/2021\/04\/bg-company-1.jpg","type":"image\/jpeg"}],"twitter_card":"summary_large_image","twitter_title":"Accessibilit\u00e0: il web per tutti | Pietro Fiorentini","twitter_description":"Per noi di Pietro Fiorentini, l\u2019aspetto pi\u00f9 importante dell'accessibilit\u00e0 \u00e8 permettere l\u2019accesso alle informazioni a tutti, senza distinzioni","twitter_image":"https:\/\/www.fiorentini.com\/wp-content\/uploads\/2021\/04\/bg-company-1.jpg","twitter_misc":{"Tempo di lettura stimato":"2 minuti"},"schema":{"@context":"https:\/\/schema.org","@graph":[{"@type":"WebPage","@id":"https:\/\/www.fiorentini.com\/it\/chi-siamo\/accessibilita\/","url":"https:\/\/www.fiorentini.com\/it\/chi-siamo\/accessibilita\/","name":"Accessibilit\u00e0: il web per tutti - Pietro Fiorentini","isPartOf":{"@id":"https:\/\/\/\/www.fiorentini.com\/it\/it\/www.fiorentini.com\/it\/it\/www.fiorentini.com\/it\/it\/en\/#website"},"primaryImageOfPage":{"@id":"https:\/\/www.fiorentini.com\/it\/chi-siamo\/accessibilita\/#primaryimage"},"image":{"@id":"https:\/\/www.fiorentini.com\/it\/chi-siamo\/accessibilita\/#primaryimage"},"thumbnailUrl":"https:\/\/www.fiorentini.com\/wp-content\/uploads\/2021\/04\/01_accessibility.jpeg","datePublished":"2021-03-23T08:38:49+00:00","dateModified":"2022-05-12T10:23:39+00:00","description":"Per noi di Pietro Fiorentini, l\u2019aspetto pi\u00f9 importante dell'accessibilit\u00e0 \u00e8 permettere l\u2019accesso alle informazioni a tutti, senza distinzioni","breadcrumb":{"@id":"https:\/\/www.fiorentini.com\/it\/chi-siamo\/accessibilita\/#breadcrumb"},"inLanguage":"it-IT","potentialAction":[{"@type":"ReadAction","target":["https:\/\/www.fiorentini.com\/it\/chi-siamo\/accessibilita\/"]}]},{"@type":"ImageObject","inLanguage":"it-IT","@id":"https:\/\/www.fiorentini.com\/it\/chi-siamo\/accessibilita\/#primaryimage","url":"https:\/\/www.fiorentini.com\/wp-content\/uploads\/2021\/04\/01_accessibility.jpeg","contentUrl":"https:\/\/www.fiorentini.com\/wp-content\/uploads\/2021\/04\/01_accessibility.jpeg","width":1920,"height":288},{"@type":"BreadcrumbList","@id":"https:\/\/www.fiorentini.com\/it\/chi-siamo\/accessibilita\/#breadcrumb","itemListElement":[{"@type":"ListItem","position":1,"name":"Home","item":"https:\/\/www.fiorentini.com\/it\/"},{"@type":"ListItem","position":2,"name":"Chi siamo","item":"https:\/\/www.fiorentini.com\/it\/chi-siamo\/"},{"@type":"ListItem","position":3,"name":"Accessibilit\u00e0"}]},{"@type":"WebSite","@id":"https:\/\/\/\/www.fiorentini.com\/it\/it\/www.fiorentini.com\/it\/it\/www.fiorentini.com\/it\/it\/en\/#website","url":"https:\/\/\/\/www.fiorentini.com\/it\/it\/www.fiorentini.com\/it\/it\/www.fiorentini.com\/it\/it\/en\/","name":"Pietro Fiorentini","description":"","publisher":{"@id":"https:\/\/\/\/www.fiorentini.com\/it\/www.fiorentini.com\/it\/www.fiorentini.com\/it\/en\/#organization"},"potentialAction":[{"@type":"SearchAction","target":{"@type":"EntryPoint","urlTemplate":"https:\/\/\/\/www.fiorentini.com\/it\/it\/www.fiorentini.com\/it\/it\/www.fiorentini.com\/it\/it\/en\/?s={search_term_string}"},"query-input":{"@type":"PropertyValueSpecification","valueRequired":true,"valueName":"search_term_string"}}],"inLanguage":"it-IT"},{"@type":"Organization","@id":"https:\/\/\/\/www.fiorentini.com\/it\/it\/www.fiorentini.com\/it\/it\/www.fiorentini.com\/it\/it\/en\/#organization","name":"Pietro Fiorentini","url":"https:\/\/\/\/www.fiorentini.com\/it\/it\/www.fiorentini.com\/it\/it\/www.fiorentini.com\/it\/it\/en\/","logo":{"@type":"ImageObject","inLanguage":"it-IT","@id":"https:\/\/\/\/www.fiorentini.com\/it\/it\/www.fiorentini.com\/it\/it\/www.fiorentini.com\/it\/it\/en\/#\/schema\/logo\/image\/","url":"https:\/\/www.fiorentini.com\/wp-content\/uploads\/2020\/11\/logo.svg","contentUrl":"https:\/\/www.fiorentini.com\/wp-content\/uploads\/2020\/11\/logo.svg","width":227,"height":59,"caption":"Pietro Fiorentini"},"image":{"@id":"https:\/\/\/\/www.fiorentini.com\/it\/it\/www.fiorentini.com\/it\/it\/www.fiorentini.com\/it\/it\/en\/#\/schema\/logo\/image\/"}}]}},"_links":{"self":[{"href":"https:\/\/www.fiorentini.com\/it\/wp-json\/wp\/v2\/pages\/9390","targetHints":{"allow":["GET"]}}],"collection":[{"href":"https:\/\/www.fiorentini.com\/it\/wp-json\/wp\/v2\/pages"}],"about":[{"href":"https:\/\/www.fiorentini.com\/it\/wp-json\/wp\/v2\/types\/page"}],"author":[{"embeddable":true,"href":"https:\/\/www.fiorentini.com\/it\/wp-json\/wp\/v2\/users\/12"}],"replies":[{"embeddable":true,"href":"https:\/\/www.fiorentini.com\/it\/wp-json\/wp\/v2\/comments?post=9390"}],"version-history":[{"count":9,"href":"https:\/\/www.fiorentini.com\/it\/wp-json\/wp\/v2\/pages\/9390\/revisions"}],"predecessor-version":[{"id":15553,"href":"https:\/\/www.fiorentini.com\/it\/wp-json\/wp\/v2\/pages\/9390\/revisions\/15553"}],"up":[{"embeddable":true,"href":"https:\/\/www.fiorentini.com\/it\/wp-json\/wp\/v2\/pages\/9310"}],"wp:featuredmedia":[{"embeddable":true,"href":"https:\/\/www.fiorentini.com\/it\/wp-json\/wp\/v2\/media\/11466"}],"wp:attachment":[{"href":"https:\/\/www.fiorentini.com\/it\/wp-json\/wp\/v2\/media?parent=9390"}],"curies":[{"name":"wp","href":"https:\/\/api.w.org\/{rel}","templated":true}]}}