

{"id":9375,"date":"2021-01-16T09:55:17","date_gmt":"2021-01-16T08:55:17","guid":{"rendered":"https:\/\/www.fiorentini.com\/azienda\/lean-and-agile\/"},"modified":"2025-06-20T10:44:14","modified_gmt":"2025-06-20T08:44:14","slug":"lean-e-agile","status":"publish","type":"page","link":"https:\/\/www.fiorentini.com\/it\/chi-siamo\/lean-e-agile\/","title":{"rendered":"Lean e Agile"},"content":{"rendered":"\n<div style=\"height:20px\" aria-hidden=\"true\" class=\"wp-block-spacer\"><\/div>\n\n\n\n<p>Il mondo di oggi richiede per\u00f2 una <strong>grande capacit\u00e0 di adattamento a uno scenario sempre pi\u00f9 complesso<\/strong>, dove gli attori si moltiplicano ed ogni minuscola variabile genera effetti che si ripercuotono su tutta la catena del valore. <\/p>\n\n\n\n<p>Per questo motivo, a partire dal 2018 Pietro Fiorentini ha iniziato a combinare l&#8217;efficienza dei principi del Lean Management con l\u2019<strong>introduzione della metodologia Agile e di un network sempre crescente di team e progetti basati sul framework SCRUM<\/strong>. Questi team racchiudono al loro interno competenze trasversali di professionisti interni ed esterni all&#8217;azienda, che agiscono secondo cicli iterativi detti Sprint, che hanno lo scopo principale di fornire con cadenze regolari dei cosiddetti \u201crilasci funzionali\u201d del progetto da valutare progressivamente con gli stakeholder (interni o esterni all\u2019azienda), consentendo di adattarsi con facilit\u00e0 a modifiche e variazioni e di velocizzare i tempi di sviluppo. <\/p>\n\n\n\n<p>Lean e Agile, due metodi che hanno caratteristiche diverse ma complementari, che convivono e si integrano in Pietro Fiorentini perch\u00e9 fondati sul principio fondamentale che sta alla base di tutte le nostre attivit\u00e0: la soddisfazione del cliente attraverso l&#8217;eliminazione di ci\u00f2 che non porta valore, l&#8217;ottimizzazione dei processi, un <strong>confronto costante votato al raggiungimento del pi\u00f9 alto livello di qualit\u00e0<\/strong>.<\/p>\n\n\n\n<p><\/p>\n","protected":false},"excerpt":{"rendered":"<p>Il mondo di oggi richiede per\u00f2 una grande capacit\u00e0 di adattamento a uno scenario sempre pi\u00f9 complesso, dove gli attori si moltiplicano ed ogni minuscola variabile genera effetti che si ripercuotono su tutta la catena del valore. Per questo motivo, a partire dal 2018 Pietro Fiorentini ha iniziato a combinare l&#8217;efficienza dei principi del Lean [&hellip;]<\/p>\n","protected":false},"author":12,"featured_media":11498,"parent":9310,"menu_order":5,"comment_status":"closed","ping_status":"closed","template":"template-company-profile.php","meta":{"_acf_changed":false,"footnotes":""},"class_list":["post-9375","page","type-page","status-publish","has-post-thumbnail","hentry"],"acf":[],"yoast_head":"<!-- This site is optimized with the Yoast SEO plugin v27.2 - https:\/\/yoast.com\/product\/yoast-seo-wordpress\/ -->\n<title>Lean e Agile: la nostra metodologia di lavoro - Pietro Fiorentini<\/title>\n<meta name=\"description\" content=\"La nostra metodologia di lavoro basata su Lean e Agile permette una grande capacit\u00e0 di adattamento a uno scenario sempre pi\u00f9 complesso\" \/>\n<meta name=\"robots\" content=\"index, follow, max-snippet:-1, max-image-preview:large, max-video-preview:-1\" \/>\n<link rel=\"canonical\" href=\"https:\/\/www.fiorentini.com\/it\/chi-siamo\/lean-e-agile\/\" \/>\n<meta property=\"og:locale\" content=\"it_IT\" \/>\n<meta property=\"og:type\" content=\"article\" \/>\n<meta property=\"og:title\" content=\"Lean e Agile: la nostra metodologia di lavoro | Pietro Fiorentini\" \/>\n<meta property=\"og:description\" content=\"La nostra metodologia di lavoro basata su Lean e Agile permette una grande capacit\u00e0 di adattamento a uno scenario sempre pi\u00f9 complesso\" \/>\n<meta property=\"og:url\" content=\"https:\/\/www.fiorentini.com\/it\/chi-siamo\/lean-e-agile\/\" \/>\n<meta property=\"og:site_name\" content=\"Pietro Fiorentini\" \/>\n<meta property=\"article:modified_time\" content=\"2025-06-20T08:44:14+00:00\" \/>\n<meta property=\"og:image\" content=\"https:\/\/www.fiorentini.com\/wp-content\/uploads\/2021\/04\/bg-company.jpg\" \/>\n\t<meta property=\"og:image:width\" content=\"1920\" \/>\n\t<meta property=\"og:image:height\" content=\"1080\" \/>\n\t<meta property=\"og:image:type\" content=\"image\/jpeg\" \/>\n<meta name=\"twitter:card\" content=\"summary_large_image\" \/>\n<meta name=\"twitter:title\" content=\"Lean e Agile: la nostra metodologia di lavoro | Pietro Fiorentini\" \/>\n<meta name=\"twitter:description\" content=\"La nostra metodologia di lavoro basata su Lean e Agile permette una grande capacit\u00e0 di adattamento a uno scenario sempre pi\u00f9 complesso\" \/>\n<meta name=\"twitter:image\" content=\"https:\/\/www.fiorentini.com\/wp-content\/uploads\/2021\/04\/bg-company.jpg\" \/>\n<meta name=\"twitter:label1\" content=\"Tempo di lettura stimato\" \/>\n\t<meta name=\"twitter:data1\" content=\"2 minuti\" \/>\n<script type=\"application\/ld+json\" class=\"yoast-schema-graph\">{\"@context\":\"https:\/\/schema.org\",\"@graph\":[{\"@type\":\"WebPage\",\"@id\":\"https:\/\/www.fiorentini.com\/it\/chi-siamo\/lean-e-agile\/\",\"url\":\"https:\/\/www.fiorentini.com\/it\/chi-siamo\/lean-e-agile\/\",\"name\":\"Lean e Agile: la nostra metodologia di lavoro - Pietro Fiorentini\",\"isPartOf\":{\"@id\":\"https:\/\/\/\/www.fiorentini.com\/it\/www.fiorentini.com\/it\/www.fiorentini.com\/it\/en\/#website\"},\"primaryImageOfPage\":{\"@id\":\"https:\/\/www.fiorentini.com\/it\/chi-siamo\/lean-e-agile\/#primaryimage\"},\"image\":{\"@id\":\"https:\/\/www.fiorentini.com\/it\/chi-siamo\/lean-e-agile\/#primaryimage\"},\"thumbnailUrl\":\"https:\/\/www.fiorentini.com\/wp-content\/uploads\/2021\/04\/01_lean_agile.jpeg\",\"datePublished\":\"2021-01-16T08:55:17+00:00\",\"dateModified\":\"2025-06-20T08:44:14+00:00\",\"description\":\"La nostra metodologia di lavoro basata su Lean e Agile permette una grande capacit\u00e0 di adattamento a uno scenario sempre pi\u00f9 complesso\",\"breadcrumb\":{\"@id\":\"https:\/\/www.fiorentini.com\/it\/chi-siamo\/lean-e-agile\/#breadcrumb\"},\"inLanguage\":\"it-IT\",\"potentialAction\":[{\"@type\":\"ReadAction\",\"target\":[\"https:\/\/www.fiorentini.com\/it\/chi-siamo\/lean-e-agile\/\"]}]},{\"@type\":\"ImageObject\",\"inLanguage\":\"it-IT\",\"@id\":\"https:\/\/www.fiorentini.com\/it\/chi-siamo\/lean-e-agile\/#primaryimage\",\"url\":\"https:\/\/www.fiorentini.com\/wp-content\/uploads\/2021\/04\/01_lean_agile.jpeg\",\"contentUrl\":\"https:\/\/www.fiorentini.com\/wp-content\/uploads\/2021\/04\/01_lean_agile.jpeg\",\"width\":1920,\"height\":288},{\"@type\":\"BreadcrumbList\",\"@id\":\"https:\/\/www.fiorentini.com\/it\/chi-siamo\/lean-e-agile\/#breadcrumb\",\"itemListElement\":[{\"@type\":\"ListItem\",\"position\":1,\"name\":\"Home\",\"item\":\"https:\/\/www.fiorentini.com\/it\/\"},{\"@type\":\"ListItem\",\"position\":2,\"name\":\"Chi siamo\",\"item\":\"https:\/\/www.fiorentini.com\/it\/chi-siamo\/\"},{\"@type\":\"ListItem\",\"position\":3,\"name\":\"Lean e Agile\"}]},{\"@type\":\"WebSite\",\"@id\":\"https:\/\/\/\/www.fiorentini.com\/it\/www.fiorentini.com\/it\/www.fiorentini.com\/it\/en\/#website\",\"url\":\"https:\/\/\/\/www.fiorentini.com\/it\/www.fiorentini.com\/it\/www.fiorentini.com\/it\/en\/\",\"name\":\"Pietro Fiorentini\",\"description\":\"\",\"publisher\":{\"@id\":\"https:\/\/\/\/www.fiorentini.com\/it\/www.fiorentini.com\/it\/www.fiorentini.com\/it\/en\/#organization\"},\"potentialAction\":[{\"@type\":\"SearchAction\",\"target\":{\"@type\":\"EntryPoint\",\"urlTemplate\":\"https:\/\/\/\/www.fiorentini.com\/it\/www.fiorentini.com\/it\/www.fiorentini.com\/it\/en\/?s={search_term_string}\"},\"query-input\":{\"@type\":\"PropertyValueSpecification\",\"valueRequired\":true,\"valueName\":\"search_term_string\"}}],\"inLanguage\":\"it-IT\"},{\"@type\":\"Organization\",\"@id\":\"https:\/\/\/\/www.fiorentini.com\/it\/www.fiorentini.com\/it\/www.fiorentini.com\/it\/en\/#organization\",\"name\":\"Pietro Fiorentini\",\"url\":\"https:\/\/\/\/www.fiorentini.com\/it\/www.fiorentini.com\/it\/www.fiorentini.com\/it\/en\/\",\"logo\":{\"@type\":\"ImageObject\",\"inLanguage\":\"it-IT\",\"@id\":\"https:\/\/\/\/www.fiorentini.com\/it\/www.fiorentini.com\/it\/www.fiorentini.com\/it\/en\/#\/schema\/logo\/image\/\",\"url\":\"https:\/\/www.fiorentini.com\/wp-content\/uploads\/2020\/11\/logo.svg\",\"contentUrl\":\"https:\/\/www.fiorentini.com\/wp-content\/uploads\/2020\/11\/logo.svg\",\"width\":227,\"height\":59,\"caption\":\"Pietro Fiorentini\"},\"image\":{\"@id\":\"https:\/\/\/\/www.fiorentini.com\/it\/www.fiorentini.com\/it\/www.fiorentini.com\/it\/en\/#\/schema\/logo\/image\/\"}}]}<\/script>\n<!-- \/ Yoast SEO plugin. -->","yoast_head_json":{"title":"Lean e Agile: la nostra metodologia di lavoro - Pietro Fiorentini","description":"La nostra metodologia di lavoro basata su Lean e Agile permette una grande capacit\u00e0 di adattamento a uno scenario sempre pi\u00f9 complesso","robots":{"index":"index","follow":"follow","max-snippet":"max-snippet:-1","max-image-preview":"max-image-preview:large","max-video-preview":"max-video-preview:-1"},"canonical":"https:\/\/www.fiorentini.com\/it\/chi-siamo\/lean-e-agile\/","og_locale":"it_IT","og_type":"article","og_title":"Lean e Agile: la nostra metodologia di lavoro | Pietro Fiorentini","og_description":"La nostra metodologia di lavoro basata su Lean e Agile permette una grande capacit\u00e0 di adattamento a uno scenario sempre pi\u00f9 complesso","og_url":"https:\/\/www.fiorentini.com\/it\/chi-siamo\/lean-e-agile\/","og_site_name":"Pietro Fiorentini","article_modified_time":"2025-06-20T08:44:14+00:00","og_image":[{"width":1920,"height":1080,"url":"https:\/\/www.fiorentini.com\/wp-content\/uploads\/2021\/04\/bg-company.jpg","type":"image\/jpeg"}],"twitter_card":"summary_large_image","twitter_title":"Lean e Agile: la nostra metodologia di lavoro | Pietro Fiorentini","twitter_description":"La nostra metodologia di lavoro basata su Lean e Agile permette una grande capacit\u00e0 di adattamento a uno scenario sempre pi\u00f9 complesso","twitter_image":"https:\/\/www.fiorentini.com\/wp-content\/uploads\/2021\/04\/bg-company.jpg","twitter_misc":{"Tempo di lettura stimato":"2 minuti"},"schema":{"@context":"https:\/\/schema.org","@graph":[{"@type":"WebPage","@id":"https:\/\/www.fiorentini.com\/it\/chi-siamo\/lean-e-agile\/","url":"https:\/\/www.fiorentini.com\/it\/chi-siamo\/lean-e-agile\/","name":"Lean e Agile: la nostra metodologia di lavoro - Pietro Fiorentini","isPartOf":{"@id":"https:\/\/\/\/www.fiorentini.com\/it\/it\/www.fiorentini.com\/it\/it\/www.fiorentini.com\/it\/it\/en\/#website"},"primaryImageOfPage":{"@id":"https:\/\/www.fiorentini.com\/it\/chi-siamo\/lean-e-agile\/#primaryimage"},"image":{"@id":"https:\/\/www.fiorentini.com\/it\/chi-siamo\/lean-e-agile\/#primaryimage"},"thumbnailUrl":"https:\/\/www.fiorentini.com\/wp-content\/uploads\/2021\/04\/01_lean_agile.jpeg","datePublished":"2021-01-16T08:55:17+00:00","dateModified":"2025-06-20T08:44:14+00:00","description":"La nostra metodologia di lavoro basata su Lean e Agile permette una grande capacit\u00e0 di adattamento a uno scenario sempre pi\u00f9 complesso","breadcrumb":{"@id":"https:\/\/www.fiorentini.com\/it\/chi-siamo\/lean-e-agile\/#breadcrumb"},"inLanguage":"it-IT","potentialAction":[{"@type":"ReadAction","target":["https:\/\/www.fiorentini.com\/it\/chi-siamo\/lean-e-agile\/"]}]},{"@type":"ImageObject","inLanguage":"it-IT","@id":"https:\/\/www.fiorentini.com\/it\/chi-siamo\/lean-e-agile\/#primaryimage","url":"https:\/\/www.fiorentini.com\/wp-content\/uploads\/2021\/04\/01_lean_agile.jpeg","contentUrl":"https:\/\/www.fiorentini.com\/wp-content\/uploads\/2021\/04\/01_lean_agile.jpeg","width":1920,"height":288},{"@type":"BreadcrumbList","@id":"https:\/\/www.fiorentini.com\/it\/chi-siamo\/lean-e-agile\/#breadcrumb","itemListElement":[{"@type":"ListItem","position":1,"name":"Home","item":"https:\/\/www.fiorentini.com\/it\/"},{"@type":"ListItem","position":2,"name":"Chi siamo","item":"https:\/\/www.fiorentini.com\/it\/chi-siamo\/"},{"@type":"ListItem","position":3,"name":"Lean e Agile"}]},{"@type":"WebSite","@id":"https:\/\/\/\/www.fiorentini.com\/it\/it\/www.fiorentini.com\/it\/it\/www.fiorentini.com\/it\/it\/en\/#website","url":"https:\/\/\/\/www.fiorentini.com\/it\/it\/www.fiorentini.com\/it\/it\/www.fiorentini.com\/it\/it\/en\/","name":"Pietro Fiorentini","description":"","publisher":{"@id":"https:\/\/\/\/www.fiorentini.com\/it\/www.fiorentini.com\/it\/www.fiorentini.com\/it\/en\/#organization"},"potentialAction":[{"@type":"SearchAction","target":{"@type":"EntryPoint","urlTemplate":"https:\/\/\/\/www.fiorentini.com\/it\/it\/www.fiorentini.com\/it\/it\/www.fiorentini.com\/it\/it\/en\/?s={search_term_string}"},"query-input":{"@type":"PropertyValueSpecification","valueRequired":true,"valueName":"search_term_string"}}],"inLanguage":"it-IT"},{"@type":"Organization","@id":"https:\/\/\/\/www.fiorentini.com\/it\/it\/www.fiorentini.com\/it\/it\/www.fiorentini.com\/it\/it\/en\/#organization","name":"Pietro Fiorentini","url":"https:\/\/\/\/www.fiorentini.com\/it\/it\/www.fiorentini.com\/it\/it\/www.fiorentini.com\/it\/it\/en\/","logo":{"@type":"ImageObject","inLanguage":"it-IT","@id":"https:\/\/\/\/www.fiorentini.com\/it\/it\/www.fiorentini.com\/it\/it\/www.fiorentini.com\/it\/it\/en\/#\/schema\/logo\/image\/","url":"https:\/\/www.fiorentini.com\/wp-content\/uploads\/2020\/11\/logo.svg","contentUrl":"https:\/\/www.fiorentini.com\/wp-content\/uploads\/2020\/11\/logo.svg","width":227,"height":59,"caption":"Pietro Fiorentini"},"image":{"@id":"https:\/\/\/\/www.fiorentini.com\/it\/it\/www.fiorentini.com\/it\/it\/www.fiorentini.com\/it\/it\/en\/#\/schema\/logo\/image\/"}}]}},"_links":{"self":[{"href":"https:\/\/www.fiorentini.com\/it\/wp-json\/wp\/v2\/pages\/9375","targetHints":{"allow":["GET"]}}],"collection":[{"href":"https:\/\/www.fiorentini.com\/it\/wp-json\/wp\/v2\/pages"}],"about":[{"href":"https:\/\/www.fiorentini.com\/it\/wp-json\/wp\/v2\/types\/page"}],"author":[{"embeddable":true,"href":"https:\/\/www.fiorentini.com\/it\/wp-json\/wp\/v2\/users\/12"}],"replies":[{"embeddable":true,"href":"https:\/\/www.fiorentini.com\/it\/wp-json\/wp\/v2\/comments?post=9375"}],"version-history":[{"count":13,"href":"https:\/\/www.fiorentini.com\/it\/wp-json\/wp\/v2\/pages\/9375\/revisions"}],"predecessor-version":[{"id":50899,"href":"https:\/\/www.fiorentini.com\/it\/wp-json\/wp\/v2\/pages\/9375\/revisions\/50899"}],"up":[{"embeddable":true,"href":"https:\/\/www.fiorentini.com\/it\/wp-json\/wp\/v2\/pages\/9310"}],"wp:featuredmedia":[{"embeddable":true,"href":"https:\/\/www.fiorentini.com\/it\/wp-json\/wp\/v2\/media\/11498"}],"wp:attachment":[{"href":"https:\/\/www.fiorentini.com\/it\/wp-json\/wp\/v2\/media?parent=9375"}],"curies":[{"name":"wp","href":"https:\/\/api.w.org\/{rel}","templated":true}]}}