

{"id":9325,"date":"2021-01-30T14:57:09","date_gmt":"2021-01-30T13:57:09","guid":{"rendered":"https:\/\/www.fiorentini.com\/company\/company-profile\/"},"modified":"2024-09-06T16:49:10","modified_gmt":"2024-09-06T14:49:10","slug":"company-profile","status":"publish","type":"page","link":"https:\/\/www.fiorentini.com\/it\/chi-siamo\/company-profile\/","title":{"rendered":"Company Profile"},"content":{"rendered":"\n<figure class=\"wp-block-image size-large text-center\"><img loading=\"lazy\" decoding=\"async\" width=\"1024\" height=\"576\" src=\"https:\/\/www.fiorentini.com\/wp-content\/uploads\/2024\/09\/PietroFiorentiniArcugnano-1024x576.jpg\" alt=\"\" class=\"wp-image-45412\" srcset=\"https:\/\/www.fiorentini.com\/wp-content\/uploads\/2024\/09\/PietroFiorentiniArcugnano-1024x576.jpg 1024w, https:\/\/www.fiorentini.com\/wp-content\/uploads\/2024\/09\/PietroFiorentiniArcugnano-300x169.jpg 300w, https:\/\/www.fiorentini.com\/wp-content\/uploads\/2024\/09\/PietroFiorentiniArcugnano-768x432.jpg 768w, https:\/\/www.fiorentini.com\/wp-content\/uploads\/2024\/09\/PietroFiorentiniArcugnano-1536x864.jpg 1536w, https:\/\/www.fiorentini.com\/wp-content\/uploads\/2024\/09\/PietroFiorentiniArcugnano.jpg 1920w\" sizes=\"auto, (max-width: 1024px) 100vw, 1024px\" \/><\/figure>\n\n\n\n<div style=\"height:20px\" aria-hidden=\"true\" class=\"wp-block-spacer\"><\/div>\n\n\n\n<p>Negli ultimi dieci anni la societ\u00e0 ha compiuto significativi investimenti in R&amp;D, M&amp;A, stabilimenti e mezzi di produzione, che oggi ci consentono di ricoprire una posizione di leadership nell\u2019ambito dei <strong>progetti di Smart Metering e pi\u00f9 in generale delle Smart Grids<\/strong>. Nell\u2019ambito della transizione energetica, il Gruppo ha intensificato gli sforzi per cogliere le <strong>nuove opportunit\u00e0 legate alle fonti energetiche green<\/strong> quali il biometano, l\u2019idrogeno e il Power-to-gas. Recentemente, il Gruppo ha esteso i propri orizzonti anche alla misura dell\u2019acqua, alla digitalizzazione del ciclo idrico e al settore ambientale.<\/p>\n\n\n\n<p>Il cliente \u00e8 il fondamento di ogni nostra attivit\u00e0 quotidiana, in una logica di <strong>customer centricity<\/strong> che non si esaurisce con la sola attenzione alla qualit\u00e0 dei prodotti o all\u2019ottimizzazione dei processi, ma che \u00e8 indissolubilmente legata anche a tutti gli altri elementi (il supporto tecnico, i servizi di manutenzione, la logistica, le informazioni, la comunicazione) che caratterizzano la relazione. L\u2019obiettivo \u00e8 sempre lo stesso: mettere il cliente e le sue esigenze al centro di un modello operativo in grado di utilizzare in maniera ottimale flussi e risorse per rispondere in maniera rapida, coerente e concreta, riducendo costi e sprechi per aumentare il valore percepito. <\/p>\n\n\n\n<p>Operiamo integrando i <strong>principi del Lean Management<\/strong>, che in oltre vent\u2019anni di applicazione rigorosa ci ha fatto guadagnare il soprannome di Toyota d\u2019Italia, con un network di Team Agile, dedicati a sviluppare progetti trasversali di primaria importanza con una logica rapida e flessibile, sul modello delle moderne start-up. <\/p>\n\n\n\n<p>La nostra strategia a lungo termine ha l\u2019obiettivo della <strong>sostenibilit\u00e0<\/strong>, non soltanto del business ma del sistema ambientale e sociale in cui viviamo. Proteggere il mondo che lasceremo alle future generazioni \u00e8 responsabilit\u00e0 di tutti e come azienda faremo la nostra parte per prevenire le possibili esternalit\u00e0 negative legate alla nostra attivit\u00e0 e al nostro settore.<\/p>\n\n\n\n<p>Questo traguardo pu\u00f2 essere ottenuto soltanto attraverso <strong>continui investimenti nella formazione e nella responsabilizzazione individuale<\/strong>, puntando sull\u2019intelligenza distribuita delle persone e attribuendo loro l\u2019autonomia necessaria perch\u00e9 possano sviluppare al massimo capacit\u00e0, passione e motivazione. Perch\u00e9 le <strong>persone<\/strong> sono la nostra vera grande forza, ed \u00e8 solo attraverso la cooperazione di tutti i nostri dipendenti che riusciremo a superare le sfide del futuro.<\/p>\n","protected":false},"excerpt":{"rendered":"<p>Negli ultimi dieci anni la societ\u00e0 ha compiuto significativi investimenti in R&amp;D, M&amp;A, stabilimenti e mezzi di produzione, che oggi ci consentono di ricoprire una posizione di leadership nell\u2019ambito dei progetti di Smart Metering e pi\u00f9 in generale delle Smart Grids. Nell\u2019ambito della transizione energetica, il Gruppo ha intensificato gli sforzi per cogliere le nuove [&hellip;]<\/p>\n","protected":false},"author":12,"featured_media":13891,"parent":9310,"menu_order":1,"comment_status":"closed","ping_status":"closed","template":"template-company-profile.php","meta":{"_acf_changed":false,"footnotes":""},"class_list":["post-9325","page","type-page","status-publish","has-post-thumbnail","hentry"],"acf":[],"yoast_head":"<!-- This site is optimized with the Yoast SEO plugin v27.2 - https:\/\/yoast.com\/product\/yoast-seo-wordpress\/ -->\n<title>Company Profile di Pietro Fiorentini - Pietro Fiorentini<\/title>\n<meta name=\"description\" content=\"Il gruppo Pietro Fiorentini \u00e8 leader in tutta la filiera del gas naturale, con particolare attenzione alle energie rinnovabili\" \/>\n<meta name=\"robots\" content=\"index, follow, max-snippet:-1, max-image-preview:large, max-video-preview:-1\" \/>\n<link rel=\"canonical\" href=\"https:\/\/www.fiorentini.com\/it\/chi-siamo\/company-profile\/\" \/>\n<meta property=\"og:locale\" content=\"it_IT\" \/>\n<meta property=\"og:type\" content=\"article\" \/>\n<meta property=\"og:title\" content=\"Il gruppo Pietro Fiorentini | Pietro Fiorentini\" \/>\n<meta property=\"og:description\" content=\"Il gruppo Pietro Fiorentini \u00e8 leader in tutta la filiera del gas naturale, con particolare attenzione alle energie rinnovabili\" \/>\n<meta property=\"og:url\" content=\"https:\/\/www.fiorentini.com\/it\/chi-siamo\/company-profile\/\" \/>\n<meta property=\"og:site_name\" content=\"Pietro Fiorentini\" \/>\n<meta property=\"article:modified_time\" content=\"2024-09-06T14:49:10+00:00\" \/>\n<meta property=\"og:image\" content=\"https:\/\/www.fiorentini.com\/wp-content\/uploads\/2021\/04\/CompanyProfile_PFMap.png\" \/>\n\t<meta property=\"og:image:width\" content=\"1670\" \/>\n\t<meta property=\"og:image:height\" content=\"820\" \/>\n\t<meta property=\"og:image:type\" content=\"image\/png\" \/>\n<meta name=\"twitter:card\" content=\"summary_large_image\" \/>\n<meta name=\"twitter:title\" content=\"Il gruppo Pietro Fiorentini | Pietro Fiorentini\" \/>\n<meta name=\"twitter:description\" content=\"Il gruppo Pietro Fiorentini \u00e8 leader in tutta la filiera del gas naturale, con particolare attenzione alle energie rinnovabili\" \/>\n<meta name=\"twitter:image\" content=\"https:\/\/www.fiorentini.com\/wp-content\/uploads\/2021\/04\/CompanyProfile_PFMap.png\" \/>\n<meta name=\"twitter:label1\" content=\"Tempo di lettura stimato\" \/>\n\t<meta name=\"twitter:data1\" content=\"2 minuti\" \/>\n<script type=\"application\/ld+json\" class=\"yoast-schema-graph\">{\"@context\":\"https:\/\/schema.org\",\"@graph\":[{\"@type\":\"WebPage\",\"@id\":\"https:\/\/www.fiorentini.com\/it\/chi-siamo\/company-profile\/\",\"url\":\"https:\/\/www.fiorentini.com\/it\/chi-siamo\/company-profile\/\",\"name\":\"Company Profile di Pietro Fiorentini - Pietro Fiorentini\",\"isPartOf\":{\"@id\":\"https:\/\/\/\/www.fiorentini.com\/it\/www.fiorentini.com\/it\/www.fiorentini.com\/it\/en\/#website\"},\"primaryImageOfPage\":{\"@id\":\"https:\/\/www.fiorentini.com\/it\/chi-siamo\/company-profile\/#primaryimage\"},\"image\":{\"@id\":\"https:\/\/www.fiorentini.com\/it\/chi-siamo\/company-profile\/#primaryimage\"},\"thumbnailUrl\":\"https:\/\/www.fiorentini.com\/wp-content\/uploads\/2021\/04\/header_company_profile.jpg\",\"datePublished\":\"2021-01-30T13:57:09+00:00\",\"dateModified\":\"2024-09-06T14:49:10+00:00\",\"description\":\"Il gruppo Pietro Fiorentini \u00e8 leader in tutta la filiera del gas naturale, con particolare attenzione alle energie rinnovabili\",\"breadcrumb\":{\"@id\":\"https:\/\/www.fiorentini.com\/it\/chi-siamo\/company-profile\/#breadcrumb\"},\"inLanguage\":\"it-IT\",\"potentialAction\":[{\"@type\":\"ReadAction\",\"target\":[\"https:\/\/www.fiorentini.com\/it\/chi-siamo\/company-profile\/\"]}]},{\"@type\":\"ImageObject\",\"inLanguage\":\"it-IT\",\"@id\":\"https:\/\/www.fiorentini.com\/it\/chi-siamo\/company-profile\/#primaryimage\",\"url\":\"https:\/\/www.fiorentini.com\/wp-content\/uploads\/2021\/04\/header_company_profile.jpg\",\"contentUrl\":\"https:\/\/www.fiorentini.com\/wp-content\/uploads\/2021\/04\/header_company_profile.jpg\",\"width\":1920,\"height\":288},{\"@type\":\"BreadcrumbList\",\"@id\":\"https:\/\/www.fiorentini.com\/it\/chi-siamo\/company-profile\/#breadcrumb\",\"itemListElement\":[{\"@type\":\"ListItem\",\"position\":1,\"name\":\"Home\",\"item\":\"https:\/\/www.fiorentini.com\/it\/\"},{\"@type\":\"ListItem\",\"position\":2,\"name\":\"Chi siamo\",\"item\":\"https:\/\/www.fiorentini.com\/it\/chi-siamo\/\"},{\"@type\":\"ListItem\",\"position\":3,\"name\":\"Company Profile\"}]},{\"@type\":\"WebSite\",\"@id\":\"https:\/\/\/\/www.fiorentini.com\/it\/www.fiorentini.com\/it\/www.fiorentini.com\/it\/en\/#website\",\"url\":\"https:\/\/\/\/www.fiorentini.com\/it\/www.fiorentini.com\/it\/www.fiorentini.com\/it\/en\/\",\"name\":\"Pietro Fiorentini\",\"description\":\"\",\"publisher\":{\"@id\":\"https:\/\/\/\/www.fiorentini.com\/it\/www.fiorentini.com\/it\/www.fiorentini.com\/it\/en\/#organization\"},\"potentialAction\":[{\"@type\":\"SearchAction\",\"target\":{\"@type\":\"EntryPoint\",\"urlTemplate\":\"https:\/\/\/\/www.fiorentini.com\/it\/www.fiorentini.com\/it\/www.fiorentini.com\/it\/en\/?s={search_term_string}\"},\"query-input\":{\"@type\":\"PropertyValueSpecification\",\"valueRequired\":true,\"valueName\":\"search_term_string\"}}],\"inLanguage\":\"it-IT\"},{\"@type\":\"Organization\",\"@id\":\"https:\/\/\/\/www.fiorentini.com\/it\/www.fiorentini.com\/it\/www.fiorentini.com\/it\/en\/#organization\",\"name\":\"Pietro Fiorentini\",\"url\":\"https:\/\/\/\/www.fiorentini.com\/it\/www.fiorentini.com\/it\/www.fiorentini.com\/it\/en\/\",\"logo\":{\"@type\":\"ImageObject\",\"inLanguage\":\"it-IT\",\"@id\":\"https:\/\/\/\/www.fiorentini.com\/it\/www.fiorentini.com\/it\/www.fiorentini.com\/it\/en\/#\/schema\/logo\/image\/\",\"url\":\"https:\/\/www.fiorentini.com\/wp-content\/uploads\/2020\/11\/logo.svg\",\"contentUrl\":\"https:\/\/www.fiorentini.com\/wp-content\/uploads\/2020\/11\/logo.svg\",\"width\":227,\"height\":59,\"caption\":\"Pietro Fiorentini\"},\"image\":{\"@id\":\"https:\/\/\/\/www.fiorentini.com\/it\/www.fiorentini.com\/it\/www.fiorentini.com\/it\/en\/#\/schema\/logo\/image\/\"}}]}<\/script>\n<!-- \/ Yoast SEO plugin. -->","yoast_head_json":{"title":"Company Profile di Pietro Fiorentini - Pietro Fiorentini","description":"Il gruppo Pietro Fiorentini \u00e8 leader in tutta la filiera del gas naturale, con particolare attenzione alle energie rinnovabili","robots":{"index":"index","follow":"follow","max-snippet":"max-snippet:-1","max-image-preview":"max-image-preview:large","max-video-preview":"max-video-preview:-1"},"canonical":"https:\/\/www.fiorentini.com\/it\/chi-siamo\/company-profile\/","og_locale":"it_IT","og_type":"article","og_title":"Il gruppo Pietro Fiorentini | Pietro Fiorentini","og_description":"Il gruppo Pietro Fiorentini \u00e8 leader in tutta la filiera del gas naturale, con particolare attenzione alle energie rinnovabili","og_url":"https:\/\/www.fiorentini.com\/it\/chi-siamo\/company-profile\/","og_site_name":"Pietro Fiorentini","article_modified_time":"2024-09-06T14:49:10+00:00","og_image":[{"width":1670,"height":820,"url":"https:\/\/www.fiorentini.com\/wp-content\/uploads\/2021\/04\/CompanyProfile_PFMap.png","type":"image\/png"}],"twitter_card":"summary_large_image","twitter_title":"Il gruppo Pietro Fiorentini | Pietro Fiorentini","twitter_description":"Il gruppo Pietro Fiorentini \u00e8 leader in tutta la filiera del gas naturale, con particolare attenzione alle energie rinnovabili","twitter_image":"https:\/\/www.fiorentini.com\/wp-content\/uploads\/2021\/04\/CompanyProfile_PFMap.png","twitter_misc":{"Tempo di lettura stimato":"2 minuti"},"schema":{"@context":"https:\/\/schema.org","@graph":[{"@type":"WebPage","@id":"https:\/\/www.fiorentini.com\/it\/chi-siamo\/company-profile\/","url":"https:\/\/www.fiorentini.com\/it\/chi-siamo\/company-profile\/","name":"Company Profile di Pietro Fiorentini - Pietro Fiorentini","isPartOf":{"@id":"https:\/\/\/\/www.fiorentini.com\/it\/it\/www.fiorentini.com\/it\/it\/www.fiorentini.com\/it\/it\/en\/#website"},"primaryImageOfPage":{"@id":"https:\/\/www.fiorentini.com\/it\/chi-siamo\/company-profile\/#primaryimage"},"image":{"@id":"https:\/\/www.fiorentini.com\/it\/chi-siamo\/company-profile\/#primaryimage"},"thumbnailUrl":"https:\/\/www.fiorentini.com\/wp-content\/uploads\/2021\/04\/header_company_profile.jpg","datePublished":"2021-01-30T13:57:09+00:00","dateModified":"2024-09-06T14:49:10+00:00","description":"Il gruppo Pietro Fiorentini \u00e8 leader in tutta la filiera del gas naturale, con particolare attenzione alle energie rinnovabili","breadcrumb":{"@id":"https:\/\/www.fiorentini.com\/it\/chi-siamo\/company-profile\/#breadcrumb"},"inLanguage":"it-IT","potentialAction":[{"@type":"ReadAction","target":["https:\/\/www.fiorentini.com\/it\/chi-siamo\/company-profile\/"]}]},{"@type":"ImageObject","inLanguage":"it-IT","@id":"https:\/\/www.fiorentini.com\/it\/chi-siamo\/company-profile\/#primaryimage","url":"https:\/\/www.fiorentini.com\/wp-content\/uploads\/2021\/04\/header_company_profile.jpg","contentUrl":"https:\/\/www.fiorentini.com\/wp-content\/uploads\/2021\/04\/header_company_profile.jpg","width":1920,"height":288},{"@type":"BreadcrumbList","@id":"https:\/\/www.fiorentini.com\/it\/chi-siamo\/company-profile\/#breadcrumb","itemListElement":[{"@type":"ListItem","position":1,"name":"Home","item":"https:\/\/www.fiorentini.com\/it\/"},{"@type":"ListItem","position":2,"name":"Chi siamo","item":"https:\/\/www.fiorentini.com\/it\/chi-siamo\/"},{"@type":"ListItem","position":3,"name":"Company Profile"}]},{"@type":"WebSite","@id":"https:\/\/\/\/www.fiorentini.com\/it\/it\/www.fiorentini.com\/it\/it\/www.fiorentini.com\/it\/it\/en\/#website","url":"https:\/\/\/\/www.fiorentini.com\/it\/it\/www.fiorentini.com\/it\/it\/www.fiorentini.com\/it\/it\/en\/","name":"Pietro Fiorentini","description":"","publisher":{"@id":"https:\/\/\/\/www.fiorentini.com\/it\/www.fiorentini.com\/it\/www.fiorentini.com\/it\/en\/#organization"},"potentialAction":[{"@type":"SearchAction","target":{"@type":"EntryPoint","urlTemplate":"https:\/\/\/\/www.fiorentini.com\/it\/it\/www.fiorentini.com\/it\/it\/www.fiorentini.com\/it\/it\/en\/?s={search_term_string}"},"query-input":{"@type":"PropertyValueSpecification","valueRequired":true,"valueName":"search_term_string"}}],"inLanguage":"it-IT"},{"@type":"Organization","@id":"https:\/\/\/\/www.fiorentini.com\/it\/it\/www.fiorentini.com\/it\/it\/www.fiorentini.com\/it\/it\/en\/#organization","name":"Pietro Fiorentini","url":"https:\/\/\/\/www.fiorentini.com\/it\/it\/www.fiorentini.com\/it\/it\/www.fiorentini.com\/it\/it\/en\/","logo":{"@type":"ImageObject","inLanguage":"it-IT","@id":"https:\/\/\/\/www.fiorentini.com\/it\/it\/www.fiorentini.com\/it\/it\/www.fiorentini.com\/it\/it\/en\/#\/schema\/logo\/image\/","url":"https:\/\/www.fiorentini.com\/wp-content\/uploads\/2020\/11\/logo.svg","contentUrl":"https:\/\/www.fiorentini.com\/wp-content\/uploads\/2020\/11\/logo.svg","width":227,"height":59,"caption":"Pietro Fiorentini"},"image":{"@id":"https:\/\/\/\/www.fiorentini.com\/it\/it\/www.fiorentini.com\/it\/it\/www.fiorentini.com\/it\/it\/en\/#\/schema\/logo\/image\/"}}]}},"_links":{"self":[{"href":"https:\/\/www.fiorentini.com\/it\/wp-json\/wp\/v2\/pages\/9325","targetHints":{"allow":["GET"]}}],"collection":[{"href":"https:\/\/www.fiorentini.com\/it\/wp-json\/wp\/v2\/pages"}],"about":[{"href":"https:\/\/www.fiorentini.com\/it\/wp-json\/wp\/v2\/types\/page"}],"author":[{"embeddable":true,"href":"https:\/\/www.fiorentini.com\/it\/wp-json\/wp\/v2\/users\/12"}],"replies":[{"embeddable":true,"href":"https:\/\/www.fiorentini.com\/it\/wp-json\/wp\/v2\/comments?post=9325"}],"version-history":[{"count":41,"href":"https:\/\/www.fiorentini.com\/it\/wp-json\/wp\/v2\/pages\/9325\/revisions"}],"predecessor-version":[{"id":45423,"href":"https:\/\/www.fiorentini.com\/it\/wp-json\/wp\/v2\/pages\/9325\/revisions\/45423"}],"up":[{"embeddable":true,"href":"https:\/\/www.fiorentini.com\/it\/wp-json\/wp\/v2\/pages\/9310"}],"wp:featuredmedia":[{"embeddable":true,"href":"https:\/\/www.fiorentini.com\/it\/wp-json\/wp\/v2\/media\/13891"}],"wp:attachment":[{"href":"https:\/\/www.fiorentini.com\/it\/wp-json\/wp\/v2\/media?parent=9325"}],"curies":[{"name":"wp","href":"https:\/\/api.w.org\/{rel}","templated":true}]}}