

{"id":29439,"date":"2023-10-23T10:43:31","date_gmt":"2023-10-23T08:43:31","guid":{"rendered":"https:\/\/www.fiorentini.com\/?page_id=29439"},"modified":"2024-06-04T10:28:47","modified_gmt":"2024-06-04T08:28:47","slug":"protezioni-superficiali","status":"publish","type":"page","link":"https:\/\/www.fiorentini.com\/it\/chi-siamo\/expertise\/protezioni-superficiali\/","title":{"rendered":"Protezioni superficiali"},"content":{"rendered":"\n<h2 class=\"wp-block-heading\">Concetti generali e come scegliere il ciclo di verniciatura pi\u00f9 adatto alla vostra applicazione<\/h2>\n\n\n\n<p>Nel mondo delle applicazioni industriali e commerciali, l&#8217;importanza del trattamento delle superfici non pu\u00f2 essere sottovalutata.<\/p>\n\n\n\n<p>Il trattamento delle superfici \u00e8 un passo fondamentale per preservare l&#8217;integrit\u00e0 e la longevit\u00e0 di strutture e attrezzature, soprattutto quando sono esposte a diverse condizioni ambientali.&nbsp;<\/p>\n\n\n\n<p>Sviluppata in nove parti, la norma ISO 12944 affronta aspetti essenziali come la categorizzazione ambientale, le specifiche dei sistemi di verniciatura protettiva, nonch\u00e9 i metodi di prova in laboratorio e sul campo, compresi quelli adatti alle strutture offshore.<\/p>\n\n\n\n<p>Pietro Fiorentini, nel corso di decenni di esperienza, ha sviluppato selezioni specifiche di cicli di verniciatura per proteggere le proprie apparecchiature dagli ambienti pi\u00f9 difficili.<\/p>\n","protected":false},"excerpt":{"rendered":"<p>Il trattamento delle superfici \u00e8 un passo fondamentale per preservare l&#8217;integrit\u00e0 e la longevit\u00e0 di strutture e attrezzature, soprattutto quando sono esposte a diverse condizioni ambientali.<\/p>\n","protected":false},"author":13,"featured_media":29466,"parent":21936,"menu_order":6,"comment_status":"closed","ping_status":"closed","template":"template-expertise-child.php","meta":{"_acf_changed":false,"footnotes":""},"class_list":["post-29439","page","type-page","status-publish","has-post-thumbnail","hentry"],"acf":[],"yoast_head":"<!-- This site is optimized with the Yoast SEO plugin v27.2 - https:\/\/yoast.com\/product\/yoast-seo-wordpress\/ -->\n<title>Protezioni superficiali - Pietro Fiorentini<\/title>\n<meta name=\"description\" content=\"Il trattamento delle superfici \u00e8 fondamentale per preservare l&#039;integrit\u00e0 di strutture e attrezzature quando sono esposte a diverse condizioni ambientali.\" \/>\n<meta name=\"robots\" content=\"index, follow, max-snippet:-1, max-image-preview:large, max-video-preview:-1\" \/>\n<link rel=\"canonical\" href=\"https:\/\/www.fiorentini.com\/it\/chi-siamo\/expertise\/protezioni-superficiali\/\" \/>\n<meta property=\"og:locale\" content=\"it_IT\" \/>\n<meta property=\"og:type\" content=\"article\" \/>\n<meta property=\"og:title\" content=\"Protezioni superficiali | Pietro Fiorentini\" \/>\n<meta property=\"og:description\" content=\"Il trattamento delle superfici \u00e8 fondamentale per preservare l&#039;integrit\u00e0 di strutture e attrezzature quando sono esposte a diverse condizioni ambientali.\" \/>\n<meta property=\"og:url\" content=\"https:\/\/www.fiorentini.com\/it\/chi-siamo\/expertise\/protezioni-superficiali\/\" \/>\n<meta property=\"og:site_name\" content=\"Pietro Fiorentini\" \/>\n<meta property=\"article:modified_time\" content=\"2024-06-04T08:28:47+00:00\" \/>\n<meta property=\"og:image\" content=\"https:\/\/www.fiorentini.com\/wp-content\/uploads\/2023\/10\/DisidratazionegastecnologialiquidaTEG-DEG-MEG_PietroFiorentini-300x300.png\" \/>\n<meta name=\"twitter:card\" content=\"summary_large_image\" \/>\n<meta name=\"twitter:label1\" content=\"Tempo di lettura stimato\" \/>\n\t<meta name=\"twitter:data1\" content=\"1 minuto\" \/>\n<script type=\"application\/ld+json\" class=\"yoast-schema-graph\">{\"@context\":\"https:\/\/schema.org\",\"@graph\":[{\"@type\":\"WebPage\",\"@id\":\"https:\/\/www.fiorentini.com\/it\/chi-siamo\/expertise\/protezioni-superficiali\/\",\"url\":\"https:\/\/www.fiorentini.com\/it\/chi-siamo\/expertise\/protezioni-superficiali\/\",\"name\":\"Protezioni superficiali - Pietro Fiorentini\",\"isPartOf\":{\"@id\":\"https:\/\/\/\/www.fiorentini.com\/it\/www.fiorentini.com\/it\/www.fiorentini.com\/it\/en\/#website\"},\"primaryImageOfPage\":{\"@id\":\"https:\/\/www.fiorentini.com\/it\/chi-siamo\/expertise\/protezioni-superficiali\/#primaryimage\"},\"image\":{\"@id\":\"https:\/\/www.fiorentini.com\/it\/chi-siamo\/expertise\/protezioni-superficiali\/#primaryimage\"},\"thumbnailUrl\":\"https:\/\/www.fiorentini.com\/wp-content\/uploads\/2023\/10\/surface-coating.jpg\",\"datePublished\":\"2023-10-23T08:43:31+00:00\",\"dateModified\":\"2024-06-04T08:28:47+00:00\",\"description\":\"Il trattamento delle superfici \u00e8 fondamentale per preservare l'integrit\u00e0 di strutture e attrezzature quando sono esposte a diverse condizioni ambientali.\",\"breadcrumb\":{\"@id\":\"https:\/\/www.fiorentini.com\/it\/chi-siamo\/expertise\/protezioni-superficiali\/#breadcrumb\"},\"inLanguage\":\"it-IT\",\"potentialAction\":[{\"@type\":\"ReadAction\",\"target\":[\"https:\/\/www.fiorentini.com\/it\/chi-siamo\/expertise\/protezioni-superficiali\/\"]}]},{\"@type\":\"ImageObject\",\"inLanguage\":\"it-IT\",\"@id\":\"https:\/\/www.fiorentini.com\/it\/chi-siamo\/expertise\/protezioni-superficiali\/#primaryimage\",\"url\":\"https:\/\/www.fiorentini.com\/wp-content\/uploads\/2023\/10\/surface-coating.jpg\",\"contentUrl\":\"https:\/\/www.fiorentini.com\/wp-content\/uploads\/2023\/10\/surface-coating.jpg\",\"width\":991,\"height\":991},{\"@type\":\"BreadcrumbList\",\"@id\":\"https:\/\/www.fiorentini.com\/it\/chi-siamo\/expertise\/protezioni-superficiali\/#breadcrumb\",\"itemListElement\":[{\"@type\":\"ListItem\",\"position\":1,\"name\":\"Home\",\"item\":\"https:\/\/www.fiorentini.com\/it\/\"},{\"@type\":\"ListItem\",\"position\":2,\"name\":\"Chi siamo\",\"item\":\"https:\/\/www.fiorentini.com\/it\/chi-siamo\/\"},{\"@type\":\"ListItem\",\"position\":3,\"name\":\"Expertise\",\"item\":\"https:\/\/www.fiorentini.com\/it\/about-us\/expertise\/\"},{\"@type\":\"ListItem\",\"position\":4,\"name\":\"Protezioni superficiali\"}]},{\"@type\":\"WebSite\",\"@id\":\"https:\/\/\/\/www.fiorentini.com\/it\/www.fiorentini.com\/it\/www.fiorentini.com\/it\/en\/#website\",\"url\":\"https:\/\/\/\/www.fiorentini.com\/it\/www.fiorentini.com\/it\/www.fiorentini.com\/it\/en\/\",\"name\":\"Pietro Fiorentini\",\"description\":\"\",\"publisher\":{\"@id\":\"https:\/\/\/\/www.fiorentini.com\/it\/www.fiorentini.com\/it\/www.fiorentini.com\/it\/en\/#organization\"},\"potentialAction\":[{\"@type\":\"SearchAction\",\"target\":{\"@type\":\"EntryPoint\",\"urlTemplate\":\"https:\/\/\/\/www.fiorentini.com\/it\/www.fiorentini.com\/it\/www.fiorentini.com\/it\/en\/?s={search_term_string}\"},\"query-input\":{\"@type\":\"PropertyValueSpecification\",\"valueRequired\":true,\"valueName\":\"search_term_string\"}}],\"inLanguage\":\"it-IT\"},{\"@type\":\"Organization\",\"@id\":\"https:\/\/\/\/www.fiorentini.com\/it\/www.fiorentini.com\/it\/www.fiorentini.com\/it\/en\/#organization\",\"name\":\"Pietro Fiorentini\",\"url\":\"https:\/\/\/\/www.fiorentini.com\/it\/www.fiorentini.com\/it\/www.fiorentini.com\/it\/en\/\",\"logo\":{\"@type\":\"ImageObject\",\"inLanguage\":\"it-IT\",\"@id\":\"https:\/\/\/\/www.fiorentini.com\/it\/www.fiorentini.com\/it\/www.fiorentini.com\/it\/en\/#\/schema\/logo\/image\/\",\"url\":\"https:\/\/www.fiorentini.com\/wp-content\/uploads\/2020\/11\/logo.svg\",\"contentUrl\":\"https:\/\/www.fiorentini.com\/wp-content\/uploads\/2020\/11\/logo.svg\",\"width\":227,\"height\":59,\"caption\":\"Pietro Fiorentini\"},\"image\":{\"@id\":\"https:\/\/\/\/www.fiorentini.com\/it\/www.fiorentini.com\/it\/www.fiorentini.com\/it\/en\/#\/schema\/logo\/image\/\"}}]}<\/script>\n<!-- \/ Yoast SEO plugin. -->","yoast_head_json":{"title":"Protezioni superficiali - Pietro Fiorentini","description":"Il trattamento delle superfici \u00e8 fondamentale per preservare l'integrit\u00e0 di strutture e attrezzature quando sono esposte a diverse condizioni ambientali.","robots":{"index":"index","follow":"follow","max-snippet":"max-snippet:-1","max-image-preview":"max-image-preview:large","max-video-preview":"max-video-preview:-1"},"canonical":"https:\/\/www.fiorentini.com\/it\/chi-siamo\/expertise\/protezioni-superficiali\/","og_locale":"it_IT","og_type":"article","og_title":"Protezioni superficiali | Pietro Fiorentini","og_description":"Il trattamento delle superfici \u00e8 fondamentale per preservare l'integrit\u00e0 di strutture e attrezzature quando sono esposte a diverse condizioni ambientali.","og_url":"https:\/\/www.fiorentini.com\/it\/chi-siamo\/expertise\/protezioni-superficiali\/","og_site_name":"Pietro Fiorentini","article_modified_time":"2024-06-04T08:28:47+00:00","og_image":[{"url":"https:\/\/www.fiorentini.com\/wp-content\/uploads\/2023\/10\/DisidratazionegastecnologialiquidaTEG-DEG-MEG_PietroFiorentini-300x300.png","type":"","width":"","height":""}],"twitter_card":"summary_large_image","twitter_misc":{"Tempo di lettura stimato":"1 minuto"},"schema":{"@context":"https:\/\/schema.org","@graph":[{"@type":"WebPage","@id":"https:\/\/www.fiorentini.com\/it\/chi-siamo\/expertise\/protezioni-superficiali\/","url":"https:\/\/www.fiorentini.com\/it\/chi-siamo\/expertise\/protezioni-superficiali\/","name":"Protezioni superficiali - Pietro Fiorentini","isPartOf":{"@id":"https:\/\/\/\/www.fiorentini.com\/it\/it\/www.fiorentini.com\/it\/it\/www.fiorentini.com\/it\/it\/en\/#website"},"primaryImageOfPage":{"@id":"https:\/\/www.fiorentini.com\/it\/chi-siamo\/expertise\/protezioni-superficiali\/#primaryimage"},"image":{"@id":"https:\/\/www.fiorentini.com\/it\/chi-siamo\/expertise\/protezioni-superficiali\/#primaryimage"},"thumbnailUrl":"https:\/\/www.fiorentini.com\/wp-content\/uploads\/2023\/10\/surface-coating.jpg","datePublished":"2023-10-23T08:43:31+00:00","dateModified":"2024-06-04T08:28:47+00:00","description":"Il trattamento delle superfici \u00e8 fondamentale per preservare l'integrit\u00e0 di strutture e attrezzature quando sono esposte a diverse condizioni ambientali.","breadcrumb":{"@id":"https:\/\/www.fiorentini.com\/it\/chi-siamo\/expertise\/protezioni-superficiali\/#breadcrumb"},"inLanguage":"it-IT","potentialAction":[{"@type":"ReadAction","target":["https:\/\/www.fiorentini.com\/it\/chi-siamo\/expertise\/protezioni-superficiali\/"]}]},{"@type":"ImageObject","inLanguage":"it-IT","@id":"https:\/\/www.fiorentini.com\/it\/chi-siamo\/expertise\/protezioni-superficiali\/#primaryimage","url":"https:\/\/www.fiorentini.com\/wp-content\/uploads\/2023\/10\/surface-coating.jpg","contentUrl":"https:\/\/www.fiorentini.com\/wp-content\/uploads\/2023\/10\/surface-coating.jpg","width":991,"height":991},{"@type":"BreadcrumbList","@id":"https:\/\/www.fiorentini.com\/it\/chi-siamo\/expertise\/protezioni-superficiali\/#breadcrumb","itemListElement":[{"@type":"ListItem","position":1,"name":"Home","item":"https:\/\/www.fiorentini.com\/it\/"},{"@type":"ListItem","position":2,"name":"Chi siamo","item":"https:\/\/www.fiorentini.com\/it\/chi-siamo\/"},{"@type":"ListItem","position":3,"name":"Expertise","item":"https:\/\/www.fiorentini.com\/it\/about-us\/expertise\/"},{"@type":"ListItem","position":4,"name":"Protezioni superficiali"}]},{"@type":"WebSite","@id":"https:\/\/\/\/www.fiorentini.com\/it\/it\/www.fiorentini.com\/it\/it\/www.fiorentini.com\/it\/it\/en\/#website","url":"https:\/\/\/\/www.fiorentini.com\/it\/it\/www.fiorentini.com\/it\/it\/www.fiorentini.com\/it\/it\/en\/","name":"Pietro Fiorentini","description":"","publisher":{"@id":"https:\/\/\/\/www.fiorentini.com\/it\/www.fiorentini.com\/it\/www.fiorentini.com\/it\/en\/#organization"},"potentialAction":[{"@type":"SearchAction","target":{"@type":"EntryPoint","urlTemplate":"https:\/\/\/\/www.fiorentini.com\/it\/it\/www.fiorentini.com\/it\/it\/www.fiorentini.com\/it\/it\/en\/?s={search_term_string}"},"query-input":{"@type":"PropertyValueSpecification","valueRequired":true,"valueName":"search_term_string"}}],"inLanguage":"it-IT"},{"@type":"Organization","@id":"https:\/\/\/\/www.fiorentini.com\/it\/it\/www.fiorentini.com\/it\/it\/www.fiorentini.com\/it\/it\/en\/#organization","name":"Pietro Fiorentini","url":"https:\/\/\/\/www.fiorentini.com\/it\/it\/www.fiorentini.com\/it\/it\/www.fiorentini.com\/it\/it\/en\/","logo":{"@type":"ImageObject","inLanguage":"it-IT","@id":"https:\/\/\/\/www.fiorentini.com\/it\/it\/www.fiorentini.com\/it\/it\/www.fiorentini.com\/it\/it\/en\/#\/schema\/logo\/image\/","url":"https:\/\/www.fiorentini.com\/wp-content\/uploads\/2020\/11\/logo.svg","contentUrl":"https:\/\/www.fiorentini.com\/wp-content\/uploads\/2020\/11\/logo.svg","width":227,"height":59,"caption":"Pietro Fiorentini"},"image":{"@id":"https:\/\/\/\/www.fiorentini.com\/it\/it\/www.fiorentini.com\/it\/it\/www.fiorentini.com\/it\/it\/en\/#\/schema\/logo\/image\/"}}]}},"_links":{"self":[{"href":"https:\/\/www.fiorentini.com\/it\/wp-json\/wp\/v2\/pages\/29439","targetHints":{"allow":["GET"]}}],"collection":[{"href":"https:\/\/www.fiorentini.com\/it\/wp-json\/wp\/v2\/pages"}],"about":[{"href":"https:\/\/www.fiorentini.com\/it\/wp-json\/wp\/v2\/types\/page"}],"author":[{"embeddable":true,"href":"https:\/\/www.fiorentini.com\/it\/wp-json\/wp\/v2\/users\/13"}],"replies":[{"embeddable":true,"href":"https:\/\/www.fiorentini.com\/it\/wp-json\/wp\/v2\/comments?post=29439"}],"version-history":[{"count":5,"href":"https:\/\/www.fiorentini.com\/it\/wp-json\/wp\/v2\/pages\/29439\/revisions"}],"predecessor-version":[{"id":34488,"href":"https:\/\/www.fiorentini.com\/it\/wp-json\/wp\/v2\/pages\/29439\/revisions\/34488"}],"up":[{"embeddable":true,"href":"https:\/\/www.fiorentini.com\/it\/wp-json\/wp\/v2\/pages\/21936"}],"wp:featuredmedia":[{"embeddable":true,"href":"https:\/\/www.fiorentini.com\/it\/wp-json\/wp\/v2\/media\/29466"}],"wp:attachment":[{"href":"https:\/\/www.fiorentini.com\/it\/wp-json\/wp\/v2\/media?parent=29439"}],"curies":[{"name":"wp","href":"https:\/\/api.w.org\/{rel}","templated":true}]}}