

{"id":24987,"date":"2023-03-23T15:38:35","date_gmt":"2023-03-23T14:38:35","guid":{"rendered":"https:\/\/www.fiorentini.com\/?page_id=24987"},"modified":"2026-03-12T11:31:54","modified_gmt":"2026-03-12T10:31:54","slug":"valori-e-princpi","status":"publish","type":"page","link":"https:\/\/www.fiorentini.com\/it\/chi-siamo\/valori-e-princpi\/","title":{"rendered":"Valori e Principi"},"content":{"rendered":"\n<div style=\"height:20px\" aria-hidden=\"true\" class=\"wp-block-spacer\"><\/div>\n\n\n\n<div class=\"wp-block-group\"><div class=\"wp-block-group__inner-container is-layout-constrained wp-block-group-is-layout-constrained\">\n<h2 class=\"wp-block-heading\" id=\"i-valori-e-i-principi-di-pietro-fiorentini\">I valori del Gruppo Pietro Fiorentini<\/h2>\n\n\n\n<div style=\"height:20px\" aria-hidden=\"true\" class=\"wp-block-spacer\"><\/div>\n\n\n<div class=\"wp-block-image\">\n<figure class=\"aligncenter size-large is-resized\"><img loading=\"lazy\" decoding=\"async\" width=\"1024\" height=\"1024\" src=\"https:\/\/www.fiorentini.com\/wp-content\/uploads\/2023\/04\/valori-IT-1024x1024.png\" alt=\"\" class=\"wp-image-24971\" style=\"width:512px;height:512px\" srcset=\"https:\/\/www.fiorentini.com\/wp-content\/uploads\/2023\/04\/valori-IT-1024x1024.png 1024w, https:\/\/www.fiorentini.com\/wp-content\/uploads\/2023\/04\/valori-IT-300x300.png 300w, https:\/\/www.fiorentini.com\/wp-content\/uploads\/2023\/04\/valori-IT-150x150.png 150w, https:\/\/www.fiorentini.com\/wp-content\/uploads\/2023\/04\/valori-IT-768x768.png 768w, https:\/\/www.fiorentini.com\/wp-content\/uploads\/2023\/04\/valori-IT-1536x1536.png 1536w, https:\/\/www.fiorentini.com\/wp-content\/uploads\/2023\/04\/valori-IT.png 1582w\" sizes=\"auto, (max-width: 1024px) 100vw, 1024px\" \/><\/figure>\n<\/div>\n\n\n<div style=\"height:20px\" aria-hidden=\"true\" class=\"wp-block-spacer\"><\/div>\n\n\n\n<ul class=\"wp-block-list\">\n<li><strong><strong>Affidabilit\u00e0<\/strong><\/strong><br>Manteniamo sempre e con puntualit\u00e0 gli impegni assunti, rispondendo con successo alle aspettative per generare fiducia. <\/li>\n<\/ul>\n\n\n\n<div style=\"height:20px\" aria-hidden=\"true\" class=\"wp-block-spacer\"><\/div>\n\n\n\n<ul class=\"wp-block-list\">\n<li><strong><strong>Comunicazione<\/strong><\/strong><br>Assicuriamo che le strategie, i programmi, gli obiettivi e le informazioni siano trasmessi in modo trasparente, preciso e comprensibile, prestando attenzione per capire il punto di vista di chi ascolta. <\/li>\n<\/ul>\n\n\n\n<div style=\"height:20px\" aria-hidden=\"true\" class=\"wp-block-spacer\"><\/div>\n\n\n\n<ul class=\"wp-block-list\">\n<li><strong><strong>Eccellenza<\/strong><\/strong><br>Fissiamo obiettivi ambiziosi e di miglioramento continuo, identificando il flusso del valore e organizzando le risorse al fine di ridurre gli sprechi che ne ostacolano lo sviluppo. <\/li>\n<\/ul>\n\n\n\n<div style=\"height:20px\" aria-hidden=\"true\" class=\"wp-block-spacer\"><\/div>\n\n\n\n<ul class=\"wp-block-list\">\n<li><strong><strong>Impegno<\/strong><\/strong><br>Operiamo con determinazione nell\u2019analisi dei problemi, nelle proposte di soluzione e nell\u2019attuazione dei compiti, cogliendo il massimo da ogni opportunit\u00e0. <\/li>\n<\/ul>\n\n\n\n<div style=\"height:20px\" aria-hidden=\"true\" class=\"wp-block-spacer\"><\/div>\n\n\n\n<ul class=\"wp-block-list\">\n<li><strong><strong>Innovazione<\/strong><\/strong><br>Perseguiamo un\u2019evoluzione costante incentivando la ricerca di nuove soluzioni, senza accontentarci di seguire la strada pi\u00f9 facile. <\/li>\n<\/ul>\n\n\n\n<div style=\"height:20px\" aria-hidden=\"true\" class=\"wp-block-spacer\"><\/div>\n\n\n\n<ul class=\"wp-block-list\">\n<li><strong><strong>Lavoro di gruppo<\/strong><\/strong><br>Coinvolgiamo e motiviamo colleghi e collaboratori, valorizzandone idee, conoscenze e competenze con l\u2019obiettivo di un miglioramento continuo di prestazioni e risultati. <\/li>\n<\/ul>\n\n\n\n<div style=\"height:20px\" aria-hidden=\"true\" class=\"wp-block-spacer\"><\/div>\n\n\n\n<ul class=\"wp-block-list\">\n<li><strong><strong>Rispetto<\/strong><\/strong><br>Accettiamo e difendiamo la dignit\u00e0 delle persone e del loro lavoro, senza distinzione di sesso o etnia, impegnandoci a trarre un valore aggiunto dalle diversit\u00e0.<\/li>\n<\/ul>\n\n\n\n<div style=\"height:20px\" aria-hidden=\"true\" class=\"wp-block-spacer\"><\/div>\n\n\n\n<ul class=\"wp-block-list\">\n<li><strong><strong>Sincerit\u00e0<\/strong><\/strong><br>Dimostriamo integrit\u00e0 morale, onest\u00e0 professionale e correttezza nei rapporti interpersonali, sostenendo con coraggio idee e opinioni. <\/li>\n<\/ul>\n\n\n\n<div style=\"height:16px\" aria-hidden=\"true\" class=\"wp-block-spacer\"><\/div>\n\n\n\n<p>Questi valori esprimono l\u2019impegno quotidiano di Pietro Fiorentini su temi come la trasparenza, l\u2019onest\u00e0 e la diversit\u00e0.<\/p>\n<\/div><\/div>\n\n\n\n<div style=\"height:80px\" aria-hidden=\"true\" class=\"wp-block-spacer\"><\/div>\n\n\n\n<div id=\"un-ambiente-inclusivo-che-promuove-la-diversita\" class=\"wp-block-group\"><div class=\"wp-block-group__inner-container is-layout-constrained wp-block-group-is-layout-constrained\">\n<h2 class=\"wp-block-heading\">Un ambiente inclusivo che promuove la diversit\u00e0<\/h2>\n\n\n\n<div style=\"height:20px\" aria-hidden=\"true\" class=\"wp-block-spacer\"><\/div>\n\n\n\n<p>In Pietro Fiorentini crediamo che<strong> la diversit\u00e0 rappresenti un\u2019opportunit\u00e0 di scambio e miglioramento<\/strong>, tanto per le persone quanto per l\u2019organizzazione stessa. Etnia, cultura, provenienza, genere, disabilit\u00e0, orientamento politico, religioso e sessuale<strong>: ciascuno, in ogni momento, dev\u2019essere libero di esprimere s\u00e9 stesso<\/strong>, con il proprio unico bagaglio di competenze ed esperienze.<\/p>\n\n\n\n<div style=\"height:20px\" aria-hidden=\"true\" class=\"wp-block-spacer\"><\/div>\n\n\n\n<p>Promuovere diversit\u00e0 e inclusione non significa soltanto \u201crispettare le regole\u201d, ma <strong>applicare un modello di crescita sostenibile<\/strong> dal punto di vista sociale e umano.<\/p>\n\n\n\n<div style=\"height:20px\" aria-hidden=\"true\" class=\"wp-block-spacer\"><\/div>\n\n\n<div class=\"wp-block-image\">\n<figure class=\"aligncenter size-full\"><img loading=\"lazy\" decoding=\"async\" width=\"1920\" height=\"530\" src=\"https:\/\/www.fiorentini.com\/wp-content\/uploads\/2023\/03\/values-principles.jpg\" alt=\"\" class=\"wp-image-24365\" srcset=\"https:\/\/www.fiorentini.com\/wp-content\/uploads\/2023\/03\/values-principles.jpg 1920w, https:\/\/www.fiorentini.com\/wp-content\/uploads\/2023\/03\/values-principles-300x83.jpg 300w, https:\/\/www.fiorentini.com\/wp-content\/uploads\/2023\/03\/values-principles-1024x283.jpg 1024w, https:\/\/www.fiorentini.com\/wp-content\/uploads\/2023\/03\/values-principles-768x212.jpg 768w, https:\/\/www.fiorentini.com\/wp-content\/uploads\/2023\/03\/values-principles-1536x424.jpg 1536w\" sizes=\"auto, (max-width: 1920px) 100vw, 1920px\" \/><\/figure>\n<\/div>\n\n\n<div style=\"height:20px\" aria-hidden=\"true\" class=\"wp-block-spacer\"><\/div>\n\n\n\n<h3 class=\"wp-block-heading\">Una selezione di valore<\/h3>\n\n\n\n<div style=\"height:20px\" aria-hidden=\"true\" class=\"wp-block-spacer\"><\/div>\n\n\n\n<p>A guidare i processi di selezione e la carriera all\u2019interno di Pietro Fiorentini sono il <strong>rispetto<\/strong>, la&nbsp;<strong>sincerit\u00e0<\/strong>&nbsp;e l\u2019<strong>impegno<\/strong>, unici e insindacabili metri di giudizio dell\u2019operato di ogni lavoratore.<\/p>\n\n\n\n<div style=\"height:20px\" aria-hidden=\"true\" class=\"wp-block-spacer\"><\/div>\n\n\n\n<ul class=\"wp-block-list\">\n<li><strong>Pari opportunit\u00e0 <\/strong><br>In Pietro Fiorentini ogni persona \u00e8 valutata esclusivamente per il valore aggiunto che rappresenta. Le opportunit\u00e0 di crescita vengono riservate a tutte le persone in egual misura, con percorsi formativi mirati e personalizzati a seconda delle esigenze. Esperienza, competenze e risultati sono gli unici parametri che determinano le retribuzioni. <\/li>\n<\/ul>\n\n\n\n<div style=\"height:20px\" aria-hidden=\"true\" class=\"wp-block-spacer\"><\/div>\n\n\n\n<ul class=\"wp-block-list\">\n<li><strong><strong>Multiculturalit\u00e0<\/strong><\/strong><br>Ci\u00f2 che rende Pietro Fiorentini eccezionale \u00e8 la pluralit\u00e0 di culture rappresentate in Azienda. Con oltre 40 sedi sparse in tutto il mondo, i dipendenti di Pietro Fiorentini provengono da oltre 48 nazionalit\u00e0 sparse nei cinque continenti. Ecco perch\u00e9 agevolare la condivisione e la collaborazione tra persone provenienti da contesti diversi \u00e8 per noi un impegno collettivo e fondamentale: ciascuno, in ogni momento, dev\u2019essere libero di esprimere se stesso, con il proprio unico bagaglio di competenze ed esperienze.<\/li>\n<\/ul>\n\n\n\n<div style=\"height:20px\" aria-hidden=\"true\" class=\"wp-block-spacer\"><\/div>\n\n\n\n<p>Far parte della nostra realt\u00e0 significa rispettarne e condividerne la cultura aziendale. I primi ambasciatori di questi pilastri sono proprio i nostri collaboratori, che contribuiscono ogni giorno a costruire un mondo migliore per i nostri clienti e per le nuove generazioni.<\/p>\n<\/div><\/div>\n","protected":false},"excerpt":{"rendered":"<p>I valori del Gruppo Pietro Fiorentini Questi valori esprimono l\u2019impegno quotidiano di Pietro Fiorentini su temi come la trasparenza, l\u2019onest\u00e0 e la diversit\u00e0. Un ambiente inclusivo che promuove la diversit\u00e0 In Pietro Fiorentini crediamo che la diversit\u00e0 rappresenti un\u2019opportunit\u00e0 di scambio e miglioramento, tanto per le persone quanto per l\u2019organizzazione stessa. Etnia, cultura, provenienza, genere, [&hellip;]<\/p>\n","protected":false},"author":13,"featured_media":11530,"parent":9310,"menu_order":6,"comment_status":"closed","ping_status":"closed","template":"template-company-default.php","meta":{"_acf_changed":false,"footnotes":""},"class_list":["post-24987","page","type-page","status-publish","has-post-thumbnail","hentry"],"acf":[],"yoast_head":"<!-- This site is optimized with the Yoast SEO plugin v27.2 - https:\/\/yoast.com\/product\/yoast-seo-wordpress\/ -->\n<title>I valori e i principi dell&#039;azienda - Pietro Fiorentini<\/title>\n<meta name=\"description\" content=\"I valori e i principi di Pietro Fiorentini riassumono ci\u00f2 che consideriamo importante e stabiliscono le condizioni per lavorare in modo collaborativo.\" \/>\n<meta name=\"robots\" content=\"index, follow, max-snippet:-1, max-image-preview:large, max-video-preview:-1\" \/>\n<link rel=\"canonical\" href=\"https:\/\/www.fiorentini.com\/it\/chi-siamo\/valori-e-princpi\/\" \/>\n<meta property=\"og:locale\" content=\"it_IT\" \/>\n<meta property=\"og:type\" content=\"article\" \/>\n<meta property=\"og:title\" content=\"The values \u200b\u200band principles of the company | Pietro Fiorentini\" \/>\n<meta property=\"og:description\" content=\"Pietro Fiorentini&#039;s values \u200b\u200band principles summarize what we consider important and establish the conditions for working collaboratively\" \/>\n<meta property=\"og:url\" content=\"https:\/\/www.fiorentini.com\/it\/chi-siamo\/valori-e-princpi\/\" \/>\n<meta property=\"og:site_name\" content=\"Pietro Fiorentini\" \/>\n<meta property=\"article:modified_time\" content=\"2026-03-12T10:31:54+00:00\" \/>\n<meta property=\"og:image\" content=\"https:\/\/www.fiorentini.com\/wp-content\/uploads\/2021\/04\/bg-company-1.jpg\" \/>\n\t<meta property=\"og:image:width\" content=\"1920\" \/>\n\t<meta property=\"og:image:height\" content=\"1080\" \/>\n\t<meta property=\"og:image:type\" content=\"image\/jpeg\" \/>\n<meta name=\"twitter:card\" content=\"summary_large_image\" \/>\n<meta name=\"twitter:title\" content=\"The values \u200b\u200band principles of the company | Pietro Fiorentini\" \/>\n<meta name=\"twitter:description\" content=\"Pietro Fiorentini&#039;s values \u200b\u200band principles summarize what we consider important and establish the conditions for working collaboratively\" \/>\n<meta name=\"twitter:image\" content=\"https:\/\/www.fiorentini.com\/wp-content\/uploads\/2021\/04\/bg-company-1.jpg\" \/>\n<meta name=\"twitter:label1\" content=\"Tempo di lettura stimato\" \/>\n\t<meta name=\"twitter:data1\" content=\"3 minuti\" \/>\n<script type=\"application\/ld+json\" class=\"yoast-schema-graph\">{\"@context\":\"https:\/\/schema.org\",\"@graph\":[{\"@type\":\"WebPage\",\"@id\":\"https:\/\/www.fiorentini.com\/it\/chi-siamo\/valori-e-princpi\/\",\"url\":\"https:\/\/www.fiorentini.com\/it\/chi-siamo\/valori-e-princpi\/\",\"name\":\"I valori e i principi dell'azienda - Pietro Fiorentini\",\"isPartOf\":{\"@id\":\"https:\/\/\/\/www.fiorentini.com\/it\/www.fiorentini.com\/it\/www.fiorentini.com\/it\/en\/#website\"},\"primaryImageOfPage\":{\"@id\":\"https:\/\/www.fiorentini.com\/it\/chi-siamo\/valori-e-princpi\/#primaryimage\"},\"image\":{\"@id\":\"https:\/\/www.fiorentini.com\/it\/chi-siamo\/valori-e-princpi\/#primaryimage\"},\"thumbnailUrl\":\"https:\/\/www.fiorentini.com\/wp-content\/uploads\/2021\/04\/01_values_principles.jpeg\",\"datePublished\":\"2023-03-23T14:38:35+00:00\",\"dateModified\":\"2026-03-12T10:31:54+00:00\",\"description\":\"I valori e i principi di Pietro Fiorentini riassumono ci\u00f2 che consideriamo importante e stabiliscono le condizioni per lavorare in modo collaborativo.\",\"breadcrumb\":{\"@id\":\"https:\/\/www.fiorentini.com\/it\/chi-siamo\/valori-e-princpi\/#breadcrumb\"},\"inLanguage\":\"it-IT\",\"potentialAction\":[{\"@type\":\"ReadAction\",\"target\":[\"https:\/\/www.fiorentini.com\/it\/chi-siamo\/valori-e-princpi\/\"]}]},{\"@type\":\"ImageObject\",\"inLanguage\":\"it-IT\",\"@id\":\"https:\/\/www.fiorentini.com\/it\/chi-siamo\/valori-e-princpi\/#primaryimage\",\"url\":\"https:\/\/www.fiorentini.com\/wp-content\/uploads\/2021\/04\/01_values_principles.jpeg\",\"contentUrl\":\"https:\/\/www.fiorentini.com\/wp-content\/uploads\/2021\/04\/01_values_principles.jpeg\",\"width\":1920,\"height\":288},{\"@type\":\"BreadcrumbList\",\"@id\":\"https:\/\/www.fiorentini.com\/it\/chi-siamo\/valori-e-princpi\/#breadcrumb\",\"itemListElement\":[{\"@type\":\"ListItem\",\"position\":1,\"name\":\"Home\",\"item\":\"https:\/\/www.fiorentini.com\/it\/\"},{\"@type\":\"ListItem\",\"position\":2,\"name\":\"Chi siamo\",\"item\":\"https:\/\/www.fiorentini.com\/it\/chi-siamo\/\"},{\"@type\":\"ListItem\",\"position\":3,\"name\":\"Valori e Principi\"}]},{\"@type\":\"WebSite\",\"@id\":\"https:\/\/\/\/www.fiorentini.com\/it\/www.fiorentini.com\/it\/www.fiorentini.com\/it\/en\/#website\",\"url\":\"https:\/\/\/\/www.fiorentini.com\/it\/www.fiorentini.com\/it\/www.fiorentini.com\/it\/en\/\",\"name\":\"Pietro Fiorentini\",\"description\":\"\",\"publisher\":{\"@id\":\"https:\/\/\/\/www.fiorentini.com\/it\/www.fiorentini.com\/it\/www.fiorentini.com\/it\/en\/#organization\"},\"potentialAction\":[{\"@type\":\"SearchAction\",\"target\":{\"@type\":\"EntryPoint\",\"urlTemplate\":\"https:\/\/\/\/www.fiorentini.com\/it\/www.fiorentini.com\/it\/www.fiorentini.com\/it\/en\/?s={search_term_string}\"},\"query-input\":{\"@type\":\"PropertyValueSpecification\",\"valueRequired\":true,\"valueName\":\"search_term_string\"}}],\"inLanguage\":\"it-IT\"},{\"@type\":\"Organization\",\"@id\":\"https:\/\/\/\/www.fiorentini.com\/it\/www.fiorentini.com\/it\/www.fiorentini.com\/it\/en\/#organization\",\"name\":\"Pietro Fiorentini\",\"url\":\"https:\/\/\/\/www.fiorentini.com\/it\/www.fiorentini.com\/it\/www.fiorentini.com\/it\/en\/\",\"logo\":{\"@type\":\"ImageObject\",\"inLanguage\":\"it-IT\",\"@id\":\"https:\/\/\/\/www.fiorentini.com\/it\/www.fiorentini.com\/it\/www.fiorentini.com\/it\/en\/#\/schema\/logo\/image\/\",\"url\":\"https:\/\/www.fiorentini.com\/wp-content\/uploads\/2020\/11\/logo.svg\",\"contentUrl\":\"https:\/\/www.fiorentini.com\/wp-content\/uploads\/2020\/11\/logo.svg\",\"width\":227,\"height\":59,\"caption\":\"Pietro Fiorentini\"},\"image\":{\"@id\":\"https:\/\/\/\/www.fiorentini.com\/it\/www.fiorentini.com\/it\/www.fiorentini.com\/it\/en\/#\/schema\/logo\/image\/\"}}]}<\/script>\n<!-- \/ Yoast SEO plugin. -->","yoast_head_json":{"title":"I valori e i principi dell'azienda - Pietro Fiorentini","description":"I valori e i principi di Pietro Fiorentini riassumono ci\u00f2 che consideriamo importante e stabiliscono le condizioni per lavorare in modo collaborativo.","robots":{"index":"index","follow":"follow","max-snippet":"max-snippet:-1","max-image-preview":"max-image-preview:large","max-video-preview":"max-video-preview:-1"},"canonical":"https:\/\/www.fiorentini.com\/it\/chi-siamo\/valori-e-princpi\/","og_locale":"it_IT","og_type":"article","og_title":"The values \u200b\u200band principles of the company | Pietro Fiorentini","og_description":"Pietro Fiorentini's values \u200b\u200band principles summarize what we consider important and establish the conditions for working collaboratively","og_url":"https:\/\/www.fiorentini.com\/it\/chi-siamo\/valori-e-princpi\/","og_site_name":"Pietro Fiorentini","article_modified_time":"2026-03-12T10:31:54+00:00","og_image":[{"width":1920,"height":1080,"url":"https:\/\/www.fiorentini.com\/wp-content\/uploads\/2021\/04\/bg-company-1.jpg","type":"image\/jpeg"}],"twitter_card":"summary_large_image","twitter_title":"The values \u200b\u200band principles of the company | Pietro Fiorentini","twitter_description":"Pietro Fiorentini's values \u200b\u200band principles summarize what we consider important and establish the conditions for working collaboratively","twitter_image":"https:\/\/www.fiorentini.com\/wp-content\/uploads\/2021\/04\/bg-company-1.jpg","twitter_misc":{"Tempo di lettura stimato":"3 minuti"},"schema":{"@context":"https:\/\/schema.org","@graph":[{"@type":"WebPage","@id":"https:\/\/www.fiorentini.com\/it\/chi-siamo\/valori-e-princpi\/","url":"https:\/\/www.fiorentini.com\/it\/chi-siamo\/valori-e-princpi\/","name":"I valori e i principi dell'azienda - Pietro Fiorentini","isPartOf":{"@id":"https:\/\/\/\/www.fiorentini.com\/it\/it\/www.fiorentini.com\/it\/it\/www.fiorentini.com\/it\/it\/en\/#website"},"primaryImageOfPage":{"@id":"https:\/\/www.fiorentini.com\/it\/chi-siamo\/valori-e-princpi\/#primaryimage"},"image":{"@id":"https:\/\/www.fiorentini.com\/it\/chi-siamo\/valori-e-princpi\/#primaryimage"},"thumbnailUrl":"https:\/\/www.fiorentini.com\/wp-content\/uploads\/2021\/04\/01_values_principles.jpeg","datePublished":"2023-03-23T14:38:35+00:00","dateModified":"2026-03-12T10:31:54+00:00","description":"I valori e i principi di Pietro Fiorentini riassumono ci\u00f2 che consideriamo importante e stabiliscono le condizioni per lavorare in modo collaborativo.","breadcrumb":{"@id":"https:\/\/www.fiorentini.com\/it\/chi-siamo\/valori-e-princpi\/#breadcrumb"},"inLanguage":"it-IT","potentialAction":[{"@type":"ReadAction","target":["https:\/\/www.fiorentini.com\/it\/chi-siamo\/valori-e-princpi\/"]}]},{"@type":"ImageObject","inLanguage":"it-IT","@id":"https:\/\/www.fiorentini.com\/it\/chi-siamo\/valori-e-princpi\/#primaryimage","url":"https:\/\/www.fiorentini.com\/wp-content\/uploads\/2021\/04\/01_values_principles.jpeg","contentUrl":"https:\/\/www.fiorentini.com\/wp-content\/uploads\/2021\/04\/01_values_principles.jpeg","width":1920,"height":288},{"@type":"BreadcrumbList","@id":"https:\/\/www.fiorentini.com\/it\/chi-siamo\/valori-e-princpi\/#breadcrumb","itemListElement":[{"@type":"ListItem","position":1,"name":"Home","item":"https:\/\/www.fiorentini.com\/it\/"},{"@type":"ListItem","position":2,"name":"Chi siamo","item":"https:\/\/www.fiorentini.com\/it\/chi-siamo\/"},{"@type":"ListItem","position":3,"name":"Valori e Principi"}]},{"@type":"WebSite","@id":"https:\/\/\/\/www.fiorentini.com\/it\/it\/www.fiorentini.com\/it\/it\/www.fiorentini.com\/it\/it\/en\/#website","url":"https:\/\/\/\/www.fiorentini.com\/it\/it\/www.fiorentini.com\/it\/it\/www.fiorentini.com\/it\/it\/en\/","name":"Pietro Fiorentini","description":"","publisher":{"@id":"https:\/\/\/\/www.fiorentini.com\/it\/www.fiorentini.com\/it\/www.fiorentini.com\/it\/en\/#organization"},"potentialAction":[{"@type":"SearchAction","target":{"@type":"EntryPoint","urlTemplate":"https:\/\/\/\/www.fiorentini.com\/it\/it\/www.fiorentini.com\/it\/it\/www.fiorentini.com\/it\/it\/en\/?s={search_term_string}"},"query-input":{"@type":"PropertyValueSpecification","valueRequired":true,"valueName":"search_term_string"}}],"inLanguage":"it-IT"},{"@type":"Organization","@id":"https:\/\/\/\/www.fiorentini.com\/it\/it\/www.fiorentini.com\/it\/it\/www.fiorentini.com\/it\/it\/en\/#organization","name":"Pietro Fiorentini","url":"https:\/\/\/\/www.fiorentini.com\/it\/it\/www.fiorentini.com\/it\/it\/www.fiorentini.com\/it\/it\/en\/","logo":{"@type":"ImageObject","inLanguage":"it-IT","@id":"https:\/\/\/\/www.fiorentini.com\/it\/it\/www.fiorentini.com\/it\/it\/www.fiorentini.com\/it\/it\/en\/#\/schema\/logo\/image\/","url":"https:\/\/www.fiorentini.com\/wp-content\/uploads\/2020\/11\/logo.svg","contentUrl":"https:\/\/www.fiorentini.com\/wp-content\/uploads\/2020\/11\/logo.svg","width":227,"height":59,"caption":"Pietro Fiorentini"},"image":{"@id":"https:\/\/\/\/www.fiorentini.com\/it\/it\/www.fiorentini.com\/it\/it\/www.fiorentini.com\/it\/it\/en\/#\/schema\/logo\/image\/"}}]}},"_links":{"self":[{"href":"https:\/\/www.fiorentini.com\/it\/wp-json\/wp\/v2\/pages\/24987","targetHints":{"allow":["GET"]}}],"collection":[{"href":"https:\/\/www.fiorentini.com\/it\/wp-json\/wp\/v2\/pages"}],"about":[{"href":"https:\/\/www.fiorentini.com\/it\/wp-json\/wp\/v2\/types\/page"}],"author":[{"embeddable":true,"href":"https:\/\/www.fiorentini.com\/it\/wp-json\/wp\/v2\/users\/13"}],"replies":[{"embeddable":true,"href":"https:\/\/www.fiorentini.com\/it\/wp-json\/wp\/v2\/comments?post=24987"}],"version-history":[{"count":12,"href":"https:\/\/www.fiorentini.com\/it\/wp-json\/wp\/v2\/pages\/24987\/revisions"}],"predecessor-version":[{"id":58505,"href":"https:\/\/www.fiorentini.com\/it\/wp-json\/wp\/v2\/pages\/24987\/revisions\/58505"}],"up":[{"embeddable":true,"href":"https:\/\/www.fiorentini.com\/it\/wp-json\/wp\/v2\/pages\/9310"}],"wp:featuredmedia":[{"embeddable":true,"href":"https:\/\/www.fiorentini.com\/it\/wp-json\/wp\/v2\/media\/11530"}],"wp:attachment":[{"href":"https:\/\/www.fiorentini.com\/it\/wp-json\/wp\/v2\/media?parent=24987"}],"curies":[{"name":"wp","href":"https:\/\/api.w.org\/{rel}","templated":true}]}}