

{"id":21956,"date":"2023-01-03T12:00:23","date_gmt":"2023-01-03T11:00:23","guid":{"rendered":"https:\/\/www.fiorentini.com\/expertise\/smart-gas-grids\/decarbonisation-decentralisation-and-digitalisation\/"},"modified":"2024-06-03T17:10:23","modified_gmt":"2024-06-03T15:10:23","slug":"decarbonizzazione-decentralizzazione-digitalizzazione","status":"publish","type":"page","link":"https:\/\/www.fiorentini.com\/it\/chi-siamo\/expertise\/smart-gas-grids\/decarbonizzazione-decentralizzazione-digitalizzazione\/","title":{"rendered":"Decarbonizzazione, decentralizzazione, digitalizzazione"},"content":{"rendered":"\n<p>Sottoscrivendo il <a href=\"https:\/\/ec.europa.eu\/info\/strategy\/priorities-2019-2024\/european-green-deal_it\" target=\"_blank\" rel=\"noreferrer noopener\">Green Deal<\/a> l\u2019Unione Europea si \u00e8 impegnata ad azzerare le proprie emissioni nette di gas a effetto serra entro il 2050, con obiettivi intermedi per il 2030 e 2040. Il piano d\u2019azione prevede sia la <strong>promozione di un uso efficiente delle risorse<\/strong> passando a un\u2019economia pulita e circolare, sia il <strong>ripristino della biodiversit\u00e0 e la riduzione l\u2019inquinamento<\/strong>.<\/p>\n\n\n\n<p>Le reti intelligenti possono ampiamente contribuire al raggiungimento degli obiettivi europei. Per quanto riguarda la distribuzione di energia elettrica, implementare le Smart Grids significa infatti:<\/p>\n\n\n\n<ul class=\"wp-block-list\">\n<li>sfruttare le tecnologie informatiche per consentire lo <strong>scambio di dati e informazioni<\/strong> tra i diversi nodi al fine di<strong> ottimizzare<\/strong> <strong>i flussi<\/strong>;<\/li>\n\n\n\n<li>trasformare il ruolo del consumatore finale <strong>da utente passivo a produttore di energia<\/strong> (per esempio, tramite impianti fotovoltaici a tetto) che aiuta la rete a programmare un utilizzo pi\u00f9 efficiente evitando picchi di potenza ed eccessi di produzione;<\/li>\n\n\n\n<li>massimizzare la <strong>sicurezza e azzerare perdite e sprechi<\/strong>, riducendo quindi i consumi;<\/li>\n\n\n\n<li>integrare le DER, <em>Distributed Energy Resources<\/em>, nella rete portando il <strong>modello di distribuzione da oligarchico a distribuito<\/strong>. Pi\u00f9 i piccoli impianti a fonti rinnovabili si diffondono, pi\u00f9 i luoghi di produzione e di consumo dell\u2019energia si avvicinano (arrivando a coincidere in alcuni casi), portando all\u2019abbattimento delle perdite sulle lunghe dorsali di trasmissione.<\/li>\n<\/ul>\n\n\n\n<div style=\"height:32px\" aria-hidden=\"true\" class=\"wp-block-spacer\"><\/div>\n\n\n\n<figure class=\"wp-block-image size-large\"><img loading=\"lazy\" decoding=\"async\" width=\"951\" height=\"765\" src=\"https:\/\/www.fiorentini.com\/wp-content\/uploads\/2021\/04\/Expertise_SmartGasGrids_1EN.jpg\" alt=\"\" class=\"wp-image-14957\" srcset=\"https:\/\/www.fiorentini.com\/wp-content\/uploads\/2021\/04\/Expertise_SmartGasGrids_1EN.jpg 951w, https:\/\/www.fiorentini.com\/wp-content\/uploads\/2021\/04\/Expertise_SmartGasGrids_1EN-300x241.jpg 300w, https:\/\/www.fiorentini.com\/wp-content\/uploads\/2021\/04\/Expertise_SmartGasGrids_1EN-768x618.jpg 768w\" sizes=\"auto, (max-width: 951px) 100vw, 951px\" \/><\/figure>\n\n\n\n<p class=\"has-text-align-center\"><em><em>Reti intelligenti per la distribuzione di energia elettrica e gas<\/em><\/em><\/p>\n\n\n\n<div style=\"height:40px\" aria-hidden=\"true\" class=\"wp-block-spacer\"><\/div>\n\n\n\n<h2 class=\"wp-block-heading\">Riduzione perdite gas post contatore<\/h2>\n\n\n\n<p>Ridurre le emissioni di metano \u00e8 una priorit\u00e0 ma anche un\u2019opportunit\u00e0.<\/p>\n\n\n\n<p>Con la finalit\u00e0 di prevenire il cambiamento climatico, l&#8217;Unione europea ha fissato ambiziosi obiettivi per la riduzione delle proprie emissioni di gas serra. L&#8217;UE intende raggiungere la neutralit\u00e0 climatica entro il 2050 e tale obiettivo viene indicato nella legge europea sul clima, insieme all&#8217;obiettivo intermedio di riduzione delle emissioni di CO2 del 55% entro il 2030.<\/p>\n\n\n\n<p>Forniamo la libera consultazione di un documento che non ha lo scopo di valutare quanto convenga investire per la riduzione delle perdite di metano, dato che investire per prevenire il cambiamento climatico \u00e8 essenziale e obbligatorio, ma di mettere a confronto e valutare lo sforzo economico di differenti possibili soluzioni rapportate ai benefici che ogni soluzione \u00e8 in grado di offrire e quindi di valutare la soluzione pi\u00f9 efficace e la priorit\u00e0 degli investimenti.<\/p>\n\n\n\n<p><a href=\"https:\/\/www.fiorentini.com\/wp-content\/uploads\/2024\/05\/Riduzione-Perdite-Post-contatore-CBA-v7e89.pdf\" target=\"_blank\" rel=\"noreferrer noopener\">Scarica il documento<\/a><\/p>\n","protected":false},"excerpt":{"rendered":"<p>Le reti intelligenti possono contribuire al raggiungimento degli obiettivi europei del Green Deal. L\u2019implementazione delle Smart Gas Grids permette di ottimizzare i flussi di energia, trasformare il consumatore in produttore, massimizzare la sicurezza e azzerare perdite e sprechi.<\/p>\n","protected":false},"author":12,"featured_media":0,"parent":21955,"menu_order":1,"comment_status":"closed","ping_status":"closed","template":"template-expertise-post.php","meta":{"_acf_changed":false,"footnotes":""},"class_list":["post-21956","page","type-page","status-publish","hentry"],"acf":[],"yoast_head":"<!-- This site is optimized with the Yoast SEO plugin v27.2 - https:\/\/yoast.com\/product\/yoast-seo-wordpress\/ -->\n<title>Decarbonizzazione, decentralizzazione, digitalizzazione - Pietro Fiorentini<\/title>\n<meta name=\"description\" content=\"L\u2019implementazione di Smart Gas Grids consente di ottimizzare i flussi di energia, trasforma il consumatore in produttore e massimizza la sicurezza.\" \/>\n<meta name=\"robots\" content=\"index, follow, max-snippet:-1, max-image-preview:large, max-video-preview:-1\" \/>\n<link rel=\"canonical\" href=\"https:\/\/www.fiorentini.com\/it\/chi-siamo\/expertise\/smart-gas-grids\/decarbonizzazione-decentralizzazione-digitalizzazione\/\" \/>\n<meta property=\"og:locale\" content=\"it_IT\" \/>\n<meta property=\"og:type\" content=\"article\" \/>\n<meta property=\"og:title\" content=\"Decarbonizzazione, decentralizzazione, digitalizzazione\" \/>\n<meta property=\"og:description\" content=\"L\u2019implementazione di Smart Gas Grids consente di ottimizzare i flussi di energia, trasforma il consumatore in produttore e massimizza la sicurezza.\" \/>\n<meta property=\"og:url\" content=\"https:\/\/www.fiorentini.com\/it\/chi-siamo\/expertise\/smart-gas-grids\/decarbonizzazione-decentralizzazione-digitalizzazione\/\" \/>\n<meta property=\"og:site_name\" content=\"Pietro Fiorentini\" \/>\n<meta property=\"article:modified_time\" content=\"2024-06-03T15:10:23+00:00\" \/>\n<meta property=\"og:image\" content=\"https:\/\/www.fiorentini.com\/wp-content\/uploads\/2021\/04\/ImgSito_1milionesmartmeteruzbeksitan_991.jpg\" \/>\n\t<meta property=\"og:image:width\" content=\"991\" \/>\n\t<meta property=\"og:image:height\" content=\"991\" \/>\n\t<meta property=\"og:image:type\" content=\"image\/jpeg\" \/>\n<meta name=\"twitter:card\" content=\"summary_large_image\" \/>\n<meta name=\"twitter:title\" content=\"Decarbonizzazione, decentralizzazione, digitalizzazione\" \/>\n<meta name=\"twitter:description\" content=\"L\u2019implementazione di Smart Gas Grids consente di ottimizzare i flussi di energia, trasforma il consumatore in produttore e massimizza la sicurezza.\" \/>\n<meta name=\"twitter:image\" content=\"https:\/\/www.fiorentini.com\/wp-content\/uploads\/2021\/04\/ImgSito_1milionesmartmeteruzbeksitan_991.jpg\" \/>\n<meta name=\"twitter:label1\" content=\"Tempo di lettura stimato\" \/>\n\t<meta name=\"twitter:data1\" content=\"2 minuti\" \/>\n<script type=\"application\/ld+json\" class=\"yoast-schema-graph\">{\"@context\":\"https:\/\/schema.org\",\"@graph\":[{\"@type\":\"WebPage\",\"@id\":\"https:\/\/www.fiorentini.com\/it\/chi-siamo\/expertise\/smart-gas-grids\/decarbonizzazione-decentralizzazione-digitalizzazione\/\",\"url\":\"https:\/\/www.fiorentini.com\/it\/chi-siamo\/expertise\/smart-gas-grids\/decarbonizzazione-decentralizzazione-digitalizzazione\/\",\"name\":\"Decarbonizzazione, decentralizzazione, digitalizzazione - Pietro Fiorentini\",\"isPartOf\":{\"@id\":\"https:\/\/\/\/www.fiorentini.com\/it\/www.fiorentini.com\/it\/www.fiorentini.com\/it\/en\/#website\"},\"primaryImageOfPage\":{\"@id\":\"https:\/\/www.fiorentini.com\/it\/chi-siamo\/expertise\/smart-gas-grids\/decarbonizzazione-decentralizzazione-digitalizzazione\/#primaryimage\"},\"image\":{\"@id\":\"https:\/\/www.fiorentini.com\/it\/chi-siamo\/expertise\/smart-gas-grids\/decarbonizzazione-decentralizzazione-digitalizzazione\/#primaryimage\"},\"thumbnailUrl\":\"https:\/\/www.fiorentini.com\/wp-content\/uploads\/2021\/04\/Expertise_SmartGasGrids_1EN.jpg\",\"datePublished\":\"2023-01-03T11:00:23+00:00\",\"dateModified\":\"2024-06-03T15:10:23+00:00\",\"description\":\"L\u2019implementazione di Smart Gas Grids consente di ottimizzare i flussi di energia, trasforma il consumatore in produttore e massimizza la sicurezza.\",\"breadcrumb\":{\"@id\":\"https:\/\/www.fiorentini.com\/it\/chi-siamo\/expertise\/smart-gas-grids\/decarbonizzazione-decentralizzazione-digitalizzazione\/#breadcrumb\"},\"inLanguage\":\"it-IT\",\"potentialAction\":[{\"@type\":\"ReadAction\",\"target\":[\"https:\/\/www.fiorentini.com\/it\/chi-siamo\/expertise\/smart-gas-grids\/decarbonizzazione-decentralizzazione-digitalizzazione\/\"]}]},{\"@type\":\"ImageObject\",\"inLanguage\":\"it-IT\",\"@id\":\"https:\/\/www.fiorentini.com\/it\/chi-siamo\/expertise\/smart-gas-grids\/decarbonizzazione-decentralizzazione-digitalizzazione\/#primaryimage\",\"url\":\"https:\/\/www.fiorentini.com\/wp-content\/uploads\/2021\/04\/Expertise_SmartGasGrids_1EN.jpg\",\"contentUrl\":\"https:\/\/www.fiorentini.com\/wp-content\/uploads\/2021\/04\/Expertise_SmartGasGrids_1EN.jpg\"},{\"@type\":\"BreadcrumbList\",\"@id\":\"https:\/\/www.fiorentini.com\/it\/chi-siamo\/expertise\/smart-gas-grids\/decarbonizzazione-decentralizzazione-digitalizzazione\/#breadcrumb\",\"itemListElement\":[{\"@type\":\"ListItem\",\"position\":1,\"name\":\"Home\",\"item\":\"https:\/\/www.fiorentini.com\/it\/\"},{\"@type\":\"ListItem\",\"position\":2,\"name\":\"Chi siamo\",\"item\":\"https:\/\/www.fiorentini.com\/it\/chi-siamo\/\"},{\"@type\":\"ListItem\",\"position\":3,\"name\":\"Expertise\",\"item\":\"https:\/\/www.fiorentini.com\/it\/about-us\/expertise\/\"},{\"@type\":\"ListItem\",\"position\":4,\"name\":\"Smart gas grids\",\"item\":\"https:\/\/www.fiorentini.com\/it\/about-us\/expertise\/smart-gas-grids\/\"},{\"@type\":\"ListItem\",\"position\":5,\"name\":\"Decarbonizzazione, decentralizzazione, digitalizzazione\"}]},{\"@type\":\"WebSite\",\"@id\":\"https:\/\/\/\/www.fiorentini.com\/it\/www.fiorentini.com\/it\/www.fiorentini.com\/it\/en\/#website\",\"url\":\"https:\/\/\/\/www.fiorentini.com\/it\/www.fiorentini.com\/it\/www.fiorentini.com\/it\/en\/\",\"name\":\"Pietro Fiorentini\",\"description\":\"\",\"publisher\":{\"@id\":\"https:\/\/\/\/www.fiorentini.com\/it\/www.fiorentini.com\/it\/www.fiorentini.com\/it\/en\/#organization\"},\"potentialAction\":[{\"@type\":\"SearchAction\",\"target\":{\"@type\":\"EntryPoint\",\"urlTemplate\":\"https:\/\/\/\/www.fiorentini.com\/it\/www.fiorentini.com\/it\/www.fiorentini.com\/it\/en\/?s={search_term_string}\"},\"query-input\":{\"@type\":\"PropertyValueSpecification\",\"valueRequired\":true,\"valueName\":\"search_term_string\"}}],\"inLanguage\":\"it-IT\"},{\"@type\":\"Organization\",\"@id\":\"https:\/\/\/\/www.fiorentini.com\/it\/www.fiorentini.com\/it\/www.fiorentini.com\/it\/en\/#organization\",\"name\":\"Pietro Fiorentini\",\"url\":\"https:\/\/\/\/www.fiorentini.com\/it\/www.fiorentini.com\/it\/www.fiorentini.com\/it\/en\/\",\"logo\":{\"@type\":\"ImageObject\",\"inLanguage\":\"it-IT\",\"@id\":\"https:\/\/\/\/www.fiorentini.com\/it\/www.fiorentini.com\/it\/www.fiorentini.com\/it\/en\/#\/schema\/logo\/image\/\",\"url\":\"https:\/\/www.fiorentini.com\/wp-content\/uploads\/2020\/11\/logo.svg\",\"contentUrl\":\"https:\/\/www.fiorentini.com\/wp-content\/uploads\/2020\/11\/logo.svg\",\"width\":227,\"height\":59,\"caption\":\"Pietro Fiorentini\"},\"image\":{\"@id\":\"https:\/\/\/\/www.fiorentini.com\/it\/www.fiorentini.com\/it\/www.fiorentini.com\/it\/en\/#\/schema\/logo\/image\/\"}}]}<\/script>\n<!-- \/ Yoast SEO plugin. -->","yoast_head_json":{"title":"Decarbonizzazione, decentralizzazione, digitalizzazione - Pietro Fiorentini","description":"L\u2019implementazione di Smart Gas Grids consente di ottimizzare i flussi di energia, trasforma il consumatore in produttore e massimizza la sicurezza.","robots":{"index":"index","follow":"follow","max-snippet":"max-snippet:-1","max-image-preview":"max-image-preview:large","max-video-preview":"max-video-preview:-1"},"canonical":"https:\/\/www.fiorentini.com\/it\/chi-siamo\/expertise\/smart-gas-grids\/decarbonizzazione-decentralizzazione-digitalizzazione\/","og_locale":"it_IT","og_type":"article","og_title":"Decarbonizzazione, decentralizzazione, digitalizzazione","og_description":"L\u2019implementazione di Smart Gas Grids consente di ottimizzare i flussi di energia, trasforma il consumatore in produttore e massimizza la sicurezza.","og_url":"https:\/\/www.fiorentini.com\/it\/chi-siamo\/expertise\/smart-gas-grids\/decarbonizzazione-decentralizzazione-digitalizzazione\/","og_site_name":"Pietro Fiorentini","article_modified_time":"2024-06-03T15:10:23+00:00","og_image":[{"width":991,"height":991,"url":"https:\/\/www.fiorentini.com\/wp-content\/uploads\/2021\/04\/ImgSito_1milionesmartmeteruzbeksitan_991.jpg","type":"image\/jpeg"}],"twitter_card":"summary_large_image","twitter_title":"Decarbonizzazione, decentralizzazione, digitalizzazione","twitter_description":"L\u2019implementazione di Smart Gas Grids consente di ottimizzare i flussi di energia, trasforma il consumatore in produttore e massimizza la sicurezza.","twitter_image":"https:\/\/www.fiorentini.com\/wp-content\/uploads\/2021\/04\/ImgSito_1milionesmartmeteruzbeksitan_991.jpg","twitter_misc":{"Tempo di lettura stimato":"2 minuti"},"schema":{"@context":"https:\/\/schema.org","@graph":[{"@type":"WebPage","@id":"https:\/\/www.fiorentini.com\/it\/chi-siamo\/expertise\/smart-gas-grids\/decarbonizzazione-decentralizzazione-digitalizzazione\/","url":"https:\/\/www.fiorentini.com\/it\/chi-siamo\/expertise\/smart-gas-grids\/decarbonizzazione-decentralizzazione-digitalizzazione\/","name":"Decarbonizzazione, decentralizzazione, digitalizzazione - Pietro Fiorentini","isPartOf":{"@id":"https:\/\/\/\/www.fiorentini.com\/it\/it\/www.fiorentini.com\/it\/it\/www.fiorentini.com\/it\/it\/en\/#website"},"primaryImageOfPage":{"@id":"https:\/\/www.fiorentini.com\/it\/chi-siamo\/expertise\/smart-gas-grids\/decarbonizzazione-decentralizzazione-digitalizzazione\/#primaryimage"},"image":{"@id":"https:\/\/www.fiorentini.com\/it\/chi-siamo\/expertise\/smart-gas-grids\/decarbonizzazione-decentralizzazione-digitalizzazione\/#primaryimage"},"thumbnailUrl":"https:\/\/www.fiorentini.com\/wp-content\/uploads\/2021\/04\/Expertise_SmartGasGrids_1EN.jpg","datePublished":"2023-01-03T11:00:23+00:00","dateModified":"2024-06-03T15:10:23+00:00","description":"L\u2019implementazione di Smart Gas Grids consente di ottimizzare i flussi di energia, trasforma il consumatore in produttore e massimizza la sicurezza.","breadcrumb":{"@id":"https:\/\/www.fiorentini.com\/it\/chi-siamo\/expertise\/smart-gas-grids\/decarbonizzazione-decentralizzazione-digitalizzazione\/#breadcrumb"},"inLanguage":"it-IT","potentialAction":[{"@type":"ReadAction","target":["https:\/\/www.fiorentini.com\/it\/chi-siamo\/expertise\/smart-gas-grids\/decarbonizzazione-decentralizzazione-digitalizzazione\/"]}]},{"@type":"ImageObject","inLanguage":"it-IT","@id":"https:\/\/www.fiorentini.com\/it\/chi-siamo\/expertise\/smart-gas-grids\/decarbonizzazione-decentralizzazione-digitalizzazione\/#primaryimage","url":"https:\/\/www.fiorentini.com\/wp-content\/uploads\/2021\/04\/Expertise_SmartGasGrids_1EN.jpg","contentUrl":"https:\/\/www.fiorentini.com\/wp-content\/uploads\/2021\/04\/Expertise_SmartGasGrids_1EN.jpg"},{"@type":"BreadcrumbList","@id":"https:\/\/www.fiorentini.com\/it\/chi-siamo\/expertise\/smart-gas-grids\/decarbonizzazione-decentralizzazione-digitalizzazione\/#breadcrumb","itemListElement":[{"@type":"ListItem","position":1,"name":"Home","item":"https:\/\/www.fiorentini.com\/it\/"},{"@type":"ListItem","position":2,"name":"Chi siamo","item":"https:\/\/www.fiorentini.com\/it\/chi-siamo\/"},{"@type":"ListItem","position":3,"name":"Expertise","item":"https:\/\/www.fiorentini.com\/it\/about-us\/expertise\/"},{"@type":"ListItem","position":4,"name":"Smart gas grids","item":"https:\/\/www.fiorentini.com\/it\/about-us\/expertise\/smart-gas-grids\/"},{"@type":"ListItem","position":5,"name":"Decarbonizzazione, decentralizzazione, digitalizzazione"}]},{"@type":"WebSite","@id":"https:\/\/\/\/www.fiorentini.com\/it\/it\/www.fiorentini.com\/it\/it\/www.fiorentini.com\/it\/it\/en\/#website","url":"https:\/\/\/\/www.fiorentini.com\/it\/it\/www.fiorentini.com\/it\/it\/www.fiorentini.com\/it\/it\/en\/","name":"Pietro Fiorentini","description":"","publisher":{"@id":"https:\/\/\/\/www.fiorentini.com\/it\/www.fiorentini.com\/it\/www.fiorentini.com\/it\/en\/#organization"},"potentialAction":[{"@type":"SearchAction","target":{"@type":"EntryPoint","urlTemplate":"https:\/\/\/\/www.fiorentini.com\/it\/it\/www.fiorentini.com\/it\/it\/www.fiorentini.com\/it\/it\/en\/?s={search_term_string}"},"query-input":{"@type":"PropertyValueSpecification","valueRequired":true,"valueName":"search_term_string"}}],"inLanguage":"it-IT"},{"@type":"Organization","@id":"https:\/\/\/\/www.fiorentini.com\/it\/it\/www.fiorentini.com\/it\/it\/www.fiorentini.com\/it\/it\/en\/#organization","name":"Pietro Fiorentini","url":"https:\/\/\/\/www.fiorentini.com\/it\/it\/www.fiorentini.com\/it\/it\/www.fiorentini.com\/it\/it\/en\/","logo":{"@type":"ImageObject","inLanguage":"it-IT","@id":"https:\/\/\/\/www.fiorentini.com\/it\/it\/www.fiorentini.com\/it\/it\/www.fiorentini.com\/it\/it\/en\/#\/schema\/logo\/image\/","url":"https:\/\/www.fiorentini.com\/wp-content\/uploads\/2020\/11\/logo.svg","contentUrl":"https:\/\/www.fiorentini.com\/wp-content\/uploads\/2020\/11\/logo.svg","width":227,"height":59,"caption":"Pietro Fiorentini"},"image":{"@id":"https:\/\/\/\/www.fiorentini.com\/it\/it\/www.fiorentini.com\/it\/it\/www.fiorentini.com\/it\/it\/en\/#\/schema\/logo\/image\/"}}]}},"_links":{"self":[{"href":"https:\/\/www.fiorentini.com\/it\/wp-json\/wp\/v2\/pages\/21956","targetHints":{"allow":["GET"]}}],"collection":[{"href":"https:\/\/www.fiorentini.com\/it\/wp-json\/wp\/v2\/pages"}],"about":[{"href":"https:\/\/www.fiorentini.com\/it\/wp-json\/wp\/v2\/types\/page"}],"author":[{"embeddable":true,"href":"https:\/\/www.fiorentini.com\/it\/wp-json\/wp\/v2\/users\/12"}],"replies":[{"embeddable":true,"href":"https:\/\/www.fiorentini.com\/it\/wp-json\/wp\/v2\/comments?post=21956"}],"version-history":[{"count":4,"href":"https:\/\/www.fiorentini.com\/it\/wp-json\/wp\/v2\/pages\/21956\/revisions"}],"predecessor-version":[{"id":34417,"href":"https:\/\/www.fiorentini.com\/it\/wp-json\/wp\/v2\/pages\/21956\/revisions\/34417"}],"up":[{"embeddable":true,"href":"https:\/\/www.fiorentini.com\/it\/wp-json\/wp\/v2\/pages\/21955"}],"wp:attachment":[{"href":"https:\/\/www.fiorentini.com\/it\/wp-json\/wp\/v2\/media?parent=21956"}],"curies":[{"name":"wp","href":"https:\/\/api.w.org\/{rel}","templated":true}]}}