

{"id":21953,"date":"2023-01-03T11:34:08","date_gmt":"2023-01-03T10:34:08","guid":{"rendered":"https:\/\/www.fiorentini.com\/expertise\/power-to-gas\/"},"modified":"2023-01-18T16:23:16","modified_gmt":"2023-01-18T15:23:16","slug":"power-to-gas","status":"publish","type":"page","link":"https:\/\/www.fiorentini.com\/it\/chi-siamo\/expertise\/power-to-gas\/","title":{"rendered":"Power-to-gas"},"content":{"rendered":"\n<h2 class=\"wp-block-heading\"><strong><strong>Al servizio delle rinnovabili<\/strong><\/strong><\/h2>\n\n\n\n<p>Oltre a consentire una diffusione sempre pi\u00f9 accessibile di energia elettrica sostenibile, sole e vento stanno rivoluzionando le dinamiche dei mercati. Gestire la produzione di elettricit\u00e0 in base ai consumi \u00e8 un paradigma ormai superato: l\u2019esigenza attuale \u00e8 ottenere pi\u00f9 energia possibile nei momenti in cui le fonti rinnovabili sono disponibili <strong>organizzando nello spazio e nel tempo gli elettroni verdi.<\/strong><\/p>\n\n\n\n<p>La risposta a tale esigenza \u00e8 la tecnologia Power-to-gas, <em>P2G<\/em>, che <strong>trasforma il surplus di elettricit\u00e0 in molecole verdi<\/strong> trasportabili su lunghe distanze a basso costo con perdite sempre meno rilevanti. Allo stesso tempo, offre la possibilit\u00e0 di avere a disposizione <strong>storage stagionali<\/strong> di energia rinnovabile, da utilizzare nei momenti in cui la richiesta \u00e8 pi\u00f9 elevata.<\/p>\n","protected":false},"excerpt":{"rendered":"<p>Per ottenere pi\u00f9 energia possibile nei momenti in cui le fonti rinnovabili come sole e vento sono disponibili, \u00e8 necessario gestire gli \u201celettroni verdi\u201d nel tempo e nello spazio.<br \/>\nLa risposta a questa esigenza \u00e8 il Power-to-gas, tecnologia che trasforma il surplus di elettricit\u00e0 in molecole di gas trasportabili su lunghe distanze a basso costo e offre la possibilit\u00e0 di avere a disposizione stoccaggi stagionali di energia rinnovabile.<\/p>\n","protected":false},"author":12,"featured_media":10689,"parent":21936,"menu_order":0,"comment_status":"closed","ping_status":"closed","template":"template-expertise-child.php","meta":{"_acf_changed":false,"footnotes":""},"class_list":["post-21953","page","type-page","status-publish","has-post-thumbnail","hentry"],"acf":[],"yoast_head":"<!-- This site is optimized with the Yoast SEO plugin v27.2 - https:\/\/yoast.com\/product\/yoast-seo-wordpress\/ -->\n<title>Power-to-gas - Pietro Fiorentini<\/title>\n<meta name=\"description\" content=\"Power-to-gas \u00e8 la tecnologia che trasforma il surplus di elettricit\u00e0 in molecole di gas trasportabili su lunghe distanze a basso costo.\" \/>\n<meta name=\"robots\" content=\"index, follow, max-snippet:-1, max-image-preview:large, max-video-preview:-1\" \/>\n<link rel=\"canonical\" href=\"https:\/\/www.fiorentini.com\/it\/chi-siamo\/expertise\/power-to-gas\/\" \/>\n<meta property=\"og:locale\" content=\"it_IT\" \/>\n<meta property=\"og:type\" content=\"article\" \/>\n<meta property=\"og:title\" content=\"Power-to-gas - Pietro Fiorentini\" \/>\n<meta property=\"og:description\" content=\"Power-to-gas \u00e8 la tecnologia che trasforma il surplus di elettricit\u00e0 in molecole di gas trasportabili su lunghe distanze a basso costo.\" \/>\n<meta property=\"og:url\" content=\"https:\/\/www.fiorentini.com\/it\/chi-siamo\/expertise\/power-to-gas\/\" \/>\n<meta property=\"og:site_name\" content=\"Pietro Fiorentini\" \/>\n<meta property=\"article:modified_time\" content=\"2023-01-18T15:23:16+00:00\" \/>\n<meta property=\"og:image\" content=\"https:\/\/www.fiorentini.com\/wp-content\/uploads\/2021\/03\/04_expertise_powertogas.jpeg\" \/>\n\t<meta property=\"og:image:width\" content=\"991\" \/>\n\t<meta property=\"og:image:height\" content=\"991\" \/>\n\t<meta property=\"og:image:type\" content=\"image\/jpeg\" \/>\n<meta name=\"twitter:card\" content=\"summary_large_image\" \/>\n<meta name=\"twitter:label1\" content=\"Tempo di lettura stimato\" \/>\n\t<meta name=\"twitter:data1\" content=\"1 minuto\" \/>\n<script type=\"application\/ld+json\" class=\"yoast-schema-graph\">{\"@context\":\"https:\/\/schema.org\",\"@graph\":[{\"@type\":\"WebPage\",\"@id\":\"https:\/\/www.fiorentini.com\/it\/chi-siamo\/expertise\/power-to-gas\/\",\"url\":\"https:\/\/www.fiorentini.com\/it\/chi-siamo\/expertise\/power-to-gas\/\",\"name\":\"Power-to-gas - Pietro Fiorentini\",\"isPartOf\":{\"@id\":\"https:\/\/\/\/www.fiorentini.com\/it\/www.fiorentini.com\/it\/www.fiorentini.com\/it\/en\/#website\"},\"primaryImageOfPage\":{\"@id\":\"https:\/\/www.fiorentini.com\/it\/chi-siamo\/expertise\/power-to-gas\/#primaryimage\"},\"image\":{\"@id\":\"https:\/\/www.fiorentini.com\/it\/chi-siamo\/expertise\/power-to-gas\/#primaryimage\"},\"thumbnailUrl\":\"https:\/\/www.fiorentini.com\/wp-content\/uploads\/2021\/03\/04_expertise_powertogas.jpeg\",\"datePublished\":\"2023-01-03T10:34:08+00:00\",\"dateModified\":\"2023-01-18T15:23:16+00:00\",\"description\":\"Power-to-gas \u00e8 la tecnologia che trasforma il surplus di elettricit\u00e0 in molecole di gas trasportabili su lunghe distanze a basso costo.\",\"breadcrumb\":{\"@id\":\"https:\/\/www.fiorentini.com\/it\/chi-siamo\/expertise\/power-to-gas\/#breadcrumb\"},\"inLanguage\":\"it-IT\",\"potentialAction\":[{\"@type\":\"ReadAction\",\"target\":[\"https:\/\/www.fiorentini.com\/it\/chi-siamo\/expertise\/power-to-gas\/\"]}]},{\"@type\":\"ImageObject\",\"inLanguage\":\"it-IT\",\"@id\":\"https:\/\/www.fiorentini.com\/it\/chi-siamo\/expertise\/power-to-gas\/#primaryimage\",\"url\":\"https:\/\/www.fiorentini.com\/wp-content\/uploads\/2021\/03\/04_expertise_powertogas.jpeg\",\"contentUrl\":\"https:\/\/www.fiorentini.com\/wp-content\/uploads\/2021\/03\/04_expertise_powertogas.jpeg\",\"width\":991,\"height\":991,\"caption\":\"Power-to-gas, a technology that transforms surplus electricity into gas\"},{\"@type\":\"BreadcrumbList\",\"@id\":\"https:\/\/www.fiorentini.com\/it\/chi-siamo\/expertise\/power-to-gas\/#breadcrumb\",\"itemListElement\":[{\"@type\":\"ListItem\",\"position\":1,\"name\":\"Home\",\"item\":\"https:\/\/www.fiorentini.com\/it\/\"},{\"@type\":\"ListItem\",\"position\":2,\"name\":\"Chi siamo\",\"item\":\"https:\/\/www.fiorentini.com\/it\/chi-siamo\/\"},{\"@type\":\"ListItem\",\"position\":3,\"name\":\"Expertise\",\"item\":\"https:\/\/www.fiorentini.com\/it\/about-us\/expertise\/\"},{\"@type\":\"ListItem\",\"position\":4,\"name\":\"Power-to-gas\"}]},{\"@type\":\"WebSite\",\"@id\":\"https:\/\/\/\/www.fiorentini.com\/it\/www.fiorentini.com\/it\/www.fiorentini.com\/it\/en\/#website\",\"url\":\"https:\/\/\/\/www.fiorentini.com\/it\/www.fiorentini.com\/it\/www.fiorentini.com\/it\/en\/\",\"name\":\"Pietro Fiorentini\",\"description\":\"\",\"publisher\":{\"@id\":\"https:\/\/\/\/www.fiorentini.com\/it\/www.fiorentini.com\/it\/www.fiorentini.com\/it\/en\/#organization\"},\"potentialAction\":[{\"@type\":\"SearchAction\",\"target\":{\"@type\":\"EntryPoint\",\"urlTemplate\":\"https:\/\/\/\/www.fiorentini.com\/it\/www.fiorentini.com\/it\/www.fiorentini.com\/it\/en\/?s={search_term_string}\"},\"query-input\":{\"@type\":\"PropertyValueSpecification\",\"valueRequired\":true,\"valueName\":\"search_term_string\"}}],\"inLanguage\":\"it-IT\"},{\"@type\":\"Organization\",\"@id\":\"https:\/\/\/\/www.fiorentini.com\/it\/www.fiorentini.com\/it\/www.fiorentini.com\/it\/en\/#organization\",\"name\":\"Pietro Fiorentini\",\"url\":\"https:\/\/\/\/www.fiorentini.com\/it\/www.fiorentini.com\/it\/www.fiorentini.com\/it\/en\/\",\"logo\":{\"@type\":\"ImageObject\",\"inLanguage\":\"it-IT\",\"@id\":\"https:\/\/\/\/www.fiorentini.com\/it\/www.fiorentini.com\/it\/www.fiorentini.com\/it\/en\/#\/schema\/logo\/image\/\",\"url\":\"https:\/\/www.fiorentini.com\/wp-content\/uploads\/2020\/11\/logo.svg\",\"contentUrl\":\"https:\/\/www.fiorentini.com\/wp-content\/uploads\/2020\/11\/logo.svg\",\"width\":227,\"height\":59,\"caption\":\"Pietro Fiorentini\"},\"image\":{\"@id\":\"https:\/\/\/\/www.fiorentini.com\/it\/www.fiorentini.com\/it\/www.fiorentini.com\/it\/en\/#\/schema\/logo\/image\/\"}}]}<\/script>\n<!-- \/ Yoast SEO plugin. -->","yoast_head_json":{"title":"Power-to-gas - Pietro Fiorentini","description":"Power-to-gas \u00e8 la tecnologia che trasforma il surplus di elettricit\u00e0 in molecole di gas trasportabili su lunghe distanze a basso costo.","robots":{"index":"index","follow":"follow","max-snippet":"max-snippet:-1","max-image-preview":"max-image-preview:large","max-video-preview":"max-video-preview:-1"},"canonical":"https:\/\/www.fiorentini.com\/it\/chi-siamo\/expertise\/power-to-gas\/","og_locale":"it_IT","og_type":"article","og_title":"Power-to-gas - Pietro Fiorentini","og_description":"Power-to-gas \u00e8 la tecnologia che trasforma il surplus di elettricit\u00e0 in molecole di gas trasportabili su lunghe distanze a basso costo.","og_url":"https:\/\/www.fiorentini.com\/it\/chi-siamo\/expertise\/power-to-gas\/","og_site_name":"Pietro Fiorentini","article_modified_time":"2023-01-18T15:23:16+00:00","og_image":[{"width":991,"height":991,"url":"https:\/\/www.fiorentini.com\/wp-content\/uploads\/2021\/03\/04_expertise_powertogas.jpeg","type":"image\/jpeg"}],"twitter_card":"summary_large_image","twitter_misc":{"Tempo di lettura stimato":"1 minuto"},"schema":{"@context":"https:\/\/schema.org","@graph":[{"@type":"WebPage","@id":"https:\/\/www.fiorentini.com\/it\/chi-siamo\/expertise\/power-to-gas\/","url":"https:\/\/www.fiorentini.com\/it\/chi-siamo\/expertise\/power-to-gas\/","name":"Power-to-gas - Pietro Fiorentini","isPartOf":{"@id":"https:\/\/\/\/www.fiorentini.com\/it\/it\/www.fiorentini.com\/it\/it\/www.fiorentini.com\/it\/it\/en\/#website"},"primaryImageOfPage":{"@id":"https:\/\/www.fiorentini.com\/it\/chi-siamo\/expertise\/power-to-gas\/#primaryimage"},"image":{"@id":"https:\/\/www.fiorentini.com\/it\/chi-siamo\/expertise\/power-to-gas\/#primaryimage"},"thumbnailUrl":"https:\/\/www.fiorentini.com\/wp-content\/uploads\/2021\/03\/04_expertise_powertogas.jpeg","datePublished":"2023-01-03T10:34:08+00:00","dateModified":"2023-01-18T15:23:16+00:00","description":"Power-to-gas \u00e8 la tecnologia che trasforma il surplus di elettricit\u00e0 in molecole di gas trasportabili su lunghe distanze a basso costo.","breadcrumb":{"@id":"https:\/\/www.fiorentini.com\/it\/chi-siamo\/expertise\/power-to-gas\/#breadcrumb"},"inLanguage":"it-IT","potentialAction":[{"@type":"ReadAction","target":["https:\/\/www.fiorentini.com\/it\/chi-siamo\/expertise\/power-to-gas\/"]}]},{"@type":"ImageObject","inLanguage":"it-IT","@id":"https:\/\/www.fiorentini.com\/it\/chi-siamo\/expertise\/power-to-gas\/#primaryimage","url":"https:\/\/www.fiorentini.com\/wp-content\/uploads\/2021\/03\/04_expertise_powertogas.jpeg","contentUrl":"https:\/\/www.fiorentini.com\/wp-content\/uploads\/2021\/03\/04_expertise_powertogas.jpeg","width":991,"height":991,"caption":"Power-to-gas, a technology that transforms surplus electricity into gas"},{"@type":"BreadcrumbList","@id":"https:\/\/www.fiorentini.com\/it\/chi-siamo\/expertise\/power-to-gas\/#breadcrumb","itemListElement":[{"@type":"ListItem","position":1,"name":"Home","item":"https:\/\/www.fiorentini.com\/it\/"},{"@type":"ListItem","position":2,"name":"Chi siamo","item":"https:\/\/www.fiorentini.com\/it\/chi-siamo\/"},{"@type":"ListItem","position":3,"name":"Expertise","item":"https:\/\/www.fiorentini.com\/it\/about-us\/expertise\/"},{"@type":"ListItem","position":4,"name":"Power-to-gas"}]},{"@type":"WebSite","@id":"https:\/\/\/\/www.fiorentini.com\/it\/it\/www.fiorentini.com\/it\/it\/www.fiorentini.com\/it\/it\/en\/#website","url":"https:\/\/\/\/www.fiorentini.com\/it\/it\/www.fiorentini.com\/it\/it\/www.fiorentini.com\/it\/it\/en\/","name":"Pietro Fiorentini","description":"","publisher":{"@id":"https:\/\/\/\/www.fiorentini.com\/it\/www.fiorentini.com\/it\/www.fiorentini.com\/it\/en\/#organization"},"potentialAction":[{"@type":"SearchAction","target":{"@type":"EntryPoint","urlTemplate":"https:\/\/\/\/www.fiorentini.com\/it\/it\/www.fiorentini.com\/it\/it\/www.fiorentini.com\/it\/it\/en\/?s={search_term_string}"},"query-input":{"@type":"PropertyValueSpecification","valueRequired":true,"valueName":"search_term_string"}}],"inLanguage":"it-IT"},{"@type":"Organization","@id":"https:\/\/\/\/www.fiorentini.com\/it\/it\/www.fiorentini.com\/it\/it\/www.fiorentini.com\/it\/it\/en\/#organization","name":"Pietro Fiorentini","url":"https:\/\/\/\/www.fiorentini.com\/it\/it\/www.fiorentini.com\/it\/it\/www.fiorentini.com\/it\/it\/en\/","logo":{"@type":"ImageObject","inLanguage":"it-IT","@id":"https:\/\/\/\/www.fiorentini.com\/it\/it\/www.fiorentini.com\/it\/it\/www.fiorentini.com\/it\/it\/en\/#\/schema\/logo\/image\/","url":"https:\/\/www.fiorentini.com\/wp-content\/uploads\/2020\/11\/logo.svg","contentUrl":"https:\/\/www.fiorentini.com\/wp-content\/uploads\/2020\/11\/logo.svg","width":227,"height":59,"caption":"Pietro Fiorentini"},"image":{"@id":"https:\/\/\/\/www.fiorentini.com\/it\/it\/www.fiorentini.com\/it\/it\/www.fiorentini.com\/it\/it\/en\/#\/schema\/logo\/image\/"}}]}},"_links":{"self":[{"href":"https:\/\/www.fiorentini.com\/it\/wp-json\/wp\/v2\/pages\/21953","targetHints":{"allow":["GET"]}}],"collection":[{"href":"https:\/\/www.fiorentini.com\/it\/wp-json\/wp\/v2\/pages"}],"about":[{"href":"https:\/\/www.fiorentini.com\/it\/wp-json\/wp\/v2\/types\/page"}],"author":[{"embeddable":true,"href":"https:\/\/www.fiorentini.com\/it\/wp-json\/wp\/v2\/users\/12"}],"replies":[{"embeddable":true,"href":"https:\/\/www.fiorentini.com\/it\/wp-json\/wp\/v2\/comments?post=21953"}],"version-history":[{"count":5,"href":"https:\/\/www.fiorentini.com\/it\/wp-json\/wp\/v2\/pages\/21953\/revisions"}],"predecessor-version":[{"id":22091,"href":"https:\/\/www.fiorentini.com\/it\/wp-json\/wp\/v2\/pages\/21953\/revisions\/22091"}],"up":[{"embeddable":true,"href":"https:\/\/www.fiorentini.com\/it\/wp-json\/wp\/v2\/pages\/21936"}],"wp:featuredmedia":[{"embeddable":true,"href":"https:\/\/www.fiorentini.com\/it\/wp-json\/wp\/v2\/media\/10689"}],"wp:attachment":[{"href":"https:\/\/www.fiorentini.com\/it\/wp-json\/wp\/v2\/media?parent=21953"}],"curies":[{"name":"wp","href":"https:\/\/api.w.org\/{rel}","templated":true}]}}