

{"id":21942,"date":"2023-01-03T11:22:43","date_gmt":"2023-01-03T10:22:43","guid":{"rendered":"https:\/\/www.fiorentini.com\/expertise\/idrogeno\/pietro-fiorentinis-h2-laboratory\/"},"modified":"2023-05-19T15:33:26","modified_gmt":"2023-05-19T13:33:26","slug":"l-hydrogen-innovation-lab-di-pietro-fiorentini","status":"publish","type":"page","link":"https:\/\/www.fiorentini.com\/it\/chi-siamo\/expertise\/idrogeno\/l-hydrogen-innovation-lab-di-pietro-fiorentini\/","title":{"rendered":"L&#8217;Hydrogen Innovation Lab di Pietro Fiorentini"},"content":{"rendered":"\n<h2 class=\"wp-block-heading\"><strong><strong>All\u2019avanguardia nel processo di transizione energetica<\/strong><\/strong><\/h2>\n\n\n\n<p>Il 20 ottobre 2022 si \u00e8 svolto l\u2019evento di inaugurazione virtuale dell&#8217;<strong>Hydrogen Innovation Lab<\/strong>, un progetto che ha visto la costruzione di una struttura multifunzione dove \u00e8 possibile produrre e usare idrogeno prodotto per elettrolisi, fare <em>blending<\/em> di miscele di idrogeno e gas naturale e testare la <em>readiness<\/em> dei dispositivi utilizzati lungo le reti esistenti.<\/p>\n\n\n\n<div style=\"height:20px\" aria-hidden=\"true\" class=\"wp-block-spacer\"><\/div>\n\n\n\n<div class=\"wp-block-group index\"><div class=\"wp-block-group__inner-container is-layout-flow wp-block-group-is-layout-flow\">\n<ol class=\"wp-block-list\">\n<li><strong><a href=\"#come-e-nato-il-laboratorio\">Come \u00e8 nato l&#8217;Hydrogen Innovation Lab<\/a><\/strong><\/li>\n\n\n\n<li><strong><a href=\"#le-sfide-nella-realizzazione\">Le sfide nella realizzazione<\/a><\/strong><\/li>\n\n\n\n<li><strong><a href=\"#nel-cuore-del-laboratorio\">Nel cuore dell&#8217;Hydrogen Innovation Lab<\/a><\/strong><\/li>\n\n\n\n<li><strong><a href=\"#un-centro-dinnovazione-al-servizio-della-comunita\">Un centro d\u2019innovazione al servizio della comunit\u00e0<\/a><\/strong><\/li>\n<\/ol>\n<\/div><\/div>\n\n\n\n<div style=\"height:20px\" aria-hidden=\"true\" class=\"wp-block-spacer\"><\/div>\n\n\n\n<figure class=\"wp-block-embed is-type-video is-provider-youtube wp-block-embed-youtube wp-embed-aspect-16-9 wp-has-aspect-ratio\"><div class=\"wp-block-embed__wrapper\">\n<iframe loading=\"lazy\" title=\"Il nuovo laboratorio per la sperimentazione dell\u2019idrogeno di Pietro Fiorentini\" width=\"500\" height=\"281\" src=\"https:\/\/www.youtube.com\/embed\/oqHMhq9i3YU?feature=oembed\" frameborder=\"0\" allow=\"accelerometer; autoplay; clipboard-write; encrypted-media; gyroscope; picture-in-picture; web-share\" referrerpolicy=\"strict-origin-when-cross-origin\" allowfullscreen><\/iframe>\n<\/div><\/figure>\n\n\n\n<div style=\"height:32px\" aria-hidden=\"true\" class=\"wp-block-spacer\"><\/div>\n\n\n\n<div id=\"come-e-nato-il-laboratorio\" class=\"wp-block-group\"><div class=\"wp-block-group__inner-container is-layout-flow wp-block-group-is-layout-flow\">\n<h3 class=\"wp-block-heading\"><strong><strong>Come \u00e8 nato l&#8217;Hydrogen Innovation Lab<\/strong><\/strong><\/h3>\n\n\n\n<p>L\u2019<em>hydrogen journey<\/em> di Pietro Fiorentini inizia nel 2018 con la partecipazione alla conferenza del progetto Hy4Heat a Londra, che ha segnato l\u2019inizio dello sviluppo di soluzioni per l\u2019idrogeno. Gi\u00e0 in questa fase emerge la necessit\u00e0 di <strong>testare il comportamento dei prodotti<\/strong> gi\u00e0 esistenti per il gas naturale per verificarne il comportamento con l\u2019idrogeno. A causa della difficolt\u00e0 nel reperire laboratori esterni, e con il desiderio di poter condurre in prima persona test approfonditi, si \u00e8 fatta strada l\u2019idea di <strong>progettare un laboratorio per l\u2019idrogeno<\/strong>.<\/p>\n\n\n\n<p>Il risultato finale \u00e8 una struttura completa, composta da un\u2019area di produzione dell\u2019idrogeno, un locale in cui si effettua il <em>blending<\/em>, ovvero la miscela di idrogeno e gas naturale, e il laboratorio vero e proprio in cui vengono effettuati i test sui dispositivi con <em>blending<\/em> o 100% idrogeno.<\/p>\n<\/div><\/div>\n\n\n\n<div style=\"height:32px\" aria-hidden=\"true\" class=\"wp-block-spacer\"><\/div>\n\n\n\n<div id=\"le-sfide-nella-realizzazione\" class=\"wp-block-group\"><div class=\"wp-block-group__inner-container is-layout-flow wp-block-group-is-layout-flow\">\n<h3 class=\"wp-block-heading\"><strong><strong>Le sfide nella realizzazione<\/strong><\/strong><\/h3>\n\n\n\n<p>La realizzazione dell&#8217;Hydrogen Innovation Lab non \u00e8 stata semplice. I precedenti a cui fare riferimento non erano molti: ancora oggi la tematica dell\u2019impiego dell\u2019idrogeno su reti di distribuzione \u00e8 poco approfondita e ci troviamo in una <strong>fase di incertezza<\/strong>, anche normativa.<\/p>\n\n\n\n<p>Per questo motivo la progettazione iniziale ha richiesto uno sforzo elevato. Prima ancora degli aspetti funzionali, Pietro Fiorentini ha affrontato in maniera molto approfondita le tematiche legate alla sicurezza attraverso un\u2019accurata <strong>analisi dei rischi<\/strong>.<\/p>\n\n\n\n<p>Lo sforzo del team che ha collaborato per portare a termine queste sfide \u00e8 stato ripagato dal grande interesse che Pietro Fiorentini ha ricevuto quando sono iniziate ad arrivare richieste di supporto da parte dei clienti storici del mondo del gas naturale, desiderosi di conoscere di pi\u00f9 in merito alle <strong>opportunit\u00e0 che l\u2019idrogeno porta con s\u00e9<\/strong>.<\/p>\n<\/div><\/div>\n\n\n\n<div style=\"height:32px\" aria-hidden=\"true\" class=\"wp-block-spacer\"><\/div>\n\n\n\n<div id=\"nel-cuore-del-laboratorio\" class=\"wp-block-group\"><div class=\"wp-block-group__inner-container is-layout-flow wp-block-group-is-layout-flow\">\n<h3 class=\"wp-block-heading\"><strong><strong>Nel cuore dell&#8217;Hydrogen Innovation Lab<\/strong><\/strong><\/h3>\n\n\n\n<p>L&#8217;Hydrogen Innovation Lab \u00e8 pensato per lavorare con idrogeno gassoso proveniente dal generatore, posto a monte della struttura, e con il normale gas di rete. La pratica di lavorare con due gas, nello specifico idrogeno e gas naturale, miscelandoli in percentuale variabile, prende il nome di <strong><em>blending dell\u2019idrogeno<\/em><\/strong>. I parametri da considerare per il <em>blending<\/em> di idrogeno sono principalmente pressione, temperatura, portata e umidit\u00e0 della miscela.<\/p>\n\n\n\n<p>Poich\u00e9 idrogeno e gas naturale hanno pressioni di ingresso differenti, vi sono <strong>due linee separate<\/strong> che realizzano un primo salto di pressione, in modo da raggiungere pressioni e temperature di miscelazione pressoch\u00e9 identiche. Il <em>blending<\/em> di idrogeno viene gestito attraverso una <strong>stazione di miscelazione composta da tre <em>mass flow controller<\/em><\/strong>, due sulla linea idrogeno e uno sulla linea gas naturale: si tratta di misuratori di portata collegati ad un\u2019elettrovalvola con regolazione in continuo. Una volta impostata la miscela desiderata, il sistema di controllo regola in maniera precisa l\u2019apertura delle valvole per garantire le corrette portate sui due rami del circuito e mantenere bilanciata la miscela finale. Il laboratorio \u00e8 pensato per poter generare <strong>qualsiasi miscela tra i due gas, fino a poter lavorare esclusivamente con l\u2019idrogeno<\/strong>.<\/p>\n\n\n\n<p>Prima di poter iniettare miscele con idrogeno nelle reti esistenti, \u00e8 necessario avere la sicurezza che i prodotti utilizzati per la gestione della pressione e della misura fiscale siano idonei a tale scopo attraverso un percorso comune di studio, sperimentazione e osservazione per testare materiali e performance dei dispositivi. L&#8217;Hydrogen Innovation Lab Pietro Fiorentini nasce anche con lo scopo di <strong>valutare la <em>readiness<\/em> degli strumenti utilizzati lungo la rete<\/strong>, ovvero la loro capacit\u00e0 di gestire diverse miscele di idrogeno e gas naturale. All\u2019interno del laboratorio vengono effettuate diverse prove in portata su regolatori e contatori con idrogeno puro o miscele la cui qualit\u00e0 viene verificata in tempo reale tramite analisi gas cromatografica. Il banco di test per la prova dei contatori segue le indicazioni riportate in un <a href=\"https:\/\/www.sciencedirect.com\/science\/article\/pii\/S0263224122010788\" target=\"_blank\" rel=\"noreferrer noopener\">articolo scientifico di recente pubblicazione<\/a>, che vede anche Pietro Fiorentini tra gli autori.<\/p>\n\n\n\n<figure class=\"wp-block-gallery has-nested-images columns-default is-cropped wp-block-gallery-1 is-layout-flex wp-block-gallery-is-layout-flex\">\n<figure class=\"wp-block-image size-full\"><img loading=\"lazy\" decoding=\"async\" width=\"1017\" height=\"678\" data-id=\"21647\" src=\"https:\/\/www.fiorentini.com\/wp-content\/uploads\/2023\/01\/hydrogen-lab-1-1.jpg\" alt=\"\" class=\"wp-image-21647\" srcset=\"https:\/\/www.fiorentini.com\/wp-content\/uploads\/2023\/01\/hydrogen-lab-1-1.jpg 1017w, https:\/\/www.fiorentini.com\/wp-content\/uploads\/2023\/01\/hydrogen-lab-1-1-300x200.jpg 300w, https:\/\/www.fiorentini.com\/wp-content\/uploads\/2023\/01\/hydrogen-lab-1-1-768x512.jpg 768w\" sizes=\"auto, (max-width: 1017px) 100vw, 1017px\" \/><\/figure>\n\n\n\n<figure class=\"wp-block-image size-large\"><img loading=\"lazy\" decoding=\"async\" width=\"1024\" height=\"682\" data-id=\"21631\" src=\"https:\/\/www.fiorentini.com\/wp-content\/uploads\/2023\/01\/hydrogen-lab-2-1-1024x682.jpg\" alt=\"\" class=\"wp-image-21631\" srcset=\"https:\/\/www.fiorentini.com\/wp-content\/uploads\/2023\/01\/hydrogen-lab-2-1-1024x682.jpg 1024w, https:\/\/www.fiorentini.com\/wp-content\/uploads\/2023\/01\/hydrogen-lab-2-1-300x200.jpg 300w, https:\/\/www.fiorentini.com\/wp-content\/uploads\/2023\/01\/hydrogen-lab-2-1-768x512.jpg 768w, https:\/\/www.fiorentini.com\/wp-content\/uploads\/2023\/01\/hydrogen-lab-2-1.jpg 1106w\" sizes=\"auto, (max-width: 1024px) 100vw, 1024px\" \/><\/figure>\n\n\n\n<figure class=\"wp-block-image size-large\"><img loading=\"lazy\" decoding=\"async\" width=\"1024\" height=\"676\" data-id=\"21639\" src=\"https:\/\/www.fiorentini.com\/wp-content\/uploads\/2023\/01\/hydrogen-lab-3-1-1024x676.jpg\" alt=\"\" class=\"wp-image-21639\" srcset=\"https:\/\/www.fiorentini.com\/wp-content\/uploads\/2023\/01\/hydrogen-lab-3-1-1024x676.jpg 1024w, https:\/\/www.fiorentini.com\/wp-content\/uploads\/2023\/01\/hydrogen-lab-3-1-300x198.jpg 300w, https:\/\/www.fiorentini.com\/wp-content\/uploads\/2023\/01\/hydrogen-lab-3-1-768x507.jpg 768w, https:\/\/www.fiorentini.com\/wp-content\/uploads\/2023\/01\/hydrogen-lab-3-1.jpg 1202w\" sizes=\"auto, (max-width: 1024px) 100vw, 1024px\" \/><\/figure>\n<\/figure>\n<\/div><\/div>\n\n\n\n<div style=\"height:32px\" aria-hidden=\"true\" class=\"wp-block-spacer\"><\/div>\n\n\n\n<div id=\"un-centro-dinnovazione-al-servizio-della-comunita\" class=\"wp-block-group\"><div class=\"wp-block-group__inner-container is-layout-flow wp-block-group-is-layout-flow\">\n<h3 class=\"wp-block-heading\"><strong><strong>Un centro d\u2019innovazione al servizio della comunit\u00e0<\/strong><\/strong><\/h3>\n\n\n\n<p>L&#8217;Hydrogen Innovation Lab di Pietro Fiorentini non si pone come unico scopo quello di essere una semplice area di test per i prodotti del Gruppo.<\/p>\n\n\n\n<p>L\u2019obiettivo principale della costruzione del laboratorio \u00e8 di renderlo un vero e proprio <strong>acceleratore di sviluppo<\/strong>, un catalizzatore per la creazione di nuove tecnologie in grado di generare confronto e soluzioni innovative assieme ad altri enti e aziende del settore, creando un <strong>polo di eccellenza per il territorio nazionale<\/strong>.<\/p>\n\n\n\n<p>Oltre a questo confronto, \u00e8 necessario anche interfacciarsi con il consumatore finale, dato che la transizione energetica parte necessariamente dagli utenti che dovranno vedere nelle nuove tecnologie un\u2019opportunit\u00e0 e non una minaccia: ecco perch\u00e9 l&#8217;Hydrogen Innovation Lab vuole anche essere un <strong>punto formativo e informativo per la comunit\u00e0<\/strong>.<\/p>\n\n\n\n<figure class=\"wp-block-embed is-type-video is-provider-youtube wp-block-embed-youtube wp-embed-aspect-16-9 wp-has-aspect-ratio\"><div class=\"wp-block-embed__wrapper\">\n<iframe loading=\"lazy\" title=\"Pietro Fiorentini inaugura il nuovo laboratorio per la sperimentazione dell\u2019idrogeno\" width=\"500\" height=\"281\" src=\"https:\/\/www.youtube.com\/embed\/Vk5BS4GnD3I?feature=oembed\" frameborder=\"0\" allow=\"accelerometer; autoplay; clipboard-write; encrypted-media; gyroscope; picture-in-picture; web-share\" referrerpolicy=\"strict-origin-when-cross-origin\" allowfullscreen><\/iframe>\n<\/div><figcaption class=\"wp-element-caption\"><em>Guarda il video completo della presentazione del laboratorio<\/em><\/figcaption><\/figure>\n<\/div><\/div>\n","protected":false},"excerpt":{"rendered":"<p>L\u2019hydrogen journey di Pietro Fiorentini ha visto il raggiungimento di un\u2019importante milestone a ottobre 2022 con l\u2019inaugurazione del laboratorio idrogeno, una struttura multifunzione situata nell\u2019headquarter di Arcugnano capace di produrre idrogeno, fare blending di gas e testare la readiness dei dispositivi.<\/p>\n","protected":false},"author":12,"featured_media":0,"parent":21941,"menu_order":2,"comment_status":"closed","ping_status":"closed","template":"template-expertise-post.php","meta":{"_acf_changed":false,"footnotes":""},"class_list":["post-21942","page","type-page","status-publish","hentry"],"acf":[],"yoast_head":"<!-- This site is optimized with the Yoast SEO plugin v27.2 - https:\/\/yoast.com\/product\/yoast-seo-wordpress\/ -->\n<title>L&#039;Hydrogen Innovation Lab di Pietro Fiorentini - Pietro Fiorentini<\/title>\n<meta name=\"description\" content=\"Pietro Fiorentini ha inaugurato il laboratorio idrogeno, una struttura capace di produrre idrogeno, fare blending di gas e testare i dispositivi.\" \/>\n<meta name=\"robots\" content=\"index, follow, max-snippet:-1, max-image-preview:large, max-video-preview:-1\" \/>\n<link rel=\"canonical\" href=\"https:\/\/www.fiorentini.com\/it\/chi-siamo\/expertise\/idrogeno\/l-hydrogen-innovation-lab-di-pietro-fiorentini\/\" \/>\n<meta property=\"og:locale\" content=\"it_IT\" \/>\n<meta property=\"og:type\" content=\"article\" \/>\n<meta property=\"og:title\" content=\"L&#039;Hydrogen Innovation Lab di Pietro Fiorentini\" \/>\n<meta property=\"og:description\" content=\"Pietro Fiorentini ha inaugurato il laboratorio idrogeno, una struttura capace di produrre idrogeno, fare blending di gas e testare i dispositivi.\" \/>\n<meta property=\"og:url\" content=\"https:\/\/www.fiorentini.com\/it\/chi-siamo\/expertise\/idrogeno\/l-hydrogen-innovation-lab-di-pietro-fiorentini\/\" \/>\n<meta property=\"og:site_name\" content=\"Pietro Fiorentini\" \/>\n<meta property=\"article:modified_time\" content=\"2023-05-19T13:33:26+00:00\" \/>\n<meta property=\"og:image\" content=\"https:\/\/www.fiorentini.com\/wp-content\/uploads\/2023\/01\/hydrogen-lab-1-1.jpg\" \/>\n\t<meta property=\"og:image:width\" content=\"1017\" \/>\n\t<meta property=\"og:image:height\" content=\"678\" \/>\n\t<meta property=\"og:image:type\" content=\"image\/jpeg\" \/>\n<meta name=\"twitter:card\" content=\"summary_large_image\" \/>\n<meta name=\"twitter:title\" content=\"L&#039;Hydrogen Innovation Lab di Pietro Fiorentini\" \/>\n<meta name=\"twitter:description\" content=\"Pietro Fiorentini ha inaugurato il laboratorio idrogeno, una struttura capace di produrre idrogeno, fare blending di gas e testare i dispositivi.\" \/>\n<meta name=\"twitter:image\" content=\"https:\/\/www.fiorentini.com\/wp-content\/uploads\/2023\/01\/hydrogen-lab-1-1.jpg\" \/>\n<meta name=\"twitter:label1\" content=\"Tempo di lettura stimato\" \/>\n\t<meta name=\"twitter:data1\" content=\"5 minuti\" \/>\n<script type=\"application\/ld+json\" class=\"yoast-schema-graph\">{\"@context\":\"https:\/\/schema.org\",\"@graph\":[{\"@type\":\"WebPage\",\"@id\":\"https:\/\/www.fiorentini.com\/it\/chi-siamo\/expertise\/idrogeno\/l-hydrogen-innovation-lab-di-pietro-fiorentini\/\",\"url\":\"https:\/\/www.fiorentini.com\/it\/chi-siamo\/expertise\/idrogeno\/l-hydrogen-innovation-lab-di-pietro-fiorentini\/\",\"name\":\"L'Hydrogen Innovation Lab di Pietro Fiorentini - Pietro Fiorentini\",\"isPartOf\":{\"@id\":\"https:\/\/\/\/www.fiorentini.com\/it\/www.fiorentini.com\/it\/www.fiorentini.com\/it\/en\/#website\"},\"primaryImageOfPage\":{\"@id\":\"https:\/\/www.fiorentini.com\/it\/chi-siamo\/expertise\/idrogeno\/l-hydrogen-innovation-lab-di-pietro-fiorentini\/#primaryimage\"},\"image\":{\"@id\":\"https:\/\/www.fiorentini.com\/it\/chi-siamo\/expertise\/idrogeno\/l-hydrogen-innovation-lab-di-pietro-fiorentini\/#primaryimage\"},\"thumbnailUrl\":\"https:\/\/www.fiorentini.com\/wp-content\/uploads\/2023\/01\/hydrogen-lab-1-1.jpg\",\"datePublished\":\"2023-01-03T10:22:43+00:00\",\"dateModified\":\"2023-05-19T13:33:26+00:00\",\"description\":\"Pietro Fiorentini ha inaugurato il laboratorio idrogeno, una struttura capace di produrre idrogeno, fare blending di gas e testare i dispositivi.\",\"breadcrumb\":{\"@id\":\"https:\/\/www.fiorentini.com\/it\/chi-siamo\/expertise\/idrogeno\/l-hydrogen-innovation-lab-di-pietro-fiorentini\/#breadcrumb\"},\"inLanguage\":\"it-IT\",\"potentialAction\":[{\"@type\":\"ReadAction\",\"target\":[\"https:\/\/www.fiorentini.com\/it\/chi-siamo\/expertise\/idrogeno\/l-hydrogen-innovation-lab-di-pietro-fiorentini\/\"]}]},{\"@type\":\"ImageObject\",\"inLanguage\":\"it-IT\",\"@id\":\"https:\/\/www.fiorentini.com\/it\/chi-siamo\/expertise\/idrogeno\/l-hydrogen-innovation-lab-di-pietro-fiorentini\/#primaryimage\",\"url\":\"https:\/\/www.fiorentini.com\/wp-content\/uploads\/2023\/01\/hydrogen-lab-1-1.jpg\",\"contentUrl\":\"https:\/\/www.fiorentini.com\/wp-content\/uploads\/2023\/01\/hydrogen-lab-1-1.jpg\"},{\"@type\":\"BreadcrumbList\",\"@id\":\"https:\/\/www.fiorentini.com\/it\/chi-siamo\/expertise\/idrogeno\/l-hydrogen-innovation-lab-di-pietro-fiorentini\/#breadcrumb\",\"itemListElement\":[{\"@type\":\"ListItem\",\"position\":1,\"name\":\"Home\",\"item\":\"https:\/\/www.fiorentini.com\/it\/\"},{\"@type\":\"ListItem\",\"position\":2,\"name\":\"Chi siamo\",\"item\":\"https:\/\/www.fiorentini.com\/it\/chi-siamo\/\"},{\"@type\":\"ListItem\",\"position\":3,\"name\":\"Expertise\",\"item\":\"https:\/\/www.fiorentini.com\/it\/about-us\/expertise\/\"},{\"@type\":\"ListItem\",\"position\":4,\"name\":\"Idrogeno\",\"item\":\"https:\/\/www.fiorentini.com\/it\/chi-siamo\/expertise\/idrogeno\/\"},{\"@type\":\"ListItem\",\"position\":5,\"name\":\"L&#8217;Hydrogen Innovation Lab di Pietro Fiorentini\"}]},{\"@type\":\"WebSite\",\"@id\":\"https:\/\/\/\/www.fiorentini.com\/it\/www.fiorentini.com\/it\/www.fiorentini.com\/it\/en\/#website\",\"url\":\"https:\/\/\/\/www.fiorentini.com\/it\/www.fiorentini.com\/it\/www.fiorentini.com\/it\/en\/\",\"name\":\"Pietro Fiorentini\",\"description\":\"\",\"publisher\":{\"@id\":\"https:\/\/\/\/www.fiorentini.com\/it\/www.fiorentini.com\/it\/www.fiorentini.com\/it\/en\/#organization\"},\"potentialAction\":[{\"@type\":\"SearchAction\",\"target\":{\"@type\":\"EntryPoint\",\"urlTemplate\":\"https:\/\/\/\/www.fiorentini.com\/it\/www.fiorentini.com\/it\/www.fiorentini.com\/it\/en\/?s={search_term_string}\"},\"query-input\":{\"@type\":\"PropertyValueSpecification\",\"valueRequired\":true,\"valueName\":\"search_term_string\"}}],\"inLanguage\":\"it-IT\"},{\"@type\":\"Organization\",\"@id\":\"https:\/\/\/\/www.fiorentini.com\/it\/www.fiorentini.com\/it\/www.fiorentini.com\/it\/en\/#organization\",\"name\":\"Pietro Fiorentini\",\"url\":\"https:\/\/\/\/www.fiorentini.com\/it\/www.fiorentini.com\/it\/www.fiorentini.com\/it\/en\/\",\"logo\":{\"@type\":\"ImageObject\",\"inLanguage\":\"it-IT\",\"@id\":\"https:\/\/\/\/www.fiorentini.com\/it\/www.fiorentini.com\/it\/www.fiorentini.com\/it\/en\/#\/schema\/logo\/image\/\",\"url\":\"https:\/\/www.fiorentini.com\/wp-content\/uploads\/2020\/11\/logo.svg\",\"contentUrl\":\"https:\/\/www.fiorentini.com\/wp-content\/uploads\/2020\/11\/logo.svg\",\"width\":227,\"height\":59,\"caption\":\"Pietro Fiorentini\"},\"image\":{\"@id\":\"https:\/\/\/\/www.fiorentini.com\/it\/www.fiorentini.com\/it\/www.fiorentini.com\/it\/en\/#\/schema\/logo\/image\/\"}}]}<\/script>\n<!-- \/ Yoast SEO plugin. -->","yoast_head_json":{"title":"L'Hydrogen Innovation Lab di Pietro Fiorentini - Pietro Fiorentini","description":"Pietro Fiorentini ha inaugurato il laboratorio idrogeno, una struttura capace di produrre idrogeno, fare blending di gas e testare i dispositivi.","robots":{"index":"index","follow":"follow","max-snippet":"max-snippet:-1","max-image-preview":"max-image-preview:large","max-video-preview":"max-video-preview:-1"},"canonical":"https:\/\/www.fiorentini.com\/it\/chi-siamo\/expertise\/idrogeno\/l-hydrogen-innovation-lab-di-pietro-fiorentini\/","og_locale":"it_IT","og_type":"article","og_title":"L'Hydrogen Innovation Lab di Pietro Fiorentini","og_description":"Pietro Fiorentini ha inaugurato il laboratorio idrogeno, una struttura capace di produrre idrogeno, fare blending di gas e testare i dispositivi.","og_url":"https:\/\/www.fiorentini.com\/it\/chi-siamo\/expertise\/idrogeno\/l-hydrogen-innovation-lab-di-pietro-fiorentini\/","og_site_name":"Pietro Fiorentini","article_modified_time":"2023-05-19T13:33:26+00:00","og_image":[{"width":1017,"height":678,"url":"https:\/\/www.fiorentini.com\/wp-content\/uploads\/2023\/01\/hydrogen-lab-1-1.jpg","type":"image\/jpeg"}],"twitter_card":"summary_large_image","twitter_title":"L'Hydrogen Innovation Lab di Pietro Fiorentini","twitter_description":"Pietro Fiorentini ha inaugurato il laboratorio idrogeno, una struttura capace di produrre idrogeno, fare blending di gas e testare i dispositivi.","twitter_image":"https:\/\/www.fiorentini.com\/wp-content\/uploads\/2023\/01\/hydrogen-lab-1-1.jpg","twitter_misc":{"Tempo di lettura stimato":"5 minuti"},"schema":{"@context":"https:\/\/schema.org","@graph":[{"@type":"WebPage","@id":"https:\/\/www.fiorentini.com\/it\/chi-siamo\/expertise\/idrogeno\/l-hydrogen-innovation-lab-di-pietro-fiorentini\/","url":"https:\/\/www.fiorentini.com\/it\/chi-siamo\/expertise\/idrogeno\/l-hydrogen-innovation-lab-di-pietro-fiorentini\/","name":"L'Hydrogen Innovation Lab di Pietro Fiorentini - Pietro Fiorentini","isPartOf":{"@id":"https:\/\/\/\/www.fiorentini.com\/it\/it\/www.fiorentini.com\/it\/it\/www.fiorentini.com\/it\/it\/en\/#website"},"primaryImageOfPage":{"@id":"https:\/\/www.fiorentini.com\/it\/chi-siamo\/expertise\/idrogeno\/l-hydrogen-innovation-lab-di-pietro-fiorentini\/#primaryimage"},"image":{"@id":"https:\/\/www.fiorentini.com\/it\/chi-siamo\/expertise\/idrogeno\/l-hydrogen-innovation-lab-di-pietro-fiorentini\/#primaryimage"},"thumbnailUrl":"https:\/\/www.fiorentini.com\/wp-content\/uploads\/2023\/01\/hydrogen-lab-1-1.jpg","datePublished":"2023-01-03T10:22:43+00:00","dateModified":"2023-05-19T13:33:26+00:00","description":"Pietro Fiorentini ha inaugurato il laboratorio idrogeno, una struttura capace di produrre idrogeno, fare blending di gas e testare i dispositivi.","breadcrumb":{"@id":"https:\/\/www.fiorentini.com\/it\/chi-siamo\/expertise\/idrogeno\/l-hydrogen-innovation-lab-di-pietro-fiorentini\/#breadcrumb"},"inLanguage":"it-IT","potentialAction":[{"@type":"ReadAction","target":["https:\/\/www.fiorentini.com\/it\/chi-siamo\/expertise\/idrogeno\/l-hydrogen-innovation-lab-di-pietro-fiorentini\/"]}]},{"@type":"ImageObject","inLanguage":"it-IT","@id":"https:\/\/www.fiorentini.com\/it\/chi-siamo\/expertise\/idrogeno\/l-hydrogen-innovation-lab-di-pietro-fiorentini\/#primaryimage","url":"https:\/\/www.fiorentini.com\/wp-content\/uploads\/2023\/01\/hydrogen-lab-1-1.jpg","contentUrl":"https:\/\/www.fiorentini.com\/wp-content\/uploads\/2023\/01\/hydrogen-lab-1-1.jpg"},{"@type":"BreadcrumbList","@id":"https:\/\/www.fiorentini.com\/it\/chi-siamo\/expertise\/idrogeno\/l-hydrogen-innovation-lab-di-pietro-fiorentini\/#breadcrumb","itemListElement":[{"@type":"ListItem","position":1,"name":"Home","item":"https:\/\/www.fiorentini.com\/it\/"},{"@type":"ListItem","position":2,"name":"Chi siamo","item":"https:\/\/www.fiorentini.com\/it\/chi-siamo\/"},{"@type":"ListItem","position":3,"name":"Expertise","item":"https:\/\/www.fiorentini.com\/it\/about-us\/expertise\/"},{"@type":"ListItem","position":4,"name":"Idrogeno","item":"https:\/\/www.fiorentini.com\/it\/chi-siamo\/expertise\/idrogeno\/"},{"@type":"ListItem","position":5,"name":"L&#8217;Hydrogen Innovation Lab di Pietro Fiorentini"}]},{"@type":"WebSite","@id":"https:\/\/\/\/www.fiorentini.com\/it\/it\/www.fiorentini.com\/it\/it\/www.fiorentini.com\/it\/it\/en\/#website","url":"https:\/\/\/\/www.fiorentini.com\/it\/it\/www.fiorentini.com\/it\/it\/www.fiorentini.com\/it\/it\/en\/","name":"Pietro Fiorentini","description":"","publisher":{"@id":"https:\/\/\/\/www.fiorentini.com\/it\/www.fiorentini.com\/it\/www.fiorentini.com\/it\/en\/#organization"},"potentialAction":[{"@type":"SearchAction","target":{"@type":"EntryPoint","urlTemplate":"https:\/\/\/\/www.fiorentini.com\/it\/it\/www.fiorentini.com\/it\/it\/www.fiorentini.com\/it\/it\/en\/?s={search_term_string}"},"query-input":{"@type":"PropertyValueSpecification","valueRequired":true,"valueName":"search_term_string"}}],"inLanguage":"it-IT"},{"@type":"Organization","@id":"https:\/\/\/\/www.fiorentini.com\/it\/it\/www.fiorentini.com\/it\/it\/www.fiorentini.com\/it\/it\/en\/#organization","name":"Pietro Fiorentini","url":"https:\/\/\/\/www.fiorentini.com\/it\/it\/www.fiorentini.com\/it\/it\/www.fiorentini.com\/it\/it\/en\/","logo":{"@type":"ImageObject","inLanguage":"it-IT","@id":"https:\/\/\/\/www.fiorentini.com\/it\/it\/www.fiorentini.com\/it\/it\/www.fiorentini.com\/it\/it\/en\/#\/schema\/logo\/image\/","url":"https:\/\/www.fiorentini.com\/wp-content\/uploads\/2020\/11\/logo.svg","contentUrl":"https:\/\/www.fiorentini.com\/wp-content\/uploads\/2020\/11\/logo.svg","width":227,"height":59,"caption":"Pietro Fiorentini"},"image":{"@id":"https:\/\/\/\/www.fiorentini.com\/it\/it\/www.fiorentini.com\/it\/it\/www.fiorentini.com\/it\/it\/en\/#\/schema\/logo\/image\/"}}]}},"_links":{"self":[{"href":"https:\/\/www.fiorentini.com\/it\/wp-json\/wp\/v2\/pages\/21942","targetHints":{"allow":["GET"]}}],"collection":[{"href":"https:\/\/www.fiorentini.com\/it\/wp-json\/wp\/v2\/pages"}],"about":[{"href":"https:\/\/www.fiorentini.com\/it\/wp-json\/wp\/v2\/types\/page"}],"author":[{"embeddable":true,"href":"https:\/\/www.fiorentini.com\/it\/wp-json\/wp\/v2\/users\/12"}],"replies":[{"embeddable":true,"href":"https:\/\/www.fiorentini.com\/it\/wp-json\/wp\/v2\/comments?post=21942"}],"version-history":[{"count":3,"href":"https:\/\/www.fiorentini.com\/it\/wp-json\/wp\/v2\/pages\/21942\/revisions"}],"predecessor-version":[{"id":26867,"href":"https:\/\/www.fiorentini.com\/it\/wp-json\/wp\/v2\/pages\/21942\/revisions\/26867"}],"up":[{"embeddable":true,"href":"https:\/\/www.fiorentini.com\/it\/wp-json\/wp\/v2\/pages\/21941"}],"wp:attachment":[{"href":"https:\/\/www.fiorentini.com\/it\/wp-json\/wp\/v2\/media?parent=21942"}],"curies":[{"name":"wp","href":"https:\/\/api.w.org\/{rel}","templated":true}]}}