

{"id":20148,"date":"2023-01-03T11:28:45","date_gmt":"2023-01-03T10:28:45","guid":{"rendered":"https:\/\/www.fiorentini.com\/expertise\/biometano\/biomethane-the-advantages-of-this-gas\/"},"modified":"2023-01-18T11:32:53","modified_gmt":"2023-01-18T10:32:53","slug":"biometano-i-vantaggi-di-questo-gas","status":"publish","type":"page","link":"https:\/\/www.fiorentini.com\/it\/chi-siamo\/expertise\/biometano\/biometano-i-vantaggi-di-questo-gas\/","title":{"rendered":"Biometano: i vantaggi di questo gas"},"content":{"rendered":"\n<h2 class=\"wp-block-heading\"><strong>Un gas, molti vantaggi per la comunit\u00e0<\/strong><\/h2>\n\n\n\n<figure class=\"wp-block-image size-large\"><img loading=\"lazy\" decoding=\"async\" width=\"1024\" height=\"723\" src=\"https:\/\/www.fiorentini.com\/wp-content\/uploads\/2023\/01\/RENEWABLES_green_world-1-1024x723.jpg\" alt=\"\" class=\"wp-image-21679\" srcset=\"https:\/\/www.fiorentini.com\/wp-content\/uploads\/2023\/01\/RENEWABLES_green_world-1-1024x723.jpg 1024w, https:\/\/www.fiorentini.com\/wp-content\/uploads\/2023\/01\/RENEWABLES_green_world-1-300x212.jpg 300w, https:\/\/www.fiorentini.com\/wp-content\/uploads\/2023\/01\/RENEWABLES_green_world-1-768x543.jpg 768w, https:\/\/www.fiorentini.com\/wp-content\/uploads\/2023\/01\/RENEWABLES_green_world-1-1536x1085.jpg 1536w, https:\/\/www.fiorentini.com\/wp-content\/uploads\/2023\/01\/RENEWABLES_green_world-1-2048x1447.jpg 2048w\" sizes=\"auto, (max-width: 1024px) 100vw, 1024px\" \/><\/figure>\n\n\n\n<div style=\"height:20px\" aria-hidden=\"true\" class=\"wp-block-spacer\"><\/div>\n\n\n\n<p>Nell\u2019ambito di un percorso improntato all\u2019efficienza energetica e orientato a zero emissioni, il gas naturale sar\u00e0 sempre pi\u00f9 affiancato dal<strong> biometano<\/strong>, che viene considerato come una delle risorse che pi\u00f9 contribuiranno alla riduzione dell\u2019attuale stato di inquinamento dell\u2019aria.<\/p>\n\n\n\n<p>La produzione e il successivo utilizzo sempre pi\u00f9 crescenti di biometano porteranno come <strong>vantaggi<\/strong> un\u2019<strong>accelerazione nei processi verso la <em>carbon neutrality<\/em> e la <em>circular economy<\/em><\/strong>.<\/p>\n\n\n\n<div class=\"wp-block-group index\"><div class=\"wp-block-group__inner-container is-layout-flow wp-block-group-is-layout-flow\">\n<ol class=\"wp-block-list\">\n<li><strong><a href=\"#sostenibilita-ed-economia-circolare-che-cosa-sono\">Sostenibilit\u00e0 ed economia circolare: che cosa sono<\/a><\/strong><\/li>\n\n\n\n<li><strong><a href=\"#perche-il-biometano-e-un-gas-sostenibile\">Perch\u00e9 il biometano \u00e8 un gas sostenibile<\/a><\/strong><\/li>\n<\/ol>\n<\/div><\/div>\n\n\n\n<div id=\"sostenibilita-ed-economia-circolare-che-cosa-sono\" class=\"wp-block-group\"><div class=\"wp-block-group__inner-container is-layout-flow wp-block-group-is-layout-flow\">\n<h3 class=\"wp-block-heading\"><strong>Sostenibilit\u00e0 ed economia circolare: che cosa sono<\/strong><\/h3>\n\n\n\n<p>Sotto il cappello di \u201csostenibilit\u00e0\u201d troviamo ambiti diversi in cui la sostenibilit\u00e0 pu\u00f2 essere declinata. In generale, possiamo definire la <strong>sostenibilit\u00e0<\/strong> come la <strong>condizione di uno sviluppo in grado di soddisfare i bisogni della generazione presente, senza compromettere la possibilit\u00e0 delle generazioni successive di soddisfare i propri<\/strong>. Sono tre gli ambiti principali della sostenibilit\u00e0, che quando si intersecano possono permettere la realizzazione di un pieno <strong>sviluppo sostenibile<\/strong>: economica, ambientale e sociale.<\/p>\n\n\n\n<p>L\u2019<strong>economia circolare<\/strong> viaggia a braccetto con la sostenibilit\u00e0: si tratta infatti di un modello di produzione e consumo nel quale vengono valorizzati <strong>condivisione, riutilizzo, riparazione, ricondizionamento e riciclo dei materiali<\/strong>. Quelli che nell\u2019economia \u201ctradizionale\u201d sono considerati come scarti, vengono qui recuperati e riutilizzati, riducendo quindi gli sprechi e valorizzando le specificit\u00e0 e le potenzialit\u00e0 del territorio.<\/p>\n\n\n\n<div style=\"height:20px\" aria-hidden=\"true\" class=\"wp-block-spacer\"><\/div>\n\n\n\n<figure class=\"wp-block-image size-large\"><img loading=\"lazy\" decoding=\"async\" width=\"1024\" height=\"790\" src=\"https:\/\/www.fiorentini.com\/wp-content\/uploads\/2023\/01\/RENEWABLES_cycle-1-1024x790.jpg\" alt=\"\" class=\"wp-image-21671\" srcset=\"https:\/\/www.fiorentini.com\/wp-content\/uploads\/2023\/01\/RENEWABLES_cycle-1-1024x790.jpg 1024w, https:\/\/www.fiorentini.com\/wp-content\/uploads\/2023\/01\/RENEWABLES_cycle-1-300x232.jpg 300w, https:\/\/www.fiorentini.com\/wp-content\/uploads\/2023\/01\/RENEWABLES_cycle-1-768x593.jpg 768w, https:\/\/www.fiorentini.com\/wp-content\/uploads\/2023\/01\/RENEWABLES_cycle-1-1536x1185.jpg 1536w, https:\/\/www.fiorentini.com\/wp-content\/uploads\/2023\/01\/RENEWABLES_cycle-1-2048x1581.jpg 2048w\" sizes=\"auto, (max-width: 1024px) 100vw, 1024px\" \/><\/figure>\n<\/div><\/div>\n\n\n\n<div id=\"perche-il-biometano-e-un-gas-sostenibile\" class=\"wp-block-group\"><div class=\"wp-block-group__inner-container is-layout-flow wp-block-group-is-layout-flow\">\n<h3 class=\"wp-block-heading\"><strong>Perch\u00e9 il biometano \u00e8 un gas sostenibile<\/strong><\/h3>\n\n\n\n<p>Il <strong>biometano<\/strong> \u00e8 un <strong>gas sostenibile<\/strong> prodotto attraverso la digestione di biomasse di materiale organico, principalmente sottoprodotti e scarti di lavorazioni agricole o industriali. L\u2019utilizzo di materie prime considerate scarti, che opportunamente lavorate danno origine al biometano, \u00e8 un esempio virtuoso di <strong>business eco-sostenibile e circolare<\/strong>.<\/p>\n\n\n\n<p>In diversi casi, come per esempio quando la materia prima utilizzata \u00e8 uno scarto agricolo, dalla lavorazione per ottenere il biometano si ricava anche un sottoprodotto diverso, che prende il nome di <strong>digestato<\/strong>. Questa sostanza \u00e8 coprodotta dalla digestione anaerobica e non dipende dalla biomassa utilizzata: per esempio, anche la digestione dei rifiuti produce digestato. Questo sottoprodotto pu\u00f2 essere utilizzato come <strong>fertilizzante agricolo<\/strong>, evitando l\u2019utilizzo di prodotti chimici e in un\u2019ottica di circolarit\u00e0 completa del ciclo di lavorazione della materia prima.<\/p>\n\n\n\n<div style=\"height:20px\" aria-hidden=\"true\" class=\"wp-block-spacer\"><\/div>\n\n\n\n<figure class=\"wp-block-image size-large\"><img loading=\"lazy\" decoding=\"async\" width=\"1024\" height=\"683\" src=\"https:\/\/www.fiorentini.com\/wp-content\/uploads\/2023\/01\/biomethane-plant-1-1024x683.jpg\" alt=\"\" class=\"wp-image-21711\" srcset=\"https:\/\/www.fiorentini.com\/wp-content\/uploads\/2023\/01\/biomethane-plant-1-1024x683.jpg 1024w, https:\/\/www.fiorentini.com\/wp-content\/uploads\/2023\/01\/biomethane-plant-1-300x200.jpg 300w, https:\/\/www.fiorentini.com\/wp-content\/uploads\/2023\/01\/biomethane-plant-1-768x512.jpg 768w, https:\/\/www.fiorentini.com\/wp-content\/uploads\/2023\/01\/biomethane-plant-1-1536x1024.jpg 1536w, https:\/\/www.fiorentini.com\/wp-content\/uploads\/2023\/01\/biomethane-plant-1.jpg 1948w\" sizes=\"auto, (max-width: 1024px) 100vw, 1024px\" \/><\/figure>\n<\/div><\/div>\n","protected":false},"excerpt":{"rendered":"<p>Il biometano \u00e8 un valido alleato nel processo di transizione energetica: si tratta di un gas sostenibile prodotto dalla digestione di biomasse, materie prime considerate come scarti che danno inizio a un circolo virtuoso in cui anche il sottoprodotto finale trova un nuovo utilizzo.<\/p>\n","protected":false},"author":12,"featured_media":0,"parent":21944,"menu_order":2,"comment_status":"closed","ping_status":"closed","template":"template-expertise-post.php","meta":{"_acf_changed":false,"footnotes":""},"class_list":["post-20148","page","type-page","status-publish","hentry"],"acf":[],"yoast_head":"<!-- This site is optimized with the Yoast SEO plugin v27.2 - https:\/\/yoast.com\/product\/yoast-seo-wordpress\/ -->\n<title>Biometano: i vantaggi di questo gas - Pietro Fiorentini<\/title>\n<meta name=\"description\" content=\"Il biometano porta vantaggi nel processo di transizione energetica: \u00e8 un gas sostenibile prodotto dalla digestione di biomasse.\" \/>\n<meta name=\"robots\" content=\"index, follow, max-snippet:-1, max-image-preview:large, max-video-preview:-1\" \/>\n<link rel=\"canonical\" href=\"https:\/\/www.fiorentini.com\/it\/chi-siamo\/expertise\/biometano\/biometano-i-vantaggi-di-questo-gas\/\" \/>\n<meta property=\"og:locale\" content=\"it_IT\" \/>\n<meta property=\"og:type\" content=\"article\" \/>\n<meta property=\"og:title\" content=\"Biometano: i vantaggi di questo gas - Pietro Fiorentini\" \/>\n<meta property=\"og:description\" content=\"Il biometano porta vantaggi nel processo di transizione energetica: \u00e8 un gas sostenibile prodotto dalla digestione di biomasse.\" \/>\n<meta property=\"og:url\" content=\"https:\/\/www.fiorentini.com\/it\/chi-siamo\/expertise\/biometano\/biometano-i-vantaggi-di-questo-gas\/\" \/>\n<meta property=\"og:site_name\" content=\"Pietro Fiorentini\" \/>\n<meta property=\"article:modified_time\" content=\"2023-01-18T10:32:53+00:00\" \/>\n<meta name=\"twitter:card\" content=\"summary_large_image\" \/>\n<meta name=\"twitter:label1\" content=\"Tempo di lettura stimato\" \/>\n\t<meta name=\"twitter:data1\" content=\"3 minuti\" \/>\n<script type=\"application\/ld+json\" class=\"yoast-schema-graph\">{\"@context\":\"https:\/\/schema.org\",\"@graph\":[{\"@type\":\"WebPage\",\"@id\":\"https:\/\/www.fiorentini.com\/it\/chi-siamo\/expertise\/biometano\/biometano-i-vantaggi-di-questo-gas\/\",\"url\":\"https:\/\/www.fiorentini.com\/it\/chi-siamo\/expertise\/biometano\/biometano-i-vantaggi-di-questo-gas\/\",\"name\":\"Biometano: i vantaggi di questo gas - Pietro Fiorentini\",\"isPartOf\":{\"@id\":\"https:\/\/\/\/www.fiorentini.com\/it\/www.fiorentini.com\/it\/www.fiorentini.com\/it\/en\/#website\"},\"primaryImageOfPage\":{\"@id\":\"https:\/\/www.fiorentini.com\/it\/chi-siamo\/expertise\/biometano\/biometano-i-vantaggi-di-questo-gas\/#primaryimage\"},\"image\":{\"@id\":\"https:\/\/www.fiorentini.com\/it\/chi-siamo\/expertise\/biometano\/biometano-i-vantaggi-di-questo-gas\/#primaryimage\"},\"thumbnailUrl\":\"https:\/\/www.fiorentini.com\/wp-content\/uploads\/2023\/01\/RENEWABLES_green_world-1-1024x723.jpg\",\"datePublished\":\"2023-01-03T10:28:45+00:00\",\"dateModified\":\"2023-01-18T10:32:53+00:00\",\"description\":\"Il biometano porta vantaggi nel processo di transizione energetica: \u00e8 un gas sostenibile prodotto dalla digestione di biomasse.\",\"breadcrumb\":{\"@id\":\"https:\/\/www.fiorentini.com\/it\/chi-siamo\/expertise\/biometano\/biometano-i-vantaggi-di-questo-gas\/#breadcrumb\"},\"inLanguage\":\"it-IT\",\"potentialAction\":[{\"@type\":\"ReadAction\",\"target\":[\"https:\/\/www.fiorentini.com\/it\/chi-siamo\/expertise\/biometano\/biometano-i-vantaggi-di-questo-gas\/\"]}]},{\"@type\":\"ImageObject\",\"inLanguage\":\"it-IT\",\"@id\":\"https:\/\/www.fiorentini.com\/it\/chi-siamo\/expertise\/biometano\/biometano-i-vantaggi-di-questo-gas\/#primaryimage\",\"url\":\"https:\/\/www.fiorentini.com\/wp-content\/uploads\/2023\/01\/RENEWABLES_green_world-1-1024x723.jpg\",\"contentUrl\":\"https:\/\/www.fiorentini.com\/wp-content\/uploads\/2023\/01\/RENEWABLES_green_world-1-1024x723.jpg\"},{\"@type\":\"BreadcrumbList\",\"@id\":\"https:\/\/www.fiorentini.com\/it\/chi-siamo\/expertise\/biometano\/biometano-i-vantaggi-di-questo-gas\/#breadcrumb\",\"itemListElement\":[{\"@type\":\"ListItem\",\"position\":1,\"name\":\"Home\",\"item\":\"https:\/\/www.fiorentini.com\/it\/\"},{\"@type\":\"ListItem\",\"position\":2,\"name\":\"Chi siamo\",\"item\":\"https:\/\/www.fiorentini.com\/it\/chi-siamo\/\"},{\"@type\":\"ListItem\",\"position\":3,\"name\":\"Expertise\",\"item\":\"https:\/\/www.fiorentini.com\/it\/about-us\/expertise\/\"},{\"@type\":\"ListItem\",\"position\":4,\"name\":\"Biometano\",\"item\":\"https:\/\/www.fiorentini.com\/it\/chi-siamo\/expertise\/biometano\/\"},{\"@type\":\"ListItem\",\"position\":5,\"name\":\"Biometano: i vantaggi di questo gas\"}]},{\"@type\":\"WebSite\",\"@id\":\"https:\/\/\/\/www.fiorentini.com\/it\/www.fiorentini.com\/it\/www.fiorentini.com\/it\/en\/#website\",\"url\":\"https:\/\/\/\/www.fiorentini.com\/it\/www.fiorentini.com\/it\/www.fiorentini.com\/it\/en\/\",\"name\":\"Pietro Fiorentini\",\"description\":\"\",\"publisher\":{\"@id\":\"https:\/\/\/\/www.fiorentini.com\/it\/www.fiorentini.com\/it\/www.fiorentini.com\/it\/en\/#organization\"},\"potentialAction\":[{\"@type\":\"SearchAction\",\"target\":{\"@type\":\"EntryPoint\",\"urlTemplate\":\"https:\/\/\/\/www.fiorentini.com\/it\/www.fiorentini.com\/it\/www.fiorentini.com\/it\/en\/?s={search_term_string}\"},\"query-input\":{\"@type\":\"PropertyValueSpecification\",\"valueRequired\":true,\"valueName\":\"search_term_string\"}}],\"inLanguage\":\"it-IT\"},{\"@type\":\"Organization\",\"@id\":\"https:\/\/\/\/www.fiorentini.com\/it\/www.fiorentini.com\/it\/www.fiorentini.com\/it\/en\/#organization\",\"name\":\"Pietro Fiorentini\",\"url\":\"https:\/\/\/\/www.fiorentini.com\/it\/www.fiorentini.com\/it\/www.fiorentini.com\/it\/en\/\",\"logo\":{\"@type\":\"ImageObject\",\"inLanguage\":\"it-IT\",\"@id\":\"https:\/\/\/\/www.fiorentini.com\/it\/www.fiorentini.com\/it\/www.fiorentini.com\/it\/en\/#\/schema\/logo\/image\/\",\"url\":\"https:\/\/www.fiorentini.com\/wp-content\/uploads\/2020\/11\/logo.svg\",\"contentUrl\":\"https:\/\/www.fiorentini.com\/wp-content\/uploads\/2020\/11\/logo.svg\",\"width\":227,\"height\":59,\"caption\":\"Pietro Fiorentini\"},\"image\":{\"@id\":\"https:\/\/\/\/www.fiorentini.com\/it\/www.fiorentini.com\/it\/www.fiorentini.com\/it\/en\/#\/schema\/logo\/image\/\"}}]}<\/script>\n<!-- \/ Yoast SEO plugin. -->","yoast_head_json":{"title":"Biometano: i vantaggi di questo gas - Pietro Fiorentini","description":"Il biometano porta vantaggi nel processo di transizione energetica: \u00e8 un gas sostenibile prodotto dalla digestione di biomasse.","robots":{"index":"index","follow":"follow","max-snippet":"max-snippet:-1","max-image-preview":"max-image-preview:large","max-video-preview":"max-video-preview:-1"},"canonical":"https:\/\/www.fiorentini.com\/it\/chi-siamo\/expertise\/biometano\/biometano-i-vantaggi-di-questo-gas\/","og_locale":"it_IT","og_type":"article","og_title":"Biometano: i vantaggi di questo gas - Pietro Fiorentini","og_description":"Il biometano porta vantaggi nel processo di transizione energetica: \u00e8 un gas sostenibile prodotto dalla digestione di biomasse.","og_url":"https:\/\/www.fiorentini.com\/it\/chi-siamo\/expertise\/biometano\/biometano-i-vantaggi-di-questo-gas\/","og_site_name":"Pietro Fiorentini","article_modified_time":"2023-01-18T10:32:53+00:00","twitter_card":"summary_large_image","twitter_misc":{"Tempo di lettura stimato":"3 minuti"},"schema":{"@context":"https:\/\/schema.org","@graph":[{"@type":"WebPage","@id":"https:\/\/www.fiorentini.com\/it\/chi-siamo\/expertise\/biometano\/biometano-i-vantaggi-di-questo-gas\/","url":"https:\/\/www.fiorentini.com\/it\/chi-siamo\/expertise\/biometano\/biometano-i-vantaggi-di-questo-gas\/","name":"Biometano: i vantaggi di questo gas - Pietro Fiorentini","isPartOf":{"@id":"https:\/\/\/\/www.fiorentini.com\/it\/it\/www.fiorentini.com\/it\/it\/www.fiorentini.com\/it\/it\/en\/#website"},"primaryImageOfPage":{"@id":"https:\/\/www.fiorentini.com\/it\/chi-siamo\/expertise\/biometano\/biometano-i-vantaggi-di-questo-gas\/#primaryimage"},"image":{"@id":"https:\/\/www.fiorentini.com\/it\/chi-siamo\/expertise\/biometano\/biometano-i-vantaggi-di-questo-gas\/#primaryimage"},"thumbnailUrl":"https:\/\/www.fiorentini.com\/wp-content\/uploads\/2023\/01\/RENEWABLES_green_world-1-1024x723.jpg","datePublished":"2023-01-03T10:28:45+00:00","dateModified":"2023-01-18T10:32:53+00:00","description":"Il biometano porta vantaggi nel processo di transizione energetica: \u00e8 un gas sostenibile prodotto dalla digestione di biomasse.","breadcrumb":{"@id":"https:\/\/www.fiorentini.com\/it\/chi-siamo\/expertise\/biometano\/biometano-i-vantaggi-di-questo-gas\/#breadcrumb"},"inLanguage":"it-IT","potentialAction":[{"@type":"ReadAction","target":["https:\/\/www.fiorentini.com\/it\/chi-siamo\/expertise\/biometano\/biometano-i-vantaggi-di-questo-gas\/"]}]},{"@type":"ImageObject","inLanguage":"it-IT","@id":"https:\/\/www.fiorentini.com\/it\/chi-siamo\/expertise\/biometano\/biometano-i-vantaggi-di-questo-gas\/#primaryimage","url":"https:\/\/www.fiorentini.com\/wp-content\/uploads\/2023\/01\/RENEWABLES_green_world-1-1024x723.jpg","contentUrl":"https:\/\/www.fiorentini.com\/wp-content\/uploads\/2023\/01\/RENEWABLES_green_world-1-1024x723.jpg"},{"@type":"BreadcrumbList","@id":"https:\/\/www.fiorentini.com\/it\/chi-siamo\/expertise\/biometano\/biometano-i-vantaggi-di-questo-gas\/#breadcrumb","itemListElement":[{"@type":"ListItem","position":1,"name":"Home","item":"https:\/\/www.fiorentini.com\/it\/"},{"@type":"ListItem","position":2,"name":"Chi siamo","item":"https:\/\/www.fiorentini.com\/it\/chi-siamo\/"},{"@type":"ListItem","position":3,"name":"Expertise","item":"https:\/\/www.fiorentini.com\/it\/about-us\/expertise\/"},{"@type":"ListItem","position":4,"name":"Biometano","item":"https:\/\/www.fiorentini.com\/it\/chi-siamo\/expertise\/biometano\/"},{"@type":"ListItem","position":5,"name":"Biometano: i vantaggi di questo gas"}]},{"@type":"WebSite","@id":"https:\/\/\/\/www.fiorentini.com\/it\/it\/www.fiorentini.com\/it\/it\/www.fiorentini.com\/it\/it\/en\/#website","url":"https:\/\/\/\/www.fiorentini.com\/it\/it\/www.fiorentini.com\/it\/it\/www.fiorentini.com\/it\/it\/en\/","name":"Pietro Fiorentini","description":"","publisher":{"@id":"https:\/\/\/\/www.fiorentini.com\/it\/www.fiorentini.com\/it\/www.fiorentini.com\/it\/en\/#organization"},"potentialAction":[{"@type":"SearchAction","target":{"@type":"EntryPoint","urlTemplate":"https:\/\/\/\/www.fiorentini.com\/it\/it\/www.fiorentini.com\/it\/it\/www.fiorentini.com\/it\/it\/en\/?s={search_term_string}"},"query-input":{"@type":"PropertyValueSpecification","valueRequired":true,"valueName":"search_term_string"}}],"inLanguage":"it-IT"},{"@type":"Organization","@id":"https:\/\/\/\/www.fiorentini.com\/it\/it\/www.fiorentini.com\/it\/it\/www.fiorentini.com\/it\/it\/en\/#organization","name":"Pietro Fiorentini","url":"https:\/\/\/\/www.fiorentini.com\/it\/it\/www.fiorentini.com\/it\/it\/www.fiorentini.com\/it\/it\/en\/","logo":{"@type":"ImageObject","inLanguage":"it-IT","@id":"https:\/\/\/\/www.fiorentini.com\/it\/it\/www.fiorentini.com\/it\/it\/www.fiorentini.com\/it\/it\/en\/#\/schema\/logo\/image\/","url":"https:\/\/www.fiorentini.com\/wp-content\/uploads\/2020\/11\/logo.svg","contentUrl":"https:\/\/www.fiorentini.com\/wp-content\/uploads\/2020\/11\/logo.svg","width":227,"height":59,"caption":"Pietro Fiorentini"},"image":{"@id":"https:\/\/\/\/www.fiorentini.com\/it\/it\/www.fiorentini.com\/it\/it\/www.fiorentini.com\/it\/it\/en\/#\/schema\/logo\/image\/"}}]}},"_links":{"self":[{"href":"https:\/\/www.fiorentini.com\/it\/wp-json\/wp\/v2\/pages\/20148","targetHints":{"allow":["GET"]}}],"collection":[{"href":"https:\/\/www.fiorentini.com\/it\/wp-json\/wp\/v2\/pages"}],"about":[{"href":"https:\/\/www.fiorentini.com\/it\/wp-json\/wp\/v2\/types\/page"}],"author":[{"embeddable":true,"href":"https:\/\/www.fiorentini.com\/it\/wp-json\/wp\/v2\/users\/12"}],"replies":[{"embeddable":true,"href":"https:\/\/www.fiorentini.com\/it\/wp-json\/wp\/v2\/comments?post=20148"}],"version-history":[{"count":1,"href":"https:\/\/www.fiorentini.com\/it\/wp-json\/wp\/v2\/pages\/20148\/revisions"}],"predecessor-version":[{"id":22030,"href":"https:\/\/www.fiorentini.com\/it\/wp-json\/wp\/v2\/pages\/20148\/revisions\/22030"}],"up":[{"embeddable":true,"href":"https:\/\/www.fiorentini.com\/it\/wp-json\/wp\/v2\/pages\/21944"}],"wp:attachment":[{"href":"https:\/\/www.fiorentini.com\/it\/wp-json\/wp\/v2\/media?parent=20148"}],"curies":[{"name":"wp","href":"https:\/\/api.w.org\/{rel}","templated":true}]}}