

{"id":11030,"date":"2020-11-18T17:22:40","date_gmt":"2020-11-18T16:22:40","guid":{"rendered":"https:\/\/www.fiorentini.com\/term-of-use\/"},"modified":"2022-05-12T12:23:35","modified_gmt":"2022-05-12T10:23:35","slug":"term-of-use","status":"publish","type":"page","link":"https:\/\/www.fiorentini.com\/it\/term-of-use\/","title":{"rendered":"Termini di utilizzo"},"content":{"rendered":"\n<p>Tra l\u2019utente e Pietro Fiorentini S.p.A. vigono i seguenti termini di utilizzo.<\/p>\n\n\n\n<p>Accedendo, navigando e\/o utilizzando questo sito web, l&#8217;utente riconosce di aver letto, compreso e accettato di essere vincolato da questi termini e di rispettare tutte le leggi e i regolamenti applicabili, comprese le leggi e i regolamenti sul controllo delle esportazioni e riesportazioni. In caso di disaccordo, vi invitiamo a non utilizzare questo sito web.<\/p>\n\n\n\n<p>Questo sito web pu\u00f2 contenere altri avvisi di propriet\u00e0 e informazioni sul copyright, i cui termini devono essere osservati e rispettati. Le informazioni riportare su questo sito web potrebbero contenere imprecisioni tecniche o errori tipografici.<\/p>\n\n\n\n<p>Le informazioni ivi contenute possono essere cambiate o aggiornate senza preavviso, cos\u00ec come Pietro Fiorentini S.p.A.&nbsp; pu\u00f2 apportare miglioramenti e\/o modifiche ai prodotti e\/o ai programmi descritti in qualsiasi momento senza preavviso.<\/p>\n\n\n\n<p>Pietro Fiorentini S.p.A. non si assume alcuna responsabilit\u00e0 circa l&#8217;accuratezza delle informazioni fornite e il rischio dell&#8217;uso di tali informazioni \u00e8 posto a carico dell\u2019utente che le utilizza. Pietro Fiorentini S.p.A. non fornisce alcuna garanzia di risoluzione di problemi segnalati e derivanti dall\u2019utilizzo delle informazioni fornite dalla stessa.<\/p>\n\n\n\n<p>Fornendo tali informazioni, Pietro Fiorentini S.p.A. non concede alcuna licenza relativa a diritti d&#8217;autore, brevetti o qualsiasi altro diritto di propriet\u00e0 intellettuale.<\/p>\n\n\n\n<p>Pietro Fiorentini S.p.A. non ricevere informazioni confidenziali o di altrui propriet\u00e0 attraverso questo sito web. Pertanto, qualsiasi informazione o materiale inviato a Pietro Fiorentini S.p.A. sar\u00e0 considerato NON confidenziale ed implicitamente si conceder\u00e0 a Pietro Fiorentini S.p.A. una licenza illimitata e irrevocabile di utilizzare, riprodurre, mostrare, eseguire, modificare, trasmettere e distribuire tali informazioni o materiali. Si accetta inoltre che Pietro Fiorentini S.p.A. sia libera di utilizzare qualsiasi idea, concetto, know-how o tecnica inviata a qualsiasi scopo.<\/p>\n\n\n\n<p>In ogni caso, Pietro Fiorentini S.p.A.&nbsp; non render\u00e0 pubblico il vostro nome e cognome, a meno che: (a) sia stata da voi autorizzata ad utilizzare i vostri dati; (b) vi abbia preventivamente informato che il materiale o le altre informazioni inviate su questo sito saranno pubblicate, o altrimenti utilizzate, con il vostro nome; (c) sia tenuta a farlo per legge.<\/p>\n\n\n\n<p><strong>RELAZIONI D&#8217;AFFARI<\/strong><\/p>\n\n\n\n<p>Pietro Fiorentini S.p.A. non rilascia alcuna dichiarazione rispetto a qualsiasi altro sito web al quale si pu\u00f2 accedere tramite il suo. Pertanto, quando si accede a un sito web non di Pietro Fiorentini S.p.A., anche se dovesse contenerne il logo, si evidenzia che esso \u00e8 indipendente rispetto a Pietro Fiorentini S.p.A. e che quest\u2019ultima non ha alcun controllo sul contenuto di tale sito web.<\/p>\n\n\n\n<p>Un collegamento a un sito web non di Pietro Fiorentini S.p.A.&nbsp; non significa che Pietro Fiorentini S.p.A. approvi o accetti qualsiasi responsabilit\u00e0 circa il contenuto o l&#8217;uso di tale sito web. Spetta pertanto all\u2019utente adottare ogni precauzione per assicurarsi che l\u2019utilizzo sia privo di elementi quali virus, worms, trojan horses e altri elementi di natura pericolosa.<\/p>\n\n\n\n<p>NON \u00c8 PREVISTO IL RICONOSCIMENTO DI QUALSIVOGLIA DANNO, NEPPURE INDIRETTO, DERIVANTE DALLA NAVIGAZIONE SU QUESTO SITO WEB O SU QUALSIASI ALTRO SITO WEB AD ESSO COLLEGATO, COMPRESI, SENZA LIMITAZIONE ALCUNA, QUALSIASI PERDITA DI PROFITTO, INTERRUZIONE DELL&#8217;ATTIVIT\u00c0, PERDITA DI PROGRAMMI O ALTRI DATI SUL VOSTRO SISTEMA DI GESTIONE DELLE INFORMAZIONI O ALTRO, ANCHE SE ESPRESSAMENTE INFORMATI DELLA POSSIBILIT\u00c0 DI TALI DANNI. PIETRO FIORENTINI NON FORNISCE ALCUNA DICHIARAZIONE E GARANZIA, ESPRESSA O IMPLICITA, COMPRESE LE GARANZIE IMPLICITE DI IDONEIT\u00c0 PER UNO SCOPO PARTICOLARE, COMMERCIABILIT\u00c0 E NON VIOLAZIONE.<\/p>\n\n\n\n<p>Pietro Fiorentini S.p.A. pu\u00f2 in qualsiasi momento rivedere questi termini aggiornando la presente pubblicazione. Utilizzando questo sito web, l&#8217;utente accetta di essere vincolato da tali revisioni e dovrebbe quindi visitare periodicamente questa pagina per esaminare i termini correnti a cui \u00e8 vincolato.<\/p>\n","protected":false},"excerpt":{"rendered":"<p>Tra l\u2019utente e Pietro Fiorentini S.p.A. vigono i seguenti termini di utilizzo. Accedendo, navigando e\/o utilizzando questo sito web, l&#8217;utente riconosce di aver letto, compreso e accettato di essere vincolato da questi termini e di rispettare tutte le leggi e i regolamenti applicabili, comprese le leggi e i regolamenti sul controllo delle esportazioni e riesportazioni. [&hellip;]<\/p>\n","protected":false},"author":12,"featured_media":11506,"parent":0,"menu_order":0,"comment_status":"closed","ping_status":"closed","template":"","meta":{"_acf_changed":false,"footnotes":""},"class_list":["post-11030","page","type-page","status-publish","has-post-thumbnail","hentry"],"acf":[],"yoast_head":"<!-- This site is optimized with the Yoast SEO plugin v27.2 - https:\/\/yoast.com\/product\/yoast-seo-wordpress\/ -->\n<title>Termini di utilizzo - Pietro Fiorentini<\/title>\n<meta name=\"description\" content=\"Per una navigazione sicura, consulta i termini di utilizzo tra l\u2019utente e Pietro Fiorentini S.p.A.\" \/>\n<meta name=\"robots\" content=\"index, follow, max-snippet:-1, max-image-preview:large, max-video-preview:-1\" \/>\n<link rel=\"canonical\" href=\"https:\/\/www.fiorentini.com\/it\/term-of-use\/\" \/>\n<meta property=\"og:locale\" content=\"it_IT\" \/>\n<meta property=\"og:type\" content=\"article\" \/>\n<meta property=\"og:title\" content=\"Termini di utilizzo - Pietro Fiorentini\" \/>\n<meta property=\"og:description\" content=\"Per una navigazione sicura, consulta i termini di utilizzo tra l\u2019utente e Pietro Fiorentini S.p.A.\" \/>\n<meta property=\"og:url\" content=\"https:\/\/www.fiorentini.com\/it\/term-of-use\/\" \/>\n<meta property=\"og:site_name\" content=\"Pietro Fiorentini\" \/>\n<meta property=\"article:modified_time\" content=\"2022-05-12T10:23:35+00:00\" \/>\n<meta property=\"og:image\" content=\"https:\/\/www.fiorentini.com\/wp-content\/uploads\/2021\/04\/01_legal.jpeg\" \/>\n\t<meta property=\"og:image:width\" content=\"1920\" \/>\n\t<meta property=\"og:image:height\" content=\"288\" \/>\n\t<meta property=\"og:image:type\" content=\"image\/jpeg\" \/>\n<meta name=\"twitter:card\" content=\"summary_large_image\" \/>\n<meta name=\"twitter:label1\" content=\"Tempo di lettura stimato\" \/>\n\t<meta name=\"twitter:data1\" content=\"3 minuti\" \/>\n<script type=\"application\/ld+json\" class=\"yoast-schema-graph\">{\"@context\":\"https:\/\/schema.org\",\"@graph\":[{\"@type\":\"WebPage\",\"@id\":\"https:\/\/www.fiorentini.com\/it\/term-of-use\/\",\"url\":\"https:\/\/www.fiorentini.com\/it\/term-of-use\/\",\"name\":\"Termini di utilizzo - Pietro Fiorentini\",\"isPartOf\":{\"@id\":\"https:\/\/\/\/www.fiorentini.com\/it\/www.fiorentini.com\/it\/www.fiorentini.com\/it\/en\/#website\"},\"primaryImageOfPage\":{\"@id\":\"https:\/\/www.fiorentini.com\/it\/term-of-use\/#primaryimage\"},\"image\":{\"@id\":\"https:\/\/www.fiorentini.com\/it\/term-of-use\/#primaryimage\"},\"thumbnailUrl\":\"https:\/\/www.fiorentini.com\/wp-content\/uploads\/2021\/04\/01_legal.jpeg\",\"datePublished\":\"2020-11-18T16:22:40+00:00\",\"dateModified\":\"2022-05-12T10:23:35+00:00\",\"description\":\"Per una navigazione sicura, consulta i termini di utilizzo tra l\u2019utente e Pietro Fiorentini S.p.A.\",\"breadcrumb\":{\"@id\":\"https:\/\/www.fiorentini.com\/it\/term-of-use\/#breadcrumb\"},\"inLanguage\":\"it-IT\",\"potentialAction\":[{\"@type\":\"ReadAction\",\"target\":[\"https:\/\/www.fiorentini.com\/it\/term-of-use\/\"]}]},{\"@type\":\"ImageObject\",\"inLanguage\":\"it-IT\",\"@id\":\"https:\/\/www.fiorentini.com\/it\/term-of-use\/#primaryimage\",\"url\":\"https:\/\/www.fiorentini.com\/wp-content\/uploads\/2021\/04\/01_legal.jpeg\",\"contentUrl\":\"https:\/\/www.fiorentini.com\/wp-content\/uploads\/2021\/04\/01_legal.jpeg\",\"width\":1920,\"height\":288},{\"@type\":\"BreadcrumbList\",\"@id\":\"https:\/\/www.fiorentini.com\/it\/term-of-use\/#breadcrumb\",\"itemListElement\":[{\"@type\":\"ListItem\",\"position\":1,\"name\":\"Home\",\"item\":\"https:\/\/www.fiorentini.com\/it\/\"},{\"@type\":\"ListItem\",\"position\":2,\"name\":\"Termini di utilizzo\"}]},{\"@type\":\"WebSite\",\"@id\":\"https:\/\/\/\/www.fiorentini.com\/it\/www.fiorentini.com\/it\/www.fiorentini.com\/it\/en\/#website\",\"url\":\"https:\/\/\/\/www.fiorentini.com\/it\/www.fiorentini.com\/it\/www.fiorentini.com\/it\/en\/\",\"name\":\"Pietro Fiorentini\",\"description\":\"\",\"publisher\":{\"@id\":\"https:\/\/\/\/www.fiorentini.com\/it\/www.fiorentini.com\/it\/www.fiorentini.com\/it\/en\/#organization\"},\"potentialAction\":[{\"@type\":\"SearchAction\",\"target\":{\"@type\":\"EntryPoint\",\"urlTemplate\":\"https:\/\/\/\/www.fiorentini.com\/it\/www.fiorentini.com\/it\/www.fiorentini.com\/it\/en\/?s={search_term_string}\"},\"query-input\":{\"@type\":\"PropertyValueSpecification\",\"valueRequired\":true,\"valueName\":\"search_term_string\"}}],\"inLanguage\":\"it-IT\"},{\"@type\":\"Organization\",\"@id\":\"https:\/\/\/\/www.fiorentini.com\/it\/www.fiorentini.com\/it\/www.fiorentini.com\/it\/en\/#organization\",\"name\":\"Pietro Fiorentini\",\"url\":\"https:\/\/\/\/www.fiorentini.com\/it\/www.fiorentini.com\/it\/www.fiorentini.com\/it\/en\/\",\"logo\":{\"@type\":\"ImageObject\",\"inLanguage\":\"it-IT\",\"@id\":\"https:\/\/\/\/www.fiorentini.com\/it\/www.fiorentini.com\/it\/www.fiorentini.com\/it\/en\/#\/schema\/logo\/image\/\",\"url\":\"https:\/\/www.fiorentini.com\/wp-content\/uploads\/2020\/11\/logo.svg\",\"contentUrl\":\"https:\/\/www.fiorentini.com\/wp-content\/uploads\/2020\/11\/logo.svg\",\"width\":227,\"height\":59,\"caption\":\"Pietro Fiorentini\"},\"image\":{\"@id\":\"https:\/\/\/\/www.fiorentini.com\/it\/www.fiorentini.com\/it\/www.fiorentini.com\/it\/en\/#\/schema\/logo\/image\/\"}}]}<\/script>\n<!-- \/ Yoast SEO plugin. -->","yoast_head_json":{"title":"Termini di utilizzo - Pietro Fiorentini","description":"Per una navigazione sicura, consulta i termini di utilizzo tra l\u2019utente e Pietro Fiorentini S.p.A.","robots":{"index":"index","follow":"follow","max-snippet":"max-snippet:-1","max-image-preview":"max-image-preview:large","max-video-preview":"max-video-preview:-1"},"canonical":"https:\/\/www.fiorentini.com\/it\/term-of-use\/","og_locale":"it_IT","og_type":"article","og_title":"Termini di utilizzo - Pietro Fiorentini","og_description":"Per una navigazione sicura, consulta i termini di utilizzo tra l\u2019utente e Pietro Fiorentini S.p.A.","og_url":"https:\/\/www.fiorentini.com\/it\/term-of-use\/","og_site_name":"Pietro Fiorentini","article_modified_time":"2022-05-12T10:23:35+00:00","og_image":[{"width":1920,"height":288,"url":"https:\/\/www.fiorentini.com\/wp-content\/uploads\/2021\/04\/01_legal.jpeg","type":"image\/jpeg"}],"twitter_card":"summary_large_image","twitter_misc":{"Tempo di lettura stimato":"3 minuti"},"schema":{"@context":"https:\/\/schema.org","@graph":[{"@type":"WebPage","@id":"https:\/\/www.fiorentini.com\/it\/term-of-use\/","url":"https:\/\/www.fiorentini.com\/it\/term-of-use\/","name":"Termini di utilizzo - Pietro Fiorentini","isPartOf":{"@id":"https:\/\/\/\/www.fiorentini.com\/it\/it\/www.fiorentini.com\/it\/it\/www.fiorentini.com\/it\/it\/en\/#website"},"primaryImageOfPage":{"@id":"https:\/\/www.fiorentini.com\/it\/term-of-use\/#primaryimage"},"image":{"@id":"https:\/\/www.fiorentini.com\/it\/term-of-use\/#primaryimage"},"thumbnailUrl":"https:\/\/www.fiorentini.com\/wp-content\/uploads\/2021\/04\/01_legal.jpeg","datePublished":"2020-11-18T16:22:40+00:00","dateModified":"2022-05-12T10:23:35+00:00","description":"Per una navigazione sicura, consulta i termini di utilizzo tra l\u2019utente e Pietro Fiorentini S.p.A.","breadcrumb":{"@id":"https:\/\/www.fiorentini.com\/it\/term-of-use\/#breadcrumb"},"inLanguage":"it-IT","potentialAction":[{"@type":"ReadAction","target":["https:\/\/www.fiorentini.com\/it\/term-of-use\/"]}]},{"@type":"ImageObject","inLanguage":"it-IT","@id":"https:\/\/www.fiorentini.com\/it\/term-of-use\/#primaryimage","url":"https:\/\/www.fiorentini.com\/wp-content\/uploads\/2021\/04\/01_legal.jpeg","contentUrl":"https:\/\/www.fiorentini.com\/wp-content\/uploads\/2021\/04\/01_legal.jpeg","width":1920,"height":288},{"@type":"BreadcrumbList","@id":"https:\/\/www.fiorentini.com\/it\/term-of-use\/#breadcrumb","itemListElement":[{"@type":"ListItem","position":1,"name":"Home","item":"https:\/\/www.fiorentini.com\/it\/"},{"@type":"ListItem","position":2,"name":"Termini di utilizzo"}]},{"@type":"WebSite","@id":"https:\/\/\/\/www.fiorentini.com\/it\/it\/www.fiorentini.com\/it\/it\/www.fiorentini.com\/it\/it\/en\/#website","url":"https:\/\/\/\/www.fiorentini.com\/it\/it\/www.fiorentini.com\/it\/it\/www.fiorentini.com\/it\/it\/en\/","name":"Pietro Fiorentini","description":"","publisher":{"@id":"https:\/\/\/\/www.fiorentini.com\/it\/www.fiorentini.com\/it\/www.fiorentini.com\/it\/en\/#organization"},"potentialAction":[{"@type":"SearchAction","target":{"@type":"EntryPoint","urlTemplate":"https:\/\/\/\/www.fiorentini.com\/it\/it\/www.fiorentini.com\/it\/it\/www.fiorentini.com\/it\/it\/en\/?s={search_term_string}"},"query-input":{"@type":"PropertyValueSpecification","valueRequired":true,"valueName":"search_term_string"}}],"inLanguage":"it-IT"},{"@type":"Organization","@id":"https:\/\/\/\/www.fiorentini.com\/it\/it\/www.fiorentini.com\/it\/it\/www.fiorentini.com\/it\/it\/en\/#organization","name":"Pietro Fiorentini","url":"https:\/\/\/\/www.fiorentini.com\/it\/it\/www.fiorentini.com\/it\/it\/www.fiorentini.com\/it\/it\/en\/","logo":{"@type":"ImageObject","inLanguage":"it-IT","@id":"https:\/\/\/\/www.fiorentini.com\/it\/it\/www.fiorentini.com\/it\/it\/www.fiorentini.com\/it\/it\/en\/#\/schema\/logo\/image\/","url":"https:\/\/www.fiorentini.com\/wp-content\/uploads\/2020\/11\/logo.svg","contentUrl":"https:\/\/www.fiorentini.com\/wp-content\/uploads\/2020\/11\/logo.svg","width":227,"height":59,"caption":"Pietro Fiorentini"},"image":{"@id":"https:\/\/\/\/www.fiorentini.com\/it\/it\/www.fiorentini.com\/it\/it\/www.fiorentini.com\/it\/it\/en\/#\/schema\/logo\/image\/"}}]}},"_links":{"self":[{"href":"https:\/\/www.fiorentini.com\/it\/wp-json\/wp\/v2\/pages\/11030","targetHints":{"allow":["GET"]}}],"collection":[{"href":"https:\/\/www.fiorentini.com\/it\/wp-json\/wp\/v2\/pages"}],"about":[{"href":"https:\/\/www.fiorentini.com\/it\/wp-json\/wp\/v2\/types\/page"}],"author":[{"embeddable":true,"href":"https:\/\/www.fiorentini.com\/it\/wp-json\/wp\/v2\/users\/12"}],"replies":[{"embeddable":true,"href":"https:\/\/www.fiorentini.com\/it\/wp-json\/wp\/v2\/comments?post=11030"}],"version-history":[{"count":10,"href":"https:\/\/www.fiorentini.com\/it\/wp-json\/wp\/v2\/pages\/11030\/revisions"}],"predecessor-version":[{"id":15187,"href":"https:\/\/www.fiorentini.com\/it\/wp-json\/wp\/v2\/pages\/11030\/revisions\/15187"}],"wp:featuredmedia":[{"embeddable":true,"href":"https:\/\/www.fiorentini.com\/it\/wp-json\/wp\/v2\/media\/11506"}],"wp:attachment":[{"href":"https:\/\/www.fiorentini.com\/it\/wp-json\/wp\/v2\/media?parent=11030"}],"curies":[{"name":"wp","href":"https:\/\/api.w.org\/{rel}","templated":true}]}}